{"id":775,"date":"2021-08-30T14:43:26","date_gmt":"2021-08-30T14:43:26","guid":{"rendered":"http:\/\/extincor.pt\/sinalizacao-e-iluminacao-de-emergencia\/"},"modified":"2022-03-30T12:57:05","modified_gmt":"2022-03-30T12:57:05","slug":"signalisation-et-eclairage-durgence","status":"publish","type":"page","link":"https:\/\/extincor.pt\/fr\/signalisation-et-eclairage-durgence\/","title":{"rendered":"Signalisation et \u00e9clairage d&rsquo;urgence"},"content":{"rendered":"\t\t<div data-elementor-type=\"wp-page\" data-elementor-id=\"775\" class=\"elementor elementor-775 elementor-732\" data-elementor-settings=\"[]\">\n\t\t\t\t\t\t\t<div class=\"elementor-section-wrap\">\n\t\t\t\t\t\t\t<section class=\"elementor-section elementor-top-section elementor-element elementor-element-00340a0 dsvy-col-stretched-none dsvy-bg-color-over-image elementor-section-boxed elementor-section-height-default elementor-section-height-default\" data-id=\"00340a0\" data-element_type=\"section\">\n\t\t\t\t\t\t<div class=\"elementor-container elementor-column-gap-default\">\n\t\t\t\t\t<div class=\"elementor-column elementor-col-100 elementor-top-column elementor-element elementor-element-5d84816 dsvy-bg-color-over-image\" data-id=\"5d84816\" data-element_type=\"column\">\n\t\t\t<div class=\"elementor-widget-wrap elementor-element-populated\">\n\t\t\t\t\t\t\t\t<div class=\"elementor-element elementor-element-a1a705f elementor-widget elementor-widget-spacer\" data-id=\"a1a705f\" data-element_type=\"widget\" data-widget_type=\"spacer.default\">\n\t\t\t\t<div class=\"elementor-widget-container\">\n\t\t\t\t\t<div class=\"elementor-spacer\">\n\t\t\t<div class=\"elementor-spacer-inner\"><\/div>\n\t\t<\/div>\n\t\t\t\t<\/div>\n\t\t\t\t<\/div>\n\t\t\t\t\t<\/div>\n\t\t<\/div>\n\t\t\t\t\t\t\t<\/div>\n\t\t<\/section>\n\t\t\t\t<section class=\"elementor-section elementor-top-section elementor-element elementor-element-93bbfd7 dsvy-col-stretched-none dsvy-bg-color-over-image elementor-section-boxed elementor-section-height-default elementor-section-height-default\" data-id=\"93bbfd7\" data-element_type=\"section\">\n\t\t\t\t\t\t<div class=\"elementor-container elementor-column-gap-default\">\n\t\t\t\t\t<div class=\"elementor-column elementor-col-100 elementor-top-column elementor-element elementor-element-f446c82 dsvy-bg-color-over-image\" data-id=\"f446c82\" data-element_type=\"column\">\n\t\t\t<div class=\"elementor-widget-wrap elementor-element-populated\">\n\t\t\t\t\t\t\t\t<div class=\"elementor-element elementor-element-43f26e4 elementor-widget elementor-widget-shortcode\" data-id=\"43f26e4\" data-element_type=\"widget\" data-widget_type=\"shortcode.default\">\n\t\t\t\t<div class=\"elementor-widget-container\">\n\t\t\t          <div class=\"row\">\r\n                        <div class=\"dsvy-ele dsvy-ele-team dsvy-team-style-2 col-sm-6 col-md-4 col-xs-12\">\r\n              <div class=\"iservicos designervily-ele designervily-ele-team dsvy-team-style-2 servicos-style\">\r\n                <div class=\"img designervily-post-item\">\r\n\t\t\t\t\t<div class=\"designervily-team-image-box servicos-image-box\">\r\n\t\t\t\t\t\t<a href=\"https:\/\/extincor.pt\/fr\/service\/sinalizacao-de-obrigacao-e-informacao\/\">\r\n\t\t\t\t\t\t<div class=\"designervily-box-social-links\">\r\n\t\t\t\t\t\t\r\n\t\t\t\t\t\t\t<ul class=\"dsvy-social-links dsvy-team-social-links ul-servicos\">\r\n\t\t\t\t\t\t\t<a class=\"servicos-image-link\" href=\"https:\/\/extincor.pt\/fr\/service\/sinalizacao-de-obrigacao-e-informacao\/\">\r\n\t\t\t\t\t\t\t\t<li class=\"dsvy-social-li top-servicos\">\r\n\t\t\t\t\t\t\t\t\t<span><i class=\"fa fa-plus\"><\/i><\/span>\r\n\t\t\t\t\t\t\t\t<\/li>\r\n\t\t\t\t\t\t\t\t<li class=\"dsvy-social-li bottom-servicos\">\r\n\t\t\t\t\t\t\t\t\t<span><p class=\"titulo\">Signalisation d\u2019Obligations et d\u2019Informations<\/p><\/span>\r\n\t\t\t\t\t\t\t\t<\/li>\r\n\t\t\t\t\t\t\t\t<\/a>\r\n\t\t  \t\t\t\t\t<\/ul>\r\n\t\t  \t\t\t\t\r\n\t\t  \t\t\t\t<\/div>\r\n\t\t\t\t\t\t<div class=\"dsvy-featured-wrapper\">\r\n\t\t\t\t\t\t\t<img src=\"https:\/\/extincor.pt\/wp-content\/uploads\/2021\/11\/sign-wc-only-disabled-allowed-smoking-1024x692.jpg\" alt=\"Signalisation d\u2019Obligations et d\u2019Informations\" \/>\t\t\t\t\t\t<\/div>\t\r\n\t\t\t\t\t\t<\/a>\r\n\t\t\t\t\t<\/div>\r\n                <\/div>             \r\n              <\/div>\r\n            <\/div>\r\n                      <div class=\"dsvy-ele dsvy-ele-team dsvy-team-style-2 col-sm-6 col-md-4 col-xs-12\">\r\n              <div class=\"iservicos designervily-ele designervily-ele-team dsvy-team-style-2 servicos-style\">\r\n                <div class=\"img designervily-post-item\">\r\n\t\t\t\t\t<div class=\"designervily-team-image-box servicos-image-box\">\r\n\t\t\t\t\t\t<a href=\"https:\/\/extincor.pt\/fr\/service\/sinalizacao-de-combate-contra-incendio\/\">\r\n\t\t\t\t\t\t<div class=\"designervily-box-social-links\">\r\n\t\t\t\t\t\t\r\n\t\t\t\t\t\t\t<ul class=\"dsvy-social-links dsvy-team-social-links ul-servicos\">\r\n\t\t\t\t\t\t\t<a class=\"servicos-image-link\" href=\"https:\/\/extincor.pt\/fr\/service\/sinalizacao-de-combate-contra-incendio\/\">\r\n\t\t\t\t\t\t\t\t<li class=\"dsvy-social-li top-servicos\">\r\n\t\t\t\t\t\t\t\t\t<span><i class=\"fa fa-plus\"><\/i><\/span>\r\n\t\t\t\t\t\t\t\t<\/li>\r\n\t\t\t\t\t\t\t\t<li class=\"dsvy-social-li bottom-servicos\">\r\n\t\t\t\t\t\t\t\t\t<span><p class=\"titulo\">Signalisation de Lutte Contre l\u2019Incendie<\/p><\/span>\r\n\t\t\t\t\t\t\t\t<\/li>\r\n\t\t\t\t\t\t\t\t<\/a>\r\n\t\t  \t\t\t\t\t<\/ul>\r\n\t\t  \t\t\t\t\r\n\t\t  \t\t\t\t<\/div>\r\n\t\t\t\t\t\t<div class=\"dsvy-featured-wrapper\">\r\n\t\t\t\t\t\t\t<img src=\"https:\/\/extincor.pt\/wp-content\/uploads\/2021\/11\/combate-incendio-02.jpg\" alt=\"Signalisation de Lutte Contre l\u2019Incendie\" \/>\t\t\t\t\t\t<\/div>\t\r\n\t\t\t\t\t\t<\/a>\r\n\t\t\t\t\t<\/div>\r\n                <\/div>             \r\n              <\/div>\r\n            <\/div>\r\n                      <div class=\"dsvy-ele dsvy-ele-team dsvy-team-style-2 col-sm-6 col-md-4 col-xs-12\">\r\n              <div class=\"iservicos designervily-ele designervily-ele-team dsvy-team-style-2 servicos-style\">\r\n                <div class=\"img designervily-post-item\">\r\n\t\t\t\t\t<div class=\"designervily-team-image-box servicos-image-box\">\r\n\t\t\t\t\t\t<a href=\"https:\/\/extincor.pt\/fr\/service\/sinalizacao-de-perigo\/\">\r\n\t\t\t\t\t\t<div class=\"designervily-box-social-links\">\r\n\t\t\t\t\t\t\r\n\t\t\t\t\t\t\t<ul class=\"dsvy-social-links dsvy-team-social-links ul-servicos\">\r\n\t\t\t\t\t\t\t<a class=\"servicos-image-link\" href=\"https:\/\/extincor.pt\/fr\/service\/sinalizacao-de-perigo\/\">\r\n\t\t\t\t\t\t\t\t<li class=\"dsvy-social-li top-servicos\">\r\n\t\t\t\t\t\t\t\t\t<span><i class=\"fa fa-plus\"><\/i><\/span>\r\n\t\t\t\t\t\t\t\t<\/li>\r\n\t\t\t\t\t\t\t\t<li class=\"dsvy-social-li bottom-servicos\">\r\n\t\t\t\t\t\t\t\t\t<span><p class=\"titulo\">Signalisation de Danger<\/p><\/span>\r\n\t\t\t\t\t\t\t\t<\/li>\r\n\t\t\t\t\t\t\t\t<\/a>\r\n\t\t  \t\t\t\t\t<\/ul>\r\n\t\t  \t\t\t\t\r\n\t\t  \t\t\t\t<\/div>\r\n\t\t\t\t\t\t<div class=\"dsvy-featured-wrapper\">\r\n\t\t\t\t\t\t\t<img src=\"https:\/\/extincor.pt\/wp-content\/uploads\/2021\/11\/yellow-danger-sign-black-striped-wall-1024x550.jpg\" alt=\"Signalisation de Danger\" \/>\t\t\t\t\t\t<\/div>\t\r\n\t\t\t\t\t\t<\/a>\r\n\t\t\t\t\t<\/div>\r\n                <\/div>             \r\n              <\/div>\r\n            <\/div>\r\n                      <div class=\"dsvy-ele dsvy-ele-team dsvy-team-style-2 col-sm-6 col-md-4 col-xs-12\">\r\n              <div class=\"iservicos designervily-ele designervily-ele-team dsvy-team-style-2 servicos-style\">\r\n                <div class=\"img designervily-post-item\">\r\n\t\t\t\t\t<div class=\"designervily-team-image-box servicos-image-box\">\r\n\t\t\t\t\t\t<a href=\"https:\/\/extincor.pt\/fr\/service\/sinalizacao-de-emergencia\/\">\r\n\t\t\t\t\t\t<div class=\"designervily-box-social-links\">\r\n\t\t\t\t\t\t\r\n\t\t\t\t\t\t\t<ul class=\"dsvy-social-links dsvy-team-social-links ul-servicos\">\r\n\t\t\t\t\t\t\t<a class=\"servicos-image-link\" href=\"https:\/\/extincor.pt\/fr\/service\/sinalizacao-de-emergencia\/\">\r\n\t\t\t\t\t\t\t\t<li class=\"dsvy-social-li top-servicos\">\r\n\t\t\t\t\t\t\t\t\t<span><i class=\"fa fa-plus\"><\/i><\/span>\r\n\t\t\t\t\t\t\t\t<\/li>\r\n\t\t\t\t\t\t\t\t<li class=\"dsvy-social-li bottom-servicos\">\r\n\t\t\t\t\t\t\t\t\t<span><p class=\"titulo\">Signalisation d\u2019Urgence<\/p><\/span>\r\n\t\t\t\t\t\t\t\t<\/li>\r\n\t\t\t\t\t\t\t\t<\/a>\r\n\t\t  \t\t\t\t\t<\/ul>\r\n\t\t  \t\t\t\t\r\n\t\t  \t\t\t\t<\/div>\r\n\t\t\t\t\t\t<div class=\"dsvy-featured-wrapper\">\r\n\t\t\t\t\t\t\t<img src=\"https:\/\/extincor.pt\/wp-content\/uploads\/2021\/11\/light-fire-alarm-system-ceiling-production-room-1024x683.jpg\" alt=\"Signalisation d\u2019Urgence\" \/>\t\t\t\t\t\t<\/div>\t\r\n\t\t\t\t\t\t<\/a>\r\n\t\t\t\t\t<\/div>\r\n                <\/div>             \r\n              <\/div>\r\n            <\/div>\r\n                      <div class=\"dsvy-ele dsvy-ele-team dsvy-team-style-2 col-sm-6 col-md-4 col-xs-12\">\r\n              <div class=\"iservicos designervily-ele designervily-ele-team dsvy-team-style-2 servicos-style\">\r\n                <div class=\"img designervily-post-item\">\r\n\t\t\t\t\t<div class=\"designervily-team-image-box servicos-image-box\">\r\n\t\t\t\t\t\t<a href=\"https:\/\/extincor.pt\/fr\/service\/iluminacao-de-emergencia-2\/\">\r\n\t\t\t\t\t\t<div class=\"designervily-box-social-links\">\r\n\t\t\t\t\t\t\r\n\t\t\t\t\t\t\t<ul class=\"dsvy-social-links dsvy-team-social-links ul-servicos\">\r\n\t\t\t\t\t\t\t<a class=\"servicos-image-link\" href=\"https:\/\/extincor.pt\/fr\/service\/iluminacao-de-emergencia-2\/\">\r\n\t\t\t\t\t\t\t\t<li class=\"dsvy-social-li top-servicos\">\r\n\t\t\t\t\t\t\t\t\t<span><i class=\"fa fa-plus\"><\/i><\/span>\r\n\t\t\t\t\t\t\t\t<\/li>\r\n\t\t\t\t\t\t\t\t<li class=\"dsvy-social-li bottom-servicos\">\r\n\t\t\t\t\t\t\t\t\t<span><p class=\"titulo\">\u00c9clairage d\u2019Urgence<\/p><\/span>\r\n\t\t\t\t\t\t\t\t<\/li>\r\n\t\t\t\t\t\t\t\t<\/a>\r\n\t\t  \t\t\t\t\t<\/ul>\r\n\t\t  \t\t\t\t\r\n\t\t  \t\t\t\t<\/div>\r\n\t\t\t\t\t\t<div class=\"dsvy-featured-wrapper\">\r\n\t\t\t\t\t\t\t<img src=\"https:\/\/extincor.pt\/wp-content\/uploads\/2021\/11\/hot-flame-fire-green-fire-escape-sign-hang-ceiling-office-night-1024x645.jpg\" alt=\"\u00c9clairage d\u2019Urgence\" \/>\t\t\t\t\t\t<\/div>\t\r\n\t\t\t\t\t\t<\/a>\r\n\t\t\t\t\t<\/div>\r\n                <\/div>             \r\n              <\/div>\r\n            <\/div>\r\n                      <div class=\"dsvy-ele dsvy-ele-team dsvy-team-style-2 col-sm-6 col-md-4 col-xs-12\">\r\n              <div class=\"iservicos designervily-ele designervily-ele-team dsvy-team-style-2 servicos-style\">\r\n                <div class=\"img designervily-post-item\">\r\n\t\t\t\t\t<div class=\"designervily-team-image-box servicos-image-box\">\r\n\t\t\t\t\t\t<a href=\"https:\/\/extincor.pt\/fr\/service\/plantas-de-emergencia\/\">\r\n\t\t\t\t\t\t<div class=\"designervily-box-social-links\">\r\n\t\t\t\t\t\t\r\n\t\t\t\t\t\t\t<ul class=\"dsvy-social-links dsvy-team-social-links ul-servicos\">\r\n\t\t\t\t\t\t\t<a class=\"servicos-image-link\" href=\"https:\/\/extincor.pt\/fr\/service\/plantas-de-emergencia\/\">\r\n\t\t\t\t\t\t\t\t<li class=\"dsvy-social-li top-servicos\">\r\n\t\t\t\t\t\t\t\t\t<span><i class=\"fa fa-plus\"><\/i><\/span>\r\n\t\t\t\t\t\t\t\t<\/li>\r\n\t\t\t\t\t\t\t\t<li class=\"dsvy-social-li bottom-servicos\">\r\n\t\t\t\t\t\t\t\t\t<span><p class=\"titulo\">Plans d\u2019Urgence<\/p><\/span>\r\n\t\t\t\t\t\t\t\t<\/li>\r\n\t\t\t\t\t\t\t\t<\/a>\r\n\t\t  \t\t\t\t\t<\/ul>\r\n\t\t  \t\t\t\t\r\n\t\t  \t\t\t\t<\/div>\r\n\t\t\t\t\t\t<div class=\"dsvy-featured-wrapper\">\r\n\t\t\t\t\t\t\t<img src=\"https:\/\/extincor.pt\/wp-content\/uploads\/2021\/11\/planta_emergencia.jpg\" alt=\"Plans d\u2019Urgence\" \/>\t\t\t\t\t\t<\/div>\t\r\n\t\t\t\t\t\t<\/a>\r\n\t\t\t\t\t<\/div>\r\n                <\/div>             \r\n              <\/div>\r\n            <\/div>\r\n                    <\/div>\r\n                <\/div>\r\n      <\/section>\r\n\t\t<div class=\"elementor-shortcode\"><\/div>\n\t\t\t\t<\/div>\n\t\t\t\t<\/div>\n\t\t\t\t\t<\/div>\n\t\t<\/div>\n\t\t\t\t\t\t\t<\/div>\n\t\t<\/section>\n\t\t\t\t\t\t<\/div>\n\t\t\t\t\t<\/div>\n\t\t","protected":false},"excerpt":{"rendered":"","protected":false},"author":1,"featured_media":0,"parent":0,"menu_order":15,"comment_status":"closed","ping_status":"closed","template":"","meta":[],"yoast_head":"<!-- This site is optimized with the Yoast SEO plugin v17.5 - https:\/\/yoast.com\/wordpress\/plugins\/seo\/ -->\n<title>\u00c9clairage d&#039;Urgence et Signalisation - Extin\u00e7or<\/title>\n<meta name=\"description\" content=\"L&#039;installation d&#039;un \u00e9clairage d&#039;urgence peut vous aider \u00e0 r\u00e9duire le risque de catastrophe. C&#039;est l&#039;un des meilleurs moyens d&#039;informer.\" \/>\n<meta name=\"robots\" content=\"index, follow, max-snippet:-1, max-image-preview:large, max-video-preview:-1\" \/>\n<link rel=\"canonical\" href=\"https:\/\/extincor.pt\/fr\/signalisation-et-eclairage-durgence\/\" \/>\n<meta property=\"og:locale\" content=\"fr_FR\" \/>\n<meta property=\"og:type\" content=\"article\" \/>\n<meta property=\"og:title\" content=\"\u00c9clairage d&#039;Urgence et Signalisation - Extin\u00e7or\" \/>\n<meta property=\"og:description\" content=\"L&#039;installation d&#039;un \u00e9clairage d&#039;urgence peut vous aider \u00e0 r\u00e9duire le risque de catastrophe. C&#039;est l&#039;un des meilleurs moyens d&#039;informer.\" \/>\n<meta property=\"og:url\" content=\"https:\/\/extincor.pt\/fr\/signalisation-et-eclairage-durgence\/\" \/>\n<meta property=\"og:site_name\" content=\"Extin\u00e7or - Engenharia e Seguran\u00e7a, Lda. - Ponta Delgada\" \/>\n<meta property=\"article:modified_time\" content=\"2022-03-30T12:57:05+00:00\" \/>\n<meta name=\"twitter:card\" content=\"summary_large_image\" \/>\n<script type=\"application\/ld+json\" class=\"yoast-schema-graph\">{\"@context\":\"https:\/\/schema.org\",\"@graph\":[{\"@type\":\"WebSite\",\"@id\":\"https:\/\/extincor.pt\/#website\",\"url\":\"https:\/\/extincor.pt\/\",\"name\":\"Extin\\u00e7or - Engenharia e Seguran\\u00e7a, Lda. - Ponta Delgada\",\"description\":\"Comercializa\\u00e7\\u00e3o e manuten\\u00e7\\u00e3o de extintores - Ponta Delgada\",\"potentialAction\":[{\"@type\":\"SearchAction\",\"target\":{\"@type\":\"EntryPoint\",\"urlTemplate\":\"https:\/\/extincor.pt\/?s={search_term_string}\"},\"query-input\":\"required name=search_term_string\"}],\"inLanguage\":\"fr-FR\"},{\"@type\":\"WebPage\",\"@id\":\"https:\/\/extincor.pt\/fr\/signalisation-et-eclairage-durgence\/#webpage\",\"url\":\"https:\/\/extincor.pt\/fr\/signalisation-et-eclairage-durgence\/\",\"name\":\"\\u00c9clairage d'Urgence et Signalisation - Extin\\u00e7or\",\"isPartOf\":{\"@id\":\"https:\/\/extincor.pt\/#website\"},\"datePublished\":\"2021-08-30T14:43:26+00:00\",\"dateModified\":\"2022-03-30T12:57:05+00:00\",\"description\":\"L'installation d'un \\u00e9clairage d'urgence peut vous aider \\u00e0 r\\u00e9duire le risque de catastrophe. C'est l'un des meilleurs moyens d'informer.\",\"breadcrumb\":{\"@id\":\"https:\/\/extincor.pt\/fr\/signalisation-et-eclairage-durgence\/#breadcrumb\"},\"inLanguage\":\"fr-FR\",\"potentialAction\":[{\"@type\":\"ReadAction\",\"target\":[\"https:\/\/extincor.pt\/fr\/signalisation-et-eclairage-durgence\/\"]}]},{\"@type\":\"BreadcrumbList\",\"@id\":\"https:\/\/extincor.pt\/fr\/signalisation-et-eclairage-durgence\/#breadcrumb\",\"itemListElement\":[{\"@type\":\"ListItem\",\"position\":1,\"name\":\"Home\",\"item\":\"https:\/\/extincor.pt\/fr\/\"},{\"@type\":\"ListItem\",\"position\":2,\"name\":\"Signalisation et \\u00e9clairage d&rsquo;urgence\"}]}]}<\/script>\n<!-- \/ Yoast SEO plugin. -->","yoast_head_json":{"title":"\u00c9clairage d'Urgence et Signalisation - Extin\u00e7or","description":"L'installation d'un \u00e9clairage d'urgence peut vous aider \u00e0 r\u00e9duire le risque de catastrophe. C'est l'un des meilleurs moyens d'informer.","robots":{"index":"index","follow":"follow","max-snippet":"max-snippet:-1","max-image-preview":"max-image-preview:large","max-video-preview":"max-video-preview:-1"},"canonical":"https:\/\/extincor.pt\/fr\/signalisation-et-eclairage-durgence\/","og_locale":"fr_FR","og_type":"article","og_title":"\u00c9clairage d'Urgence et Signalisation - Extin\u00e7or","og_description":"L'installation d'un \u00e9clairage d'urgence peut vous aider \u00e0 r\u00e9duire le risque de catastrophe. C'est l'un des meilleurs moyens d'informer.","og_url":"https:\/\/extincor.pt\/fr\/signalisation-et-eclairage-durgence\/","og_site_name":"Extin\u00e7or - Engenharia e Seguran\u00e7a, Lda. - Ponta Delgada","article_modified_time":"2022-03-30T12:57:05+00:00","twitter_card":"summary_large_image","schema":{"@context":"https:\/\/schema.org","@graph":[{"@type":"WebSite","@id":"https:\/\/extincor.pt\/#website","url":"https:\/\/extincor.pt\/","name":"Extin\u00e7or - Engenharia e Seguran\u00e7a, Lda. - Ponta Delgada","description":"Comercializa\u00e7\u00e3o e manuten\u00e7\u00e3o de extintores - Ponta Delgada","potentialAction":[{"@type":"SearchAction","target":{"@type":"EntryPoint","urlTemplate":"https:\/\/extincor.pt\/?s={search_term_string}"},"query-input":"required name=search_term_string"}],"inLanguage":"fr-FR"},{"@type":"WebPage","@id":"https:\/\/extincor.pt\/fr\/signalisation-et-eclairage-durgence\/#webpage","url":"https:\/\/extincor.pt\/fr\/signalisation-et-eclairage-durgence\/","name":"\u00c9clairage d'Urgence et Signalisation - Extin\u00e7or","isPartOf":{"@id":"https:\/\/extincor.pt\/#website"},"datePublished":"2021-08-30T14:43:26+00:00","dateModified":"2022-03-30T12:57:05+00:00","description":"L'installation d'un \u00e9clairage d'urgence peut vous aider \u00e0 r\u00e9duire le risque de catastrophe. C'est l'un des meilleurs moyens d'informer.","breadcrumb":{"@id":"https:\/\/extincor.pt\/fr\/signalisation-et-eclairage-durgence\/#breadcrumb"},"inLanguage":"fr-FR","potentialAction":[{"@type":"ReadAction","target":["https:\/\/extincor.pt\/fr\/signalisation-et-eclairage-durgence\/"]}]},{"@type":"BreadcrumbList","@id":"https:\/\/extincor.pt\/fr\/signalisation-et-eclairage-durgence\/#breadcrumb","itemListElement":[{"@type":"ListItem","position":1,"name":"Home","item":"https:\/\/extincor.pt\/fr\/"},{"@type":"ListItem","position":2,"name":"Signalisation et \u00e9clairage d&rsquo;urgence"}]}]}},"_links":{"self":[{"href":"https:\/\/extincor.pt\/fr\/wp-json\/wp\/v2\/pages\/775"}],"collection":[{"href":"https:\/\/extincor.pt\/fr\/wp-json\/wp\/v2\/pages"}],"about":[{"href":"https:\/\/extincor.pt\/fr\/wp-json\/wp\/v2\/types\/page"}],"author":[{"embeddable":true,"href":"https:\/\/extincor.pt\/fr\/wp-json\/wp\/v2\/users\/1"}],"replies":[{"embeddable":true,"href":"https:\/\/extincor.pt\/fr\/wp-json\/wp\/v2\/comments?post=775"}],"version-history":[{"count":2,"href":"https:\/\/extincor.pt\/fr\/wp-json\/wp\/v2\/pages\/775\/revisions"}],"predecessor-version":[{"id":2439,"href":"https:\/\/extincor.pt\/fr\/wp-json\/wp\/v2\/pages\/775\/revisions\/2439"}],"wp:attachment":[{"href":"https:\/\/extincor.pt\/fr\/wp-json\/wp\/v2\/media?parent=775"}],"curies":[{"name":"wp","href":"https:\/\/api.w.org\/{rel}","templated":true}]}}