{"id":773,"date":"2021-08-30T14:42:44","date_gmt":"2021-08-30T14:42:44","guid":{"rendered":"http:\/\/extincor.pt\/seguranca-contra-intrusao\/"},"modified":"2022-03-30T12:50:03","modified_gmt":"2022-03-30T12:50:03","slug":"securite-contre-le-vol","status":"publish","type":"page","link":"https:\/\/extincor.pt\/fr\/securite-contre-le-vol\/","title":{"rendered":"S\u00e9curit\u00e9 contre les intrusions"},"content":{"rendered":"\t\t<div data-elementor-type=\"wp-page\" data-elementor-id=\"773\" class=\"elementor elementor-773 elementor-728\" data-elementor-settings=\"[]\">\n\t\t\t\t\t\t\t<div class=\"elementor-section-wrap\">\n\t\t\t\t\t\t\t<section class=\"elementor-section elementor-top-section elementor-element elementor-element-00340a0 dsvy-col-stretched-none dsvy-bg-color-over-image elementor-section-boxed elementor-section-height-default elementor-section-height-default\" data-id=\"00340a0\" data-element_type=\"section\">\n\t\t\t\t\t\t<div class=\"elementor-container elementor-column-gap-default\">\n\t\t\t\t\t<div class=\"elementor-column elementor-col-100 elementor-top-column elementor-element elementor-element-5d84816 dsvy-bg-color-over-image\" data-id=\"5d84816\" data-element_type=\"column\">\n\t\t\t<div class=\"elementor-widget-wrap elementor-element-populated\">\n\t\t\t\t\t\t\t\t<div class=\"elementor-element elementor-element-a1a705f elementor-widget elementor-widget-spacer\" data-id=\"a1a705f\" data-element_type=\"widget\" data-widget_type=\"spacer.default\">\n\t\t\t\t<div class=\"elementor-widget-container\">\n\t\t\t\t\t<div class=\"elementor-spacer\">\n\t\t\t<div class=\"elementor-spacer-inner\"><\/div>\n\t\t<\/div>\n\t\t\t\t<\/div>\n\t\t\t\t<\/div>\n\t\t\t\t\t<\/div>\n\t\t<\/div>\n\t\t\t\t\t\t\t<\/div>\n\t\t<\/section>\n\t\t\t\t<section class=\"elementor-section elementor-top-section elementor-element elementor-element-4352a32 dsvy-col-stretched-none dsvy-bg-color-over-image elementor-section-boxed elementor-section-height-default elementor-section-height-default\" data-id=\"4352a32\" data-element_type=\"section\">\n\t\t\t\t\t\t<div class=\"elementor-container elementor-column-gap-default\">\n\t\t\t\t\t<div class=\"elementor-column elementor-col-100 elementor-top-column elementor-element elementor-element-d9b9a80 dsvy-bg-color-over-image\" data-id=\"d9b9a80\" data-element_type=\"column\">\n\t\t\t<div class=\"elementor-widget-wrap elementor-element-populated\">\n\t\t\t\t\t\t\t\t<div class=\"elementor-element elementor-element-29ae7d6 elementor-widget elementor-widget-shortcode\" data-id=\"29ae7d6\" data-element_type=\"widget\" data-widget_type=\"shortcode.default\">\n\t\t\t\t<div class=\"elementor-widget-container\">\n\t\t\t          <div class=\"row\">\r\n                        <div class=\"dsvy-ele dsvy-ele-team dsvy-team-style-2 col-sm-6 col-md-4 col-xs-12\">\r\n              <div class=\"iservicos designervily-ele designervily-ele-team dsvy-team-style-2 servicos-style\">\r\n                <div class=\"img designervily-post-item\">\r\n\t\t\t\t\t<div class=\"designervily-team-image-box servicos-image-box\">\r\n\t\t\t\t\t\t<a href=\"https:\/\/extincor.pt\/fr\/service\/sistemas-antipanico-de-chamadas-de-emergencia\/\">\r\n\t\t\t\t\t\t<div class=\"designervily-box-social-links\">\r\n\t\t\t\t\t\t\r\n\t\t\t\t\t\t\t<ul class=\"dsvy-social-links dsvy-team-social-links ul-servicos\">\r\n\t\t\t\t\t\t\t<a class=\"servicos-image-link\" href=\"https:\/\/extincor.pt\/fr\/service\/sistemas-antipanico-de-chamadas-de-emergencia\/\">\r\n\t\t\t\t\t\t\t\t<li class=\"dsvy-social-li top-servicos\">\r\n\t\t\t\t\t\t\t\t\t<span><i class=\"fa fa-plus\"><\/i><\/span>\r\n\t\t\t\t\t\t\t\t<\/li>\r\n\t\t\t\t\t\t\t\t<li class=\"dsvy-social-li bottom-servicos\">\r\n\t\t\t\t\t\t\t\t\t<span><p class=\"titulo\">Syst\u00e8mes d&rsquo;Appel d&rsquo;Urgence Anti-Panique<\/p><\/span>\r\n\t\t\t\t\t\t\t\t<\/li>\r\n\t\t\t\t\t\t\t\t<\/a>\r\n\t\t  \t\t\t\t\t<\/ul>\r\n\t\t  \t\t\t\t\r\n\t\t  \t\t\t\t<\/div>\r\n\t\t\t\t\t\t<div class=\"dsvy-featured-wrapper\">\r\n\t\t\t\t\t\t\t<img src=\"https:\/\/extincor.pt\/wp-content\/uploads\/2021\/11\/shop-NC951-1.jpg\" alt=\"Syst\u00e8mes d&rsquo;Appel d&rsquo;Urgence Anti-Panique\" \/>\t\t\t\t\t\t<\/div>\t\r\n\t\t\t\t\t\t<\/a>\r\n\t\t\t\t\t<\/div>\r\n                <\/div>             \r\n              <\/div>\r\n            <\/div>\r\n                      <div class=\"dsvy-ele dsvy-ele-team dsvy-team-style-2 col-sm-6 col-md-4 col-xs-12\">\r\n              <div class=\"iservicos designervily-ele designervily-ele-team dsvy-team-style-2 servicos-style\">\r\n                <div class=\"img designervily-post-item\">\r\n\t\t\t\t\t<div class=\"designervily-team-image-box servicos-image-box\">\r\n\t\t\t\t\t\t<a href=\"https:\/\/extincor.pt\/fr\/service\/portas-de-seguranca\/\">\r\n\t\t\t\t\t\t<div class=\"designervily-box-social-links\">\r\n\t\t\t\t\t\t\r\n\t\t\t\t\t\t\t<ul class=\"dsvy-social-links dsvy-team-social-links ul-servicos\">\r\n\t\t\t\t\t\t\t<a class=\"servicos-image-link\" href=\"https:\/\/extincor.pt\/fr\/service\/portas-de-seguranca\/\">\r\n\t\t\t\t\t\t\t\t<li class=\"dsvy-social-li top-servicos\">\r\n\t\t\t\t\t\t\t\t\t<span><i class=\"fa fa-plus\"><\/i><\/span>\r\n\t\t\t\t\t\t\t\t<\/li>\r\n\t\t\t\t\t\t\t\t<li class=\"dsvy-social-li bottom-servicos\">\r\n\t\t\t\t\t\t\t\t\t<span><p class=\"titulo\">Portes de s\u00e9curit\u00e9<\/p><\/span>\r\n\t\t\t\t\t\t\t\t<\/li>\r\n\t\t\t\t\t\t\t\t<\/a>\r\n\t\t  \t\t\t\t\t<\/ul>\r\n\t\t  \t\t\t\t\r\n\t\t  \t\t\t\t<\/div>\r\n\t\t\t\t\t\t<div class=\"dsvy-featured-wrapper\">\r\n\t\t\t\t\t\t\t<img src=\"https:\/\/extincor.pt\/wp-content\/uploads\/2021\/11\/Portas-de-seguranca.jpg\" alt=\"Portes de s\u00e9curit\u00e9\" \/>\t\t\t\t\t\t<\/div>\t\r\n\t\t\t\t\t\t<\/a>\r\n\t\t\t\t\t<\/div>\r\n                <\/div>             \r\n              <\/div>\r\n            <\/div>\r\n                      <div class=\"dsvy-ele dsvy-ele-team dsvy-team-style-2 col-sm-6 col-md-4 col-xs-12\">\r\n              <div class=\"iservicos designervily-ele designervily-ele-team dsvy-team-style-2 servicos-style\">\r\n                <div class=\"img designervily-post-item\">\r\n\t\t\t\t\t<div class=\"designervily-team-image-box servicos-image-box\">\r\n\t\t\t\t\t\t<a href=\"https:\/\/extincor.pt\/fr\/service\/sistemas-para-controlo-de-acessos\/\">\r\n\t\t\t\t\t\t<div class=\"designervily-box-social-links\">\r\n\t\t\t\t\t\t\r\n\t\t\t\t\t\t\t<ul class=\"dsvy-social-links dsvy-team-social-links ul-servicos\">\r\n\t\t\t\t\t\t\t<a class=\"servicos-image-link\" href=\"https:\/\/extincor.pt\/fr\/service\/sistemas-para-controlo-de-acessos\/\">\r\n\t\t\t\t\t\t\t\t<li class=\"dsvy-social-li top-servicos\">\r\n\t\t\t\t\t\t\t\t\t<span><i class=\"fa fa-plus\"><\/i><\/span>\r\n\t\t\t\t\t\t\t\t<\/li>\r\n\t\t\t\t\t\t\t\t<li class=\"dsvy-social-li bottom-servicos\">\r\n\t\t\t\t\t\t\t\t\t<span><p class=\"titulo\">Syst\u00e8mes de Contr\u00f4le d\u2019Acc\u00e8s<\/p><\/span>\r\n\t\t\t\t\t\t\t\t<\/li>\r\n\t\t\t\t\t\t\t\t<\/a>\r\n\t\t  \t\t\t\t\t<\/ul>\r\n\t\t  \t\t\t\t\r\n\t\t  \t\t\t\t<\/div>\r\n\t\t\t\t\t\t<div class=\"dsvy-featured-wrapper\">\r\n\t\t\t\t\t\t\t<img src=\"https:\/\/extincor.pt\/wp-content\/uploads\/2021\/11\/univer_controloacessos_07.jpg\" alt=\"Syst\u00e8mes de Contr\u00f4le d\u2019Acc\u00e8s\" \/>\t\t\t\t\t\t<\/div>\t\r\n\t\t\t\t\t\t<\/a>\r\n\t\t\t\t\t<\/div>\r\n                <\/div>             \r\n              <\/div>\r\n            <\/div>\r\n                      <div class=\"dsvy-ele dsvy-ele-team dsvy-team-style-2 col-sm-6 col-md-4 col-xs-12\">\r\n              <div class=\"iservicos designervily-ele designervily-ele-team dsvy-team-style-2 servicos-style\">\r\n                <div class=\"img designervily-post-item\">\r\n\t\t\t\t\t<div class=\"designervily-team-image-box servicos-image-box\">\r\n\t\t\t\t\t\t<a href=\"https:\/\/extincor.pt\/fr\/service\/sistemas-de-detecao-de-intrusao-e-alarme\/\">\r\n\t\t\t\t\t\t<div class=\"designervily-box-social-links\">\r\n\t\t\t\t\t\t\r\n\t\t\t\t\t\t\t<ul class=\"dsvy-social-links dsvy-team-social-links ul-servicos\">\r\n\t\t\t\t\t\t\t<a class=\"servicos-image-link\" href=\"https:\/\/extincor.pt\/fr\/service\/sistemas-de-detecao-de-intrusao-e-alarme\/\">\r\n\t\t\t\t\t\t\t\t<li class=\"dsvy-social-li top-servicos\">\r\n\t\t\t\t\t\t\t\t\t<span><i class=\"fa fa-plus\"><\/i><\/span>\r\n\t\t\t\t\t\t\t\t<\/li>\r\n\t\t\t\t\t\t\t\t<li class=\"dsvy-social-li bottom-servicos\">\r\n\t\t\t\t\t\t\t\t\t<span><p class=\"titulo\">Syst\u00e8mes de D\u00e9tection d\u2019Intrusion et Alarme<\/p><\/span>\r\n\t\t\t\t\t\t\t\t<\/li>\r\n\t\t\t\t\t\t\t\t<\/a>\r\n\t\t  \t\t\t\t\t<\/ul>\r\n\t\t  \t\t\t\t\r\n\t\t  \t\t\t\t<\/div>\r\n\t\t\t\t\t\t<div class=\"dsvy-featured-wrapper\">\r\n\t\t\t\t\t\t\t<img src=\"https:\/\/extincor.pt\/wp-content\/uploads\/2021\/11\/cctv-security-online-camera-with-house-plan-1024x683.jpg\" alt=\"Syst\u00e8mes de D\u00e9tection d\u2019Intrusion et Alarme\" \/>\t\t\t\t\t\t<\/div>\t\r\n\t\t\t\t\t\t<\/a>\r\n\t\t\t\t\t<\/div>\r\n                <\/div>             \r\n              <\/div>\r\n            <\/div>\r\n                      <div class=\"dsvy-ele dsvy-ele-team dsvy-team-style-2 col-sm-6 col-md-4 col-xs-12\">\r\n              <div class=\"iservicos designervily-ele designervily-ele-team dsvy-team-style-2 servicos-style\">\r\n                <div class=\"img designervily-post-item\">\r\n\t\t\t\t\t<div class=\"designervily-team-image-box servicos-image-box\">\r\n\t\t\t\t\t\t<a href=\"https:\/\/extincor.pt\/fr\/service\/sistemas-de-videovigilancia\/\">\r\n\t\t\t\t\t\t<div class=\"designervily-box-social-links\">\r\n\t\t\t\t\t\t\r\n\t\t\t\t\t\t\t<ul class=\"dsvy-social-links dsvy-team-social-links ul-servicos\">\r\n\t\t\t\t\t\t\t<a class=\"servicos-image-link\" href=\"https:\/\/extincor.pt\/fr\/service\/sistemas-de-videovigilancia\/\">\r\n\t\t\t\t\t\t\t\t<li class=\"dsvy-social-li top-servicos\">\r\n\t\t\t\t\t\t\t\t\t<span><i class=\"fa fa-plus\"><\/i><\/span>\r\n\t\t\t\t\t\t\t\t<\/li>\r\n\t\t\t\t\t\t\t\t<li class=\"dsvy-social-li bottom-servicos\">\r\n\t\t\t\t\t\t\t\t\t<span><p class=\"titulo\">Syst\u00e8mes de vid\u00e9osurveillance<\/p><\/span>\r\n\t\t\t\t\t\t\t\t<\/li>\r\n\t\t\t\t\t\t\t\t<\/a>\r\n\t\t  \t\t\t\t\t<\/ul>\r\n\t\t  \t\t\t\t\r\n\t\t  \t\t\t\t<\/div>\r\n\t\t\t\t\t\t<div class=\"dsvy-featured-wrapper\">\r\n\t\t\t\t\t\t\t<img src=\"https:\/\/extincor.pt\/wp-content\/uploads\/2021\/11\/videovigil.jpg\" alt=\"Syst\u00e8mes de vid\u00e9osurveillance\" \/>\t\t\t\t\t\t<\/div>\t\r\n\t\t\t\t\t\t<\/a>\r\n\t\t\t\t\t<\/div>\r\n                <\/div>             \r\n              <\/div>\r\n            <\/div>\r\n                    <\/div>\r\n                <\/div>\r\n      <\/section>\r\n\t\t<div class=\"elementor-shortcode\"><\/div>\n\t\t\t\t<\/div>\n\t\t\t\t<\/div>\n\t\t\t\t\t<\/div>\n\t\t<\/div>\n\t\t\t\t\t\t\t<\/div>\n\t\t<\/section>\n\t\t\t\t\t\t<\/div>\n\t\t\t\t\t<\/div>\n\t\t","protected":false},"excerpt":{"rendered":"","protected":false},"author":1,"featured_media":0,"parent":0,"menu_order":15,"comment_status":"closed","ping_status":"closed","template":"","meta":[],"yoast_head":"<!-- This site is optimized with the Yoast SEO plugin v17.5 - https:\/\/yoast.com\/wordpress\/plugins\/seo\/ -->\n<title>S\u00e9curit\u00e9 Contre le Vol - Extin\u00e7or<\/title>\n<meta name=\"description\" content=\"Un syst\u00e8me de s\u00e9curit\u00e9 contre le vol garantit votre protection contre tout type de intrusion. Prot\u00e9gez-vous, votre famille et votre maison.\" \/>\n<meta name=\"robots\" content=\"index, follow, max-snippet:-1, max-image-preview:large, max-video-preview:-1\" \/>\n<link rel=\"canonical\" href=\"https:\/\/extincor.pt\/fr\/securite-contre-le-vol\/\" \/>\n<meta property=\"og:locale\" content=\"fr_FR\" \/>\n<meta property=\"og:type\" content=\"article\" \/>\n<meta property=\"og:title\" content=\"S\u00e9curit\u00e9 Contre le Vol - Extin\u00e7or\" \/>\n<meta property=\"og:description\" content=\"Un syst\u00e8me de s\u00e9curit\u00e9 contre le vol garantit votre protection contre tout type de intrusion. Prot\u00e9gez-vous, votre famille et votre maison.\" \/>\n<meta property=\"og:url\" content=\"https:\/\/extincor.pt\/fr\/securite-contre-le-vol\/\" \/>\n<meta property=\"og:site_name\" content=\"Extin\u00e7or - Engenharia e Seguran\u00e7a, Lda. - Ponta Delgada\" \/>\n<meta property=\"article:modified_time\" content=\"2022-03-30T12:50:03+00:00\" \/>\n<meta name=\"twitter:card\" content=\"summary_large_image\" \/>\n<script type=\"application\/ld+json\" class=\"yoast-schema-graph\">{\"@context\":\"https:\/\/schema.org\",\"@graph\":[{\"@type\":\"WebSite\",\"@id\":\"https:\/\/extincor.pt\/#website\",\"url\":\"https:\/\/extincor.pt\/\",\"name\":\"Extin\\u00e7or - Engenharia e Seguran\\u00e7a, Lda. - Ponta Delgada\",\"description\":\"Comercializa\\u00e7\\u00e3o e manuten\\u00e7\\u00e3o de extintores - Ponta Delgada\",\"potentialAction\":[{\"@type\":\"SearchAction\",\"target\":{\"@type\":\"EntryPoint\",\"urlTemplate\":\"https:\/\/extincor.pt\/?s={search_term_string}\"},\"query-input\":\"required name=search_term_string\"}],\"inLanguage\":\"fr-FR\"},{\"@type\":\"WebPage\",\"@id\":\"https:\/\/extincor.pt\/fr\/securite-contre-le-vol\/#webpage\",\"url\":\"https:\/\/extincor.pt\/fr\/securite-contre-le-vol\/\",\"name\":\"S\\u00e9curit\\u00e9 Contre le Vol - Extin\\u00e7or\",\"isPartOf\":{\"@id\":\"https:\/\/extincor.pt\/#website\"},\"datePublished\":\"2021-08-30T14:42:44+00:00\",\"dateModified\":\"2022-03-30T12:50:03+00:00\",\"description\":\"Un syst\\u00e8me de s\\u00e9curit\\u00e9 contre le vol garantit votre protection contre tout type de intrusion. Prot\\u00e9gez-vous, votre famille et votre maison.\",\"breadcrumb\":{\"@id\":\"https:\/\/extincor.pt\/fr\/securite-contre-le-vol\/#breadcrumb\"},\"inLanguage\":\"fr-FR\",\"potentialAction\":[{\"@type\":\"ReadAction\",\"target\":[\"https:\/\/extincor.pt\/fr\/securite-contre-le-vol\/\"]}]},{\"@type\":\"BreadcrumbList\",\"@id\":\"https:\/\/extincor.pt\/fr\/securite-contre-le-vol\/#breadcrumb\",\"itemListElement\":[{\"@type\":\"ListItem\",\"position\":1,\"name\":\"Home\",\"item\":\"https:\/\/extincor.pt\/fr\/\"},{\"@type\":\"ListItem\",\"position\":2,\"name\":\"S\\u00e9curit\\u00e9 contre les intrusions\"}]}]}<\/script>\n<!-- \/ Yoast SEO plugin. -->","yoast_head_json":{"title":"S\u00e9curit\u00e9 Contre le Vol - Extin\u00e7or","description":"Un syst\u00e8me de s\u00e9curit\u00e9 contre le vol garantit votre protection contre tout type de intrusion. Prot\u00e9gez-vous, votre famille et votre maison.","robots":{"index":"index","follow":"follow","max-snippet":"max-snippet:-1","max-image-preview":"max-image-preview:large","max-video-preview":"max-video-preview:-1"},"canonical":"https:\/\/extincor.pt\/fr\/securite-contre-le-vol\/","og_locale":"fr_FR","og_type":"article","og_title":"S\u00e9curit\u00e9 Contre le Vol - Extin\u00e7or","og_description":"Un syst\u00e8me de s\u00e9curit\u00e9 contre le vol garantit votre protection contre tout type de intrusion. Prot\u00e9gez-vous, votre famille et votre maison.","og_url":"https:\/\/extincor.pt\/fr\/securite-contre-le-vol\/","og_site_name":"Extin\u00e7or - Engenharia e Seguran\u00e7a, Lda. - Ponta Delgada","article_modified_time":"2022-03-30T12:50:03+00:00","twitter_card":"summary_large_image","schema":{"@context":"https:\/\/schema.org","@graph":[{"@type":"WebSite","@id":"https:\/\/extincor.pt\/#website","url":"https:\/\/extincor.pt\/","name":"Extin\u00e7or - Engenharia e Seguran\u00e7a, Lda. - Ponta Delgada","description":"Comercializa\u00e7\u00e3o e manuten\u00e7\u00e3o de extintores - Ponta Delgada","potentialAction":[{"@type":"SearchAction","target":{"@type":"EntryPoint","urlTemplate":"https:\/\/extincor.pt\/?s={search_term_string}"},"query-input":"required name=search_term_string"}],"inLanguage":"fr-FR"},{"@type":"WebPage","@id":"https:\/\/extincor.pt\/fr\/securite-contre-le-vol\/#webpage","url":"https:\/\/extincor.pt\/fr\/securite-contre-le-vol\/","name":"S\u00e9curit\u00e9 Contre le Vol - Extin\u00e7or","isPartOf":{"@id":"https:\/\/extincor.pt\/#website"},"datePublished":"2021-08-30T14:42:44+00:00","dateModified":"2022-03-30T12:50:03+00:00","description":"Un syst\u00e8me de s\u00e9curit\u00e9 contre le vol garantit votre protection contre tout type de intrusion. Prot\u00e9gez-vous, votre famille et votre maison.","breadcrumb":{"@id":"https:\/\/extincor.pt\/fr\/securite-contre-le-vol\/#breadcrumb"},"inLanguage":"fr-FR","potentialAction":[{"@type":"ReadAction","target":["https:\/\/extincor.pt\/fr\/securite-contre-le-vol\/"]}]},{"@type":"BreadcrumbList","@id":"https:\/\/extincor.pt\/fr\/securite-contre-le-vol\/#breadcrumb","itemListElement":[{"@type":"ListItem","position":1,"name":"Home","item":"https:\/\/extincor.pt\/fr\/"},{"@type":"ListItem","position":2,"name":"S\u00e9curit\u00e9 contre les intrusions"}]}]}},"_links":{"self":[{"href":"https:\/\/extincor.pt\/fr\/wp-json\/wp\/v2\/pages\/773"}],"collection":[{"href":"https:\/\/extincor.pt\/fr\/wp-json\/wp\/v2\/pages"}],"about":[{"href":"https:\/\/extincor.pt\/fr\/wp-json\/wp\/v2\/types\/page"}],"author":[{"embeddable":true,"href":"https:\/\/extincor.pt\/fr\/wp-json\/wp\/v2\/users\/1"}],"replies":[{"embeddable":true,"href":"https:\/\/extincor.pt\/fr\/wp-json\/wp\/v2\/comments?post=773"}],"version-history":[{"count":2,"href":"https:\/\/extincor.pt\/fr\/wp-json\/wp\/v2\/pages\/773\/revisions"}],"predecessor-version":[{"id":2429,"href":"https:\/\/extincor.pt\/fr\/wp-json\/wp\/v2\/pages\/773\/revisions\/2429"}],"wp:attachment":[{"href":"https:\/\/extincor.pt\/fr\/wp-json\/wp\/v2\/media?parent=773"}],"curies":[{"name":"wp","href":"https:\/\/api.w.org\/{rel}","templated":true}]}}