{"id":767,"date":"2021-08-30T14:43:40","date_gmt":"2021-08-30T14:43:40","guid":{"rendered":"http:\/\/extincor.pt\/alojamento-local\/"},"modified":"2022-03-30T13:00:56","modified_gmt":"2022-03-30T13:00:56","slug":"hebergement-local-extincor-trousse-de-premiers-secours","status":"publish","type":"page","link":"https:\/\/extincor.pt\/fr\/hebergement-local-extincor-trousse-de-premiers-secours\/","title":{"rendered":"H\u00e9bergement local"},"content":{"rendered":"\t\t<div data-elementor-type=\"wp-page\" data-elementor-id=\"767\" class=\"elementor elementor-767 elementor-734\" data-elementor-settings=\"[]\">\n\t\t\t\t\t\t\t<div class=\"elementor-section-wrap\">\n\t\t\t\t\t\t\t<section class=\"elementor-section elementor-top-section elementor-element elementor-element-00340a0 dsvy-col-stretched-none dsvy-bg-color-over-image elementor-section-boxed elementor-section-height-default elementor-section-height-default\" data-id=\"00340a0\" data-element_type=\"section\">\n\t\t\t\t\t\t<div class=\"elementor-container elementor-column-gap-default\">\n\t\t\t\t\t<div class=\"elementor-column elementor-col-100 elementor-top-column elementor-element elementor-element-5d84816 dsvy-bg-color-over-image\" data-id=\"5d84816\" data-element_type=\"column\">\n\t\t\t<div class=\"elementor-widget-wrap elementor-element-populated\">\n\t\t\t\t\t\t\t\t<div class=\"elementor-element elementor-element-a1a705f elementor-widget elementor-widget-spacer\" data-id=\"a1a705f\" data-element_type=\"widget\" data-widget_type=\"spacer.default\">\n\t\t\t\t<div class=\"elementor-widget-container\">\n\t\t\t\t\t<div class=\"elementor-spacer\">\n\t\t\t<div class=\"elementor-spacer-inner\"><\/div>\n\t\t<\/div>\n\t\t\t\t<\/div>\n\t\t\t\t<\/div>\n\t\t\t\t\t<\/div>\n\t\t<\/div>\n\t\t\t\t\t\t\t<\/div>\n\t\t<\/section>\n\t\t\t\t<section class=\"elementor-section elementor-top-section elementor-element elementor-element-319f22d dsvy-col-stretched-none dsvy-bg-color-over-image elementor-section-boxed elementor-section-height-default elementor-section-height-default\" data-id=\"319f22d\" data-element_type=\"section\">\n\t\t\t\t\t\t<div class=\"elementor-container elementor-column-gap-default\">\n\t\t\t\t\t<div class=\"elementor-column elementor-col-100 elementor-top-column elementor-element elementor-element-228124d dsvy-bg-color-over-image\" data-id=\"228124d\" data-element_type=\"column\">\n\t\t\t<div class=\"elementor-widget-wrap elementor-element-populated\">\n\t\t\t\t\t\t\t\t<div class=\"elementor-element elementor-element-49c2b4b elementor-widget elementor-widget-shortcode\" data-id=\"49c2b4b\" data-element_type=\"widget\" data-widget_type=\"shortcode.default\">\n\t\t\t\t<div class=\"elementor-widget-container\">\n\t\t\t          <div class=\"row\">\r\n                        <div class=\"dsvy-ele dsvy-ele-team dsvy-team-style-2 col-sm-6 col-md-4 col-xs-12\">\r\n              <div class=\"iservicos designervily-ele designervily-ele-team dsvy-team-style-2 servicos-style\">\r\n                <div class=\"img designervily-post-item\">\r\n\t\t\t\t\t<div class=\"designervily-team-image-box servicos-image-box\">\r\n\t\t\t\t\t\t<a href=\"https:\/\/extincor.pt\/fr\/service\/caixa-de-primeiros-socorros\/\">\r\n\t\t\t\t\t\t<div class=\"designervily-box-social-links\">\r\n\t\t\t\t\t\t\r\n\t\t\t\t\t\t\t<ul class=\"dsvy-social-links dsvy-team-social-links ul-servicos\">\r\n\t\t\t\t\t\t\t<a class=\"servicos-image-link\" href=\"https:\/\/extincor.pt\/fr\/service\/caixa-de-primeiros-socorros\/\">\r\n\t\t\t\t\t\t\t\t<li class=\"dsvy-social-li top-servicos\">\r\n\t\t\t\t\t\t\t\t\t<span><i class=\"fa fa-plus\"><\/i><\/span>\r\n\t\t\t\t\t\t\t\t<\/li>\r\n\t\t\t\t\t\t\t\t<li class=\"dsvy-social-li bottom-servicos\">\r\n\t\t\t\t\t\t\t\t\t<span><p class=\"titulo\">Trousse de Premiers Secours<\/p><\/span>\r\n\t\t\t\t\t\t\t\t<\/li>\r\n\t\t\t\t\t\t\t\t<\/a>\r\n\t\t  \t\t\t\t\t<\/ul>\r\n\t\t  \t\t\t\t\r\n\t\t  \t\t\t\t<\/div>\r\n\t\t\t\t\t\t<div class=\"dsvy-featured-wrapper\">\r\n\t\t\t\t\t\t\t<img src=\"https:\/\/extincor.pt\/wp-content\/uploads\/2022\/03\/first-aid-kit-g53d8d2e49_1920-1024x768.jpg\" alt=\"Trousse de Premiers Secours\" \/>\t\t\t\t\t\t<\/div>\t\r\n\t\t\t\t\t\t<\/a>\r\n\t\t\t\t\t<\/div>\r\n                <\/div>             \r\n              <\/div>\r\n            <\/div>\r\n                      <div class=\"dsvy-ele dsvy-ele-team dsvy-team-style-2 col-sm-6 col-md-4 col-xs-12\">\r\n              <div class=\"iservicos designervily-ele designervily-ele-team dsvy-team-style-2 servicos-style\">\r\n                <div class=\"img designervily-post-item\">\r\n\t\t\t\t\t<div class=\"designervily-team-image-box servicos-image-box\">\r\n\t\t\t\t\t\t<a href=\"https:\/\/extincor.pt\/fr\/service\/mantas-ignifuga\/\">\r\n\t\t\t\t\t\t<div class=\"designervily-box-social-links\">\r\n\t\t\t\t\t\t\r\n\t\t\t\t\t\t\t<ul class=\"dsvy-social-links dsvy-team-social-links ul-servicos\">\r\n\t\t\t\t\t\t\t<a class=\"servicos-image-link\" href=\"https:\/\/extincor.pt\/fr\/service\/mantas-ignifuga\/\">\r\n\t\t\t\t\t\t\t\t<li class=\"dsvy-social-li top-servicos\">\r\n\t\t\t\t\t\t\t\t\t<span><i class=\"fa fa-plus\"><\/i><\/span>\r\n\t\t\t\t\t\t\t\t<\/li>\r\n\t\t\t\t\t\t\t\t<li class=\"dsvy-social-li bottom-servicos\">\r\n\t\t\t\t\t\t\t\t\t<span><p class=\"titulo\">Couvertures Ignifuges<\/p><\/span>\r\n\t\t\t\t\t\t\t\t<\/li>\r\n\t\t\t\t\t\t\t\t<\/a>\r\n\t\t  \t\t\t\t\t<\/ul>\r\n\t\t  \t\t\t\t\r\n\t\t  \t\t\t\t<\/div>\r\n\t\t\t\t\t\t<div class=\"dsvy-featured-wrapper\">\r\n\t\t\t\t\t\t\t<img src=\"https:\/\/extincor.pt\/wp-content\/uploads\/2021\/11\/pexels-francesco-ungaro-97492-1024x682.jpg\" alt=\"Couvertures Ignifuges\" \/>\t\t\t\t\t\t<\/div>\t\r\n\t\t\t\t\t\t<\/a>\r\n\t\t\t\t\t<\/div>\r\n                <\/div>             \r\n              <\/div>\r\n            <\/div>\r\n                    <\/div>\r\n                <\/div>\r\n      <\/section>\r\n\t\t<div class=\"elementor-shortcode\"><\/div>\n\t\t\t\t<\/div>\n\t\t\t\t<\/div>\n\t\t\t\t\t<\/div>\n\t\t<\/div>\n\t\t\t\t\t\t\t<\/div>\n\t\t<\/section>\n\t\t\t\t\t\t<\/div>\n\t\t\t\t\t<\/div>\n\t\t","protected":false},"excerpt":{"rendered":"","protected":false},"author":1,"featured_media":0,"parent":0,"menu_order":15,"comment_status":"closed","ping_status":"closed","template":"","meta":[],"yoast_head":"<!-- This site is optimized with the Yoast SEO plugin v17.5 - https:\/\/yoast.com\/wordpress\/plugins\/seo\/ -->\n<title>H\u00e9bergement local - Extin\u00e7or<\/title>\n<meta name=\"description\" content=\"Vous avez un h\u00e9bergement local et vous ne savez pas comment assurer la s\u00e9curit\u00e9 de vos invit\u00e9s ? Ayez une trousse de premiers secours.\" \/>\n<meta name=\"robots\" content=\"index, follow, max-snippet:-1, max-image-preview:large, max-video-preview:-1\" \/>\n<link rel=\"canonical\" href=\"https:\/\/extincor.pt\/fr\/hebergement-local-extincor-trousse-de-premiers-secours\/\" \/>\n<meta property=\"og:locale\" content=\"fr_FR\" \/>\n<meta property=\"og:type\" content=\"article\" \/>\n<meta property=\"og:title\" content=\"H\u00e9bergement local - Extin\u00e7or\" \/>\n<meta property=\"og:description\" content=\"Vous avez un h\u00e9bergement local et vous ne savez pas comment assurer la s\u00e9curit\u00e9 de vos invit\u00e9s ? Ayez une trousse de premiers secours.\" \/>\n<meta property=\"og:url\" content=\"https:\/\/extincor.pt\/fr\/hebergement-local-extincor-trousse-de-premiers-secours\/\" \/>\n<meta property=\"og:site_name\" content=\"Extin\u00e7or - Engenharia e Seguran\u00e7a, Lda. - Ponta Delgada\" \/>\n<meta property=\"article:modified_time\" content=\"2022-03-30T13:00:56+00:00\" \/>\n<meta name=\"twitter:card\" content=\"summary_large_image\" \/>\n<script type=\"application\/ld+json\" class=\"yoast-schema-graph\">{\"@context\":\"https:\/\/schema.org\",\"@graph\":[{\"@type\":\"WebSite\",\"@id\":\"https:\/\/extincor.pt\/#website\",\"url\":\"https:\/\/extincor.pt\/\",\"name\":\"Extin\\u00e7or - Engenharia e Seguran\\u00e7a, Lda. - Ponta Delgada\",\"description\":\"Comercializa\\u00e7\\u00e3o e manuten\\u00e7\\u00e3o de extintores - Ponta Delgada\",\"potentialAction\":[{\"@type\":\"SearchAction\",\"target\":{\"@type\":\"EntryPoint\",\"urlTemplate\":\"https:\/\/extincor.pt\/?s={search_term_string}\"},\"query-input\":\"required name=search_term_string\"}],\"inLanguage\":\"fr-FR\"},{\"@type\":\"WebPage\",\"@id\":\"https:\/\/extincor.pt\/fr\/hebergement-local-extincor-trousse-de-premiers-secours\/#webpage\",\"url\":\"https:\/\/extincor.pt\/fr\/hebergement-local-extincor-trousse-de-premiers-secours\/\",\"name\":\"H\\u00e9bergement local - Extin\\u00e7or\",\"isPartOf\":{\"@id\":\"https:\/\/extincor.pt\/#website\"},\"datePublished\":\"2021-08-30T14:43:40+00:00\",\"dateModified\":\"2022-03-30T13:00:56+00:00\",\"description\":\"Vous avez un h\\u00e9bergement local et vous ne savez pas comment assurer la s\\u00e9curit\\u00e9 de vos invit\\u00e9s ? Ayez une trousse de premiers secours.\",\"breadcrumb\":{\"@id\":\"https:\/\/extincor.pt\/fr\/hebergement-local-extincor-trousse-de-premiers-secours\/#breadcrumb\"},\"inLanguage\":\"fr-FR\",\"potentialAction\":[{\"@type\":\"ReadAction\",\"target\":[\"https:\/\/extincor.pt\/fr\/hebergement-local-extincor-trousse-de-premiers-secours\/\"]}]},{\"@type\":\"BreadcrumbList\",\"@id\":\"https:\/\/extincor.pt\/fr\/hebergement-local-extincor-trousse-de-premiers-secours\/#breadcrumb\",\"itemListElement\":[{\"@type\":\"ListItem\",\"position\":1,\"name\":\"Home\",\"item\":\"https:\/\/extincor.pt\/fr\/\"},{\"@type\":\"ListItem\",\"position\":2,\"name\":\"H\\u00e9bergement local\"}]}]}<\/script>\n<!-- \/ Yoast SEO plugin. -->","yoast_head_json":{"title":"H\u00e9bergement local - Extin\u00e7or","description":"Vous avez un h\u00e9bergement local et vous ne savez pas comment assurer la s\u00e9curit\u00e9 de vos invit\u00e9s ? Ayez une trousse de premiers secours.","robots":{"index":"index","follow":"follow","max-snippet":"max-snippet:-1","max-image-preview":"max-image-preview:large","max-video-preview":"max-video-preview:-1"},"canonical":"https:\/\/extincor.pt\/fr\/hebergement-local-extincor-trousse-de-premiers-secours\/","og_locale":"fr_FR","og_type":"article","og_title":"H\u00e9bergement local - Extin\u00e7or","og_description":"Vous avez un h\u00e9bergement local et vous ne savez pas comment assurer la s\u00e9curit\u00e9 de vos invit\u00e9s ? Ayez une trousse de premiers secours.","og_url":"https:\/\/extincor.pt\/fr\/hebergement-local-extincor-trousse-de-premiers-secours\/","og_site_name":"Extin\u00e7or - Engenharia e Seguran\u00e7a, Lda. - Ponta Delgada","article_modified_time":"2022-03-30T13:00:56+00:00","twitter_card":"summary_large_image","schema":{"@context":"https:\/\/schema.org","@graph":[{"@type":"WebSite","@id":"https:\/\/extincor.pt\/#website","url":"https:\/\/extincor.pt\/","name":"Extin\u00e7or - Engenharia e Seguran\u00e7a, Lda. - Ponta Delgada","description":"Comercializa\u00e7\u00e3o e manuten\u00e7\u00e3o de extintores - Ponta Delgada","potentialAction":[{"@type":"SearchAction","target":{"@type":"EntryPoint","urlTemplate":"https:\/\/extincor.pt\/?s={search_term_string}"},"query-input":"required name=search_term_string"}],"inLanguage":"fr-FR"},{"@type":"WebPage","@id":"https:\/\/extincor.pt\/fr\/hebergement-local-extincor-trousse-de-premiers-secours\/#webpage","url":"https:\/\/extincor.pt\/fr\/hebergement-local-extincor-trousse-de-premiers-secours\/","name":"H\u00e9bergement local - Extin\u00e7or","isPartOf":{"@id":"https:\/\/extincor.pt\/#website"},"datePublished":"2021-08-30T14:43:40+00:00","dateModified":"2022-03-30T13:00:56+00:00","description":"Vous avez un h\u00e9bergement local et vous ne savez pas comment assurer la s\u00e9curit\u00e9 de vos invit\u00e9s ? Ayez une trousse de premiers secours.","breadcrumb":{"@id":"https:\/\/extincor.pt\/fr\/hebergement-local-extincor-trousse-de-premiers-secours\/#breadcrumb"},"inLanguage":"fr-FR","potentialAction":[{"@type":"ReadAction","target":["https:\/\/extincor.pt\/fr\/hebergement-local-extincor-trousse-de-premiers-secours\/"]}]},{"@type":"BreadcrumbList","@id":"https:\/\/extincor.pt\/fr\/hebergement-local-extincor-trousse-de-premiers-secours\/#breadcrumb","itemListElement":[{"@type":"ListItem","position":1,"name":"Home","item":"https:\/\/extincor.pt\/fr\/"},{"@type":"ListItem","position":2,"name":"H\u00e9bergement local"}]}]}},"_links":{"self":[{"href":"https:\/\/extincor.pt\/fr\/wp-json\/wp\/v2\/pages\/767"}],"collection":[{"href":"https:\/\/extincor.pt\/fr\/wp-json\/wp\/v2\/pages"}],"about":[{"href":"https:\/\/extincor.pt\/fr\/wp-json\/wp\/v2\/types\/page"}],"author":[{"embeddable":true,"href":"https:\/\/extincor.pt\/fr\/wp-json\/wp\/v2\/users\/1"}],"replies":[{"embeddable":true,"href":"https:\/\/extincor.pt\/fr\/wp-json\/wp\/v2\/comments?post=767"}],"version-history":[{"count":2,"href":"https:\/\/extincor.pt\/fr\/wp-json\/wp\/v2\/pages\/767\/revisions"}],"predecessor-version":[{"id":2442,"href":"https:\/\/extincor.pt\/fr\/wp-json\/wp\/v2\/pages\/767\/revisions\/2442"}],"wp:attachment":[{"href":"https:\/\/extincor.pt\/fr\/wp-json\/wp\/v2\/media?parent=767"}],"curies":[{"name":"wp","href":"https:\/\/api.w.org\/{rel}","templated":true}]}}