{"id":488,"date":"2020-06-03T09:25:39","date_gmt":"2020-06-03T09:25:39","guid":{"rendered":"http:\/\/extincor.pt\/contactos\/"},"modified":"2022-03-30T10:37:48","modified_gmt":"2022-03-30T10:37:48","slug":"contacts-extincor","status":"publish","type":"page","link":"https:\/\/extincor.pt\/fr\/contacts-extincor\/","title":{"rendered":"Contacts"},"content":{"rendered":"\t\t<div data-elementor-type=\"wp-page\" data-elementor-id=\"488\" class=\"elementor elementor-488 elementor-56\" data-elementor-settings=\"[]\">\n\t\t\t\t\t\t\t<div class=\"elementor-section-wrap\">\n\t\t\t\t\t\t\t<section class=\"elementor-section elementor-top-section elementor-element elementor-element-ed521e1 elementor-section-stretched dsvy-bg-color-yes dsvy-elementor-bg-color-light dsvy-col-stretched-none dsvy-bg-color-over-image elementor-section-boxed elementor-section-height-default elementor-section-height-default\" data-id=\"ed521e1\" data-element_type=\"section\" data-settings=\"{&quot;stretch_section&quot;:&quot;section-stretched&quot;}\">\n\t\t\t\t\t\t<div class=\"elementor-container elementor-column-gap-default\">\n\t\t\t\t\t<div class=\"elementor-column elementor-col-100 elementor-top-column elementor-element elementor-element-0d73d74 dsvy-bg-color-over-image\" data-id=\"0d73d74\" data-element_type=\"column\">\n\t\t\t<div class=\"elementor-widget-wrap elementor-element-populated\">\n\t\t\t\t\t\t\t\t<div class=\"elementor-element elementor-element-ff319fa elementor-widget elementor-widget-html\" data-id=\"ff319fa\" data-element_type=\"widget\" data-widget_type=\"html.default\">\n\t\t\t\t<div class=\"elementor-widget-container\">\n\t\t\t<iframe src=\"https:\/\/www.google.com\/maps\/embed?pb=!1m18!1m12!1m3!1d3155.0110718121855!2d-25.695052884683335!3d37.74288447976535!2m3!1f0!2f0!3f0!3m2!1i1024!2i768!4f13.1!3m3!1m2!1s0xb432ae92c22e3e7%3A0xb3e11b2f58ff3e05!2sExtin%C3%A7or%20-%20Engenharia%20e%20Seguran%C3%A7a%2C%20Lda.!5e0!3m2!1spt-PT!2spt!4v1628700553192!5m2!1spt-PT!2spt\" width=\"600\" height=\"450\" style=\"border:0;\" allowfullscreen=\"\" loading=\"lazy\"><\/iframe>\t\t<\/div>\n\t\t\t\t<\/div>\n\t\t\t\t\t<\/div>\n\t\t<\/div>\n\t\t\t\t\t\t\t<\/div>\n\t\t<\/section>\n\t\t\t\t<section class=\"elementor-section elementor-top-section elementor-element elementor-element-afb8a9c dsvy-bg-color-yes dsvy-elementor-bg-color-light elementor-section-stretched dsvy-col-stretched-none dsvy-bg-color-over-image elementor-section-boxed elementor-section-height-default elementor-section-height-default\" data-id=\"afb8a9c\" data-element_type=\"section\" data-settings=\"{&quot;stretch_section&quot;:&quot;section-stretched&quot;}\">\n\t\t\t\t\t\t<div class=\"elementor-container elementor-column-gap-default\">\n\t\t\t\t\t<div class=\"elementor-column elementor-col-50 elementor-top-column elementor-element elementor-element-a348b44 dsvy-bg-color-yes dsvy-elementor-bg-color-white dsvy-bg-color-over-image\" data-id=\"a348b44\" data-element_type=\"column\">\n\t\t\t<div class=\"elementor-widget-wrap elementor-element-populated\">\n\t\t\t\t\t\t\t\t<div class=\"elementor-element elementor-element-3d97149 dsvy-heaing-style-1 dsvy-align-left elementor-widget elementor-widget-dsvy_heading\" data-id=\"3d97149\" data-element_type=\"widget\" data-widget_type=\"dsvy_heading.default\">\n\t\t\t\t<div class=\"elementor-widget-container\">\n\t\t\t\t<div class=\"dsvy-heading-subheading left-align dsvy-reverse-heading-yes\"><h4 class=\"dsvy-element-subtitle\">\r\n\t\t\t\r\n\t\t\t\tParle-nous\r\n\t\t\t\r\n\t\t\t<\/h4>\r\n\t\t<h2 class=\"dsvy-element-title\">\r\n\t\t\t\r\n\t\t\t\tFormulaire de contact\n\r\n\t\t\t\r\n\t\t\t<\/h2>\r\n\t\t<\/div>\t\t<\/div>\n\t\t\t\t<\/div>\n\t\t\t\t<div class=\"elementor-element elementor-element-f915180 elementor-widget elementor-widget-shortcode\" data-id=\"f915180\" data-element_type=\"widget\" data-widget_type=\"shortcode.default\">\n\t\t\t\t<div class=\"elementor-widget-container\">\n\t\t\t\t\t<div class=\"elementor-shortcode\"><div role=\"form\" class=\"wpcf7\" id=\"wpcf7-f458-o1\" lang=\"en-US\" dir=\"ltr\">\n<div class=\"screen-reader-response\"><p role=\"status\" aria-live=\"polite\" aria-atomic=\"true\"><\/p> <ul><\/ul><\/div>\n<form action=\"\/fr\/wp-json\/wp\/v2\/pages\/488#wpcf7-f458-o1\" method=\"post\" class=\"wpcf7-form init\" novalidate=\"novalidate\" data-status=\"init\">\n<div style=\"display: none;\">\n<input type=\"hidden\" name=\"_wpcf7\" value=\"458\" \/>\n<input type=\"hidden\" name=\"_wpcf7_version\" value=\"5.4.2\" \/>\n<input type=\"hidden\" name=\"_wpcf7_locale\" value=\"en_US\" \/>\n<input type=\"hidden\" name=\"_wpcf7_unit_tag\" value=\"wpcf7-f458-o1\" \/>\n<input type=\"hidden\" name=\"_wpcf7_container_post\" value=\"0\" \/>\n<input type=\"hidden\" name=\"_wpcf7_posted_data_hash\" value=\"\" \/>\n<\/div>\n<div class=\"main-form\">\n<div class=\"row\">\n<div class=\"col-md-6\">\n<div class=\"input-group\"><span class=\"wpcf7-form-control-wrap your-name\"><input type=\"text\" name=\"your-name\" value=\"\" size=\"40\" class=\"wpcf7-form-control wpcf7-text wpcf7-validates-as-required\" aria-required=\"true\" aria-invalid=\"false\" placeholder=\"Nom\" \/><\/span><\/div>\n<\/div>\n<div class=\"col-md-6\">\n<div class=\"input-group\"><span class=\"wpcf7-form-control-wrap your-email\"><input type=\"email\" name=\"your-email\" value=\"\" size=\"40\" class=\"wpcf7-form-control wpcf7-text wpcf7-email wpcf7-validates-as-required wpcf7-validates-as-email\" aria-required=\"true\" aria-invalid=\"false\" placeholder=\"E-mail\" \/><\/span><\/div>\n<\/div>\n<div class=\"col-md-6\">\n<div class=\"input-group\"><span class=\"wpcf7-form-control-wrap phone\"><input type=\"text\" name=\"phone\" value=\"\" size=\"40\" class=\"wpcf7-form-control wpcf7-text wpcf7-validates-as-required\" aria-required=\"true\" aria-invalid=\"false\" placeholder=\"T\u00e9l\u00e9phone\" \/><\/span><\/div>\n<\/div>\n<div class=\"col-md-6\">\n<div class=\"input-group\"><span class=\"wpcf7-form-control-wrap assunto\"><input type=\"text\" name=\"assunto\" value=\"\" size=\"40\" class=\"wpcf7-form-control wpcf7-text wpcf7-validates-as-required\" aria-required=\"true\" aria-invalid=\"false\" placeholder=\"Mati\u00e8re\" \/><\/span><\/div>\n<\/div>\n<div class=\"col-md-12\">\n<div class=\"input-group input-button\"><span class=\"wpcf7-form-control-wrap message\"><textarea name=\"message\" cols=\"40\" rows=\"4\" class=\"wpcf7-form-control wpcf7-textarea\" aria-invalid=\"false\" placeholder=\"Un message\"><\/textarea><\/span><\/div>\n<\/div>\n<p>          <span class=\"wpcf7-form-control-wrap your-consent\"><span class=\"wpcf7-form-control wpcf7-acceptance\"><span class=\"wpcf7-list-item\"><label><input type=\"checkbox\" name=\"your-consent\" value=\"1\" aria-invalid=\"false\" \/><span class=\"wpcf7-list-item-label\">J'ai lu et j'accepte le <a href=\"http:\/\/extincor.pt\/fr\/termes-et-conditions\/\">termes et conditions<\/a> et le <a href=\"http:\/\/extincor.pt\/fr\/politique-de-confidentialite\/\">Politique de confidentialit\u00e9<\/a><\/span><\/label><\/span><\/span><\/span><\/p>\n<div class=\"col-md-6\">\n<div class=\"input-group input-button\"><input type=\"submit\" value=\"Soumettre\" class=\"wpcf7-form-control wpcf7-submit btn-block\" \/>\n                  <\/div>\n<\/div>\n<\/div>\n<\/div>\n<div class=\"wpcf7-response-output\" aria-hidden=\"true\"><\/div><\/form><\/div><\/div>\n\t\t\t\t<\/div>\n\t\t\t\t<\/div>\n\t\t\t\t\t<\/div>\n\t\t<\/div>\n\t\t\t\t<div class=\"elementor-column elementor-col-50 elementor-top-column elementor-element elementor-element-3d332bd dsvy-bg-color-over-image\" data-id=\"3d332bd\" data-element_type=\"column\">\n\t\t\t<div class=\"elementor-widget-wrap elementor-element-populated\">\n\t\t\t\t\t\t\t\t<div class=\"elementor-element elementor-element-58a96a2 dsvy-heaing-style-1 dsvy-align-left elementor-widget elementor-widget-dsvy_heading\" data-id=\"58a96a2\" data-element_type=\"widget\" data-widget_type=\"dsvy_heading.default\">\n\t\t\t\t<div class=\"elementor-widget-container\">\n\t\t\t\t<div class=\"dsvy-heading-subheading left-align dsvy-reverse-heading-yes\"><h4 class=\"dsvy-element-subtitle\">\r\n\t\t\t\r\n\t\t\t\tInformation\r\n\t\t\t\r\n\t\t\t<\/h4>\r\n\t\t<h2 class=\"dsvy-element-title\">\r\n\t\t\t\r\n\t\t\t\tUtile\r\n\t\t\t\r\n\t\t\t<\/h2>\r\n\t\t<\/div>\t\t<\/div>\n\t\t\t\t<\/div>\n\t\t\t\t<div class=\"elementor-element elementor-element-5eba5ed elementor-widget elementor-widget-dsvy_icon_heading\" data-id=\"5eba5ed\" data-element_type=\"widget\" data-widget_type=\"dsvy_icon_heading.default\">\n\t\t\t\t<div class=\"elementor-widget-container\">\n\t\t\t<div class=\"dsvy-ihbox dsvy-ihbox-style-5\">\r\n<div class=\"d-flex\">\r\n\t<div class=\"dsvy-ihbox-icon\"><div class=\"dsvy-ihbox-icon-wrapper\"><i class=\"mdi mdi-location-city\"><\/i><\/div><\/div>\t<div class=\"dsvy-ihbox-contents\">\r\n\t\t<h2 class=\"dsvy-element-title\">\r\n\t\t\t\t\t\r\n\t\t\t\t\t\tAdresse\r\n\t\t\t\t\t\r\n\t\t\t\t\t<\/h2>\r\n\t\t\t\t\t\t\t\t<div class=\"dsvy-heading-desc\">R. Jos\u00e9 das Neves Ferreira 5, <br>\n9500-731 Ponta Delgada<\/div>\t\t\t<\/div><!-- .dsvy-ihbox-contents -->\r\n<\/div><\/div>\t\t<\/div>\n\t\t\t\t<\/div>\n\t\t\t\t<div class=\"elementor-element elementor-element-4c86ed3 elementor-widget elementor-widget-dsvy_icon_heading\" data-id=\"4c86ed3\" data-element_type=\"widget\" data-widget_type=\"dsvy_icon_heading.default\">\n\t\t\t\t<div class=\"elementor-widget-container\">\n\t\t\t<div class=\"dsvy-ihbox dsvy-ihbox-style-5\">\r\n<div class=\"d-flex\">\r\n\t<div class=\"dsvy-ihbox-icon\"><div class=\"dsvy-ihbox-icon-wrapper\"><i class=\"mdi mdi-local-phone\"><\/i><\/div><\/div>\t<div class=\"dsvy-ihbox-contents\">\r\n\t\t<h2 class=\"dsvy-element-title\">\r\n\t\t\t\t\t\r\n\t\t\t\t\t\tT\u00e9l\u00e9phone\r\n\t\t\t\t\t\r\n\t\t\t\t\t<\/h2>\r\n\t\t\t\t\t\t\t\t<div class=\"dsvy-heading-desc\"><a href=\"tel:296 282 690\">296 282 690<\/a>\n<\/div>\t\t\t<\/div><!-- .dsvy-ihbox-contents -->\r\n<\/div><\/div>\t\t<\/div>\n\t\t\t\t<\/div>\n\t\t\t\t<div class=\"elementor-element elementor-element-21ab017 elementor-widget elementor-widget-dsvy_icon_heading\" data-id=\"21ab017\" data-element_type=\"widget\" data-widget_type=\"dsvy_icon_heading.default\">\n\t\t\t\t<div class=\"elementor-widget-container\">\n\t\t\t<div class=\"dsvy-ihbox dsvy-ihbox-style-5\">\r\n<div class=\"d-flex\">\r\n\t<div class=\"dsvy-ihbox-icon\"><div class=\"dsvy-ihbox-icon-wrapper\"><i class=\"mdi mdi-email\"><\/i><\/div><\/div>\t<div class=\"dsvy-ihbox-contents\">\r\n\t\t<h2 class=\"dsvy-element-title\">\r\n\t\t\t\t\t\r\n\t\t\t\t\t\tE-mail\r\n\t\t\t\t\t\r\n\t\t\t\t\t<\/h2>\r\n\t\t\t\t\t\t\t\t<div class=\"dsvy-heading-desc\"><a href=\"mailto:contact@example.com\">info@extincor.pt<\/a><br \/>\n<\/div>\t\t\t<\/div><!-- .dsvy-ihbox-contents -->\r\n<\/div><\/div>\t\t<\/div>\n\t\t\t\t<\/div>\n\t\t\t\t<div class=\"elementor-element elementor-element-4adaf19 dsvy-contact-social-area elementor-widget elementor-widget-text-editor\" data-id=\"4adaf19\" data-element_type=\"widget\" data-widget_type=\"text-editor.default\">\n\t\t\t\t<div class=\"elementor-widget-container\">\n\t\t\t\t\t\t\t\t<a target=\"_blank\" href=\"https:\/\/www.facebook.com\/extincor\"><i class=\"fa fa-facebook-square\"><\/i><\/a>\n<a target=\"_blank\" href=\"https:\/\/www.instagram.com\/extincor\/\"><i class=\"fa fa-instagram\"><\/i><\/a>\n<a target=\"_blank\" href=\"https:\/\/twitter.com\/Extincor_\"><i class=\"fa fa-twitter-square\"><\/i><\/a>\n<a target=\"_blank\" href=\"https:\/\/www.youtube.com\/channel\/UCOgxbRrWiexQX73yVkeegQQ\"><i class=\"fa fa-youtube-square\"><\/i><\/a>\n<a target=\"_blank\" href=\"https:\/\/www.linkedin.com\/company\/extin%C3%A7or-engenharia-e-seguran%C3%A7a-lda\"><i class=\"fa fa-linkedin\"><\/i><\/a>\t\t\t\t\t\t<\/div>\n\t\t\t\t<\/div>\n\t\t\t\t\t<\/div>\n\t\t<\/div>\n\t\t\t\t\t\t\t<\/div>\n\t\t<\/section>\n\t\t\t\t\t\t<\/div>\n\t\t\t\t\t<\/div>\n\t\t","protected":false},"excerpt":{"rendered":"<p>Parle-nous Formulaire de contact Information Utile Adresse R. Jos\u00e9 das Neves Ferreira 5, 9500-731 Ponta Delgada T\u00e9l\u00e9phone 296 282 690 E-mail info@extincor.pt<\/p>\n","protected":false},"author":1,"featured_media":0,"parent":0,"menu_order":15,"comment_status":"closed","ping_status":"closed","template":"","meta":[],"yoast_head":"<!-- This site is optimized with the Yoast SEO plugin v17.5 - https:\/\/yoast.com\/wordpress\/plugins\/seo\/ -->\n<title>Contacts Extin\u00e7or - Engenharia e Seguran\u00e7a, Lda. - Ponta Delgada<\/title>\n<meta name=\"description\" content=\"Vous souhaitez en savoir plus sur les \u00e9quipements de s\u00e9curit\u00e9 dont nous disposons ? Prot\u00e9gez-vous et votre famille. Ce sont les contacts d&#039;Extin\u00e7or.\" \/>\n<meta name=\"robots\" content=\"index, follow, max-snippet:-1, max-image-preview:large, max-video-preview:-1\" \/>\n<link rel=\"canonical\" href=\"https:\/\/extincor.pt\/fr\/contacts-extincor\/\" \/>\n<meta property=\"og:locale\" content=\"fr_FR\" \/>\n<meta property=\"og:type\" content=\"article\" \/>\n<meta property=\"og:title\" content=\"Contacts Extin\u00e7or - Engenharia e Seguran\u00e7a, Lda. - Ponta Delgada\" \/>\n<meta property=\"og:description\" content=\"Vous souhaitez en savoir plus sur les \u00e9quipements de s\u00e9curit\u00e9 dont nous disposons ? Prot\u00e9gez-vous et votre famille. Ce sont les contacts d&#039;Extin\u00e7or.\" \/>\n<meta property=\"og:url\" content=\"https:\/\/extincor.pt\/fr\/contacts-extincor\/\" \/>\n<meta property=\"og:site_name\" content=\"Extin\u00e7or - Engenharia e Seguran\u00e7a, Lda. - Ponta Delgada\" \/>\n<meta property=\"article:modified_time\" content=\"2022-03-30T10:37:48+00:00\" \/>\n<meta name=\"twitter:card\" content=\"summary_large_image\" \/>\n<meta name=\"twitter:label1\" content=\"Est. reading time\" \/>\n\t<meta name=\"twitter:data1\" content=\"1 minute\" \/>\n<script type=\"application\/ld+json\" class=\"yoast-schema-graph\">{\"@context\":\"https:\/\/schema.org\",\"@graph\":[{\"@type\":\"WebSite\",\"@id\":\"https:\/\/extincor.pt\/#website\",\"url\":\"https:\/\/extincor.pt\/\",\"name\":\"Extin\\u00e7or - Engenharia e Seguran\\u00e7a, Lda. - Ponta Delgada\",\"description\":\"Comercializa\\u00e7\\u00e3o e manuten\\u00e7\\u00e3o de extintores - Ponta Delgada\",\"potentialAction\":[{\"@type\":\"SearchAction\",\"target\":{\"@type\":\"EntryPoint\",\"urlTemplate\":\"https:\/\/extincor.pt\/?s={search_term_string}\"},\"query-input\":\"required name=search_term_string\"}],\"inLanguage\":\"fr-FR\"},{\"@type\":\"WebPage\",\"@id\":\"https:\/\/extincor.pt\/fr\/contacts-extincor\/#webpage\",\"url\":\"https:\/\/extincor.pt\/fr\/contacts-extincor\/\",\"name\":\"Contacts Extin\\u00e7or - Engenharia e Seguran\\u00e7a, Lda. - Ponta Delgada\",\"isPartOf\":{\"@id\":\"https:\/\/extincor.pt\/#website\"},\"datePublished\":\"2020-06-03T09:25:39+00:00\",\"dateModified\":\"2022-03-30T10:37:48+00:00\",\"description\":\"Vous souhaitez en savoir plus sur les \\u00e9quipements de s\\u00e9curit\\u00e9 dont nous disposons ? Prot\\u00e9gez-vous et votre famille. Ce sont les contacts d'Extin\\u00e7or.\",\"breadcrumb\":{\"@id\":\"https:\/\/extincor.pt\/fr\/contacts-extincor\/#breadcrumb\"},\"inLanguage\":\"fr-FR\",\"potentialAction\":[{\"@type\":\"ReadAction\",\"target\":[\"https:\/\/extincor.pt\/fr\/contacts-extincor\/\"]}]},{\"@type\":\"BreadcrumbList\",\"@id\":\"https:\/\/extincor.pt\/fr\/contacts-extincor\/#breadcrumb\",\"itemListElement\":[{\"@type\":\"ListItem\",\"position\":1,\"name\":\"Home\",\"item\":\"https:\/\/extincor.pt\/fr\/\"},{\"@type\":\"ListItem\",\"position\":2,\"name\":\"Contacts\"}]}]}<\/script>\n<!-- \/ Yoast SEO plugin. -->","yoast_head_json":{"title":"Contacts Extin\u00e7or - Engenharia e Seguran\u00e7a, Lda. - Ponta Delgada","description":"Vous souhaitez en savoir plus sur les \u00e9quipements de s\u00e9curit\u00e9 dont nous disposons ? Prot\u00e9gez-vous et votre famille. Ce sont les contacts d'Extin\u00e7or.","robots":{"index":"index","follow":"follow","max-snippet":"max-snippet:-1","max-image-preview":"max-image-preview:large","max-video-preview":"max-video-preview:-1"},"canonical":"https:\/\/extincor.pt\/fr\/contacts-extincor\/","og_locale":"fr_FR","og_type":"article","og_title":"Contacts Extin\u00e7or - Engenharia e Seguran\u00e7a, Lda. - Ponta Delgada","og_description":"Vous souhaitez en savoir plus sur les \u00e9quipements de s\u00e9curit\u00e9 dont nous disposons ? Prot\u00e9gez-vous et votre famille. Ce sont les contacts d'Extin\u00e7or.","og_url":"https:\/\/extincor.pt\/fr\/contacts-extincor\/","og_site_name":"Extin\u00e7or - Engenharia e Seguran\u00e7a, Lda. - Ponta Delgada","article_modified_time":"2022-03-30T10:37:48+00:00","twitter_card":"summary_large_image","twitter_misc":{"Est. reading time":"1 minute"},"schema":{"@context":"https:\/\/schema.org","@graph":[{"@type":"WebSite","@id":"https:\/\/extincor.pt\/#website","url":"https:\/\/extincor.pt\/","name":"Extin\u00e7or - Engenharia e Seguran\u00e7a, Lda. - Ponta Delgada","description":"Comercializa\u00e7\u00e3o e manuten\u00e7\u00e3o de extintores - Ponta Delgada","potentialAction":[{"@type":"SearchAction","target":{"@type":"EntryPoint","urlTemplate":"https:\/\/extincor.pt\/?s={search_term_string}"},"query-input":"required name=search_term_string"}],"inLanguage":"fr-FR"},{"@type":"WebPage","@id":"https:\/\/extincor.pt\/fr\/contacts-extincor\/#webpage","url":"https:\/\/extincor.pt\/fr\/contacts-extincor\/","name":"Contacts Extin\u00e7or - Engenharia e Seguran\u00e7a, Lda. - Ponta Delgada","isPartOf":{"@id":"https:\/\/extincor.pt\/#website"},"datePublished":"2020-06-03T09:25:39+00:00","dateModified":"2022-03-30T10:37:48+00:00","description":"Vous souhaitez en savoir plus sur les \u00e9quipements de s\u00e9curit\u00e9 dont nous disposons ? Prot\u00e9gez-vous et votre famille. Ce sont les contacts d'Extin\u00e7or.","breadcrumb":{"@id":"https:\/\/extincor.pt\/fr\/contacts-extincor\/#breadcrumb"},"inLanguage":"fr-FR","potentialAction":[{"@type":"ReadAction","target":["https:\/\/extincor.pt\/fr\/contacts-extincor\/"]}]},{"@type":"BreadcrumbList","@id":"https:\/\/extincor.pt\/fr\/contacts-extincor\/#breadcrumb","itemListElement":[{"@type":"ListItem","position":1,"name":"Home","item":"https:\/\/extincor.pt\/fr\/"},{"@type":"ListItem","position":2,"name":"Contacts"}]}]}},"_links":{"self":[{"href":"https:\/\/extincor.pt\/fr\/wp-json\/wp\/v2\/pages\/488"}],"collection":[{"href":"https:\/\/extincor.pt\/fr\/wp-json\/wp\/v2\/pages"}],"about":[{"href":"https:\/\/extincor.pt\/fr\/wp-json\/wp\/v2\/types\/page"}],"author":[{"embeddable":true,"href":"https:\/\/extincor.pt\/fr\/wp-json\/wp\/v2\/users\/1"}],"replies":[{"embeddable":true,"href":"https:\/\/extincor.pt\/fr\/wp-json\/wp\/v2\/comments?post=488"}],"version-history":[{"count":12,"href":"https:\/\/extincor.pt\/fr\/wp-json\/wp\/v2\/pages\/488\/revisions"}],"predecessor-version":[{"id":2317,"href":"https:\/\/extincor.pt\/fr\/wp-json\/wp\/v2\/pages\/488\/revisions\/2317"}],"wp:attachment":[{"href":"https:\/\/extincor.pt\/fr\/wp-json\/wp\/v2\/media?parent=488"}],"curies":[{"name":"wp","href":"https:\/\/api.w.org\/{rel}","templated":true}]}}