{"id":487,"date":"2020-06-05T06:07:07","date_gmt":"2020-06-05T06:07:07","guid":{"rendered":"http:\/\/extincor.pt\/blog\/"},"modified":"2022-03-23T13:07:56","modified_gmt":"2022-03-23T13:07:56","slug":"blog-extincor-maison-securisee","status":"publish","type":"page","link":"https:\/\/extincor.pt\/fr\/blog-extincor-maison-securisee\/","title":{"rendered":"Blog"},"content":{"rendered":"\t\t<div data-elementor-type=\"wp-page\" data-elementor-id=\"487\" class=\"elementor elementor-487 elementor-55\" data-elementor-settings=\"[]\">\n\t\t\t\t\t\t\t<div class=\"elementor-section-wrap\">\n\t\t\t\t\t\t\t<section class=\"elementor-section elementor-top-section elementor-element elementor-element-d937f83 dsvy-col-stretched-none dsvy-bg-color-over-image elementor-section-boxed elementor-section-height-default elementor-section-height-default\" data-id=\"d937f83\" data-element_type=\"section\">\n\t\t\t\t\t\t<div class=\"elementor-container elementor-column-gap-default\">\n\t\t\t\t\t<div class=\"elementor-column elementor-col-100 elementor-top-column elementor-element elementor-element-e7d17d3 dsvy-bg-color-over-image\" data-id=\"e7d17d3\" data-element_type=\"column\">\n\t\t\t<div class=\"elementor-widget-wrap elementor-element-populated\">\n\t\t\t\t\t\t\t\t<div class=\"elementor-element elementor-element-8921a16 elementor-widget elementor-widget-dsvy_blog_element\" data-id=\"8921a16\" data-element_type=\"widget\" data-widget_type=\"dsvy_blog_element.default\">\n\t\t\t\t<div class=\"elementor-widget-container\">\n\t\t\t\r\n\t\t<div class=\"designervily-element designervily-element-blog dsvy-element-blog-style-1 designervily-element-viewtype-row-column designervily-gap-15px\" data-show=\"9\" data-columns=\"3\" data-loop=\"false\" data-autoplay=\"false\" data-center=\"false\" data-nav=\"false\" data-dots=\"false\" data-autoplayspeed=\"1000\" data-margin=\"15px\"><div class=\"designervily-element-inner\">\r\n\t\t\r\n\t\t\t<div class=\"dsvy-ele-header-area\">\r\n\t\t\t\t\t<div class=\"dsvy-heading-subheading left-align \"><\/div>\r\n\t\t\t\t\r\n\t\t\t<\/div>\r\n\r\n\t\t\t<div class=\"dsvy-element-posts-wrapper row multi-columns-row\">\r\n\r\n\t\t\t<article class=\"dsvy-ele dsvy-ele-blog dsvy-blog-style-1 col-md-4 securite dsvy-odd dsvy-col-odd\"><div class=\"post-item\">\r\n\t<div class=\"dsvy-featured-container\">\r\n\t\t<div class=\"dsvy-featured-wrapper\"><a href=\"https:\/\/extincor.pt\/fr\/comment-utiliser-un-extincteur-en-toute-securite\/\"><img loading=\"lazy\" width=\"770\" height=\"500\" src=\"https:\/\/extincor.pt\/wp-content\/uploads\/2022\/03\/A7I00962-770x500.jpg\" class=\"attachment-dsvy-img-770x500 size-dsvy-img-770x500 wp-post-image\" alt=\"\" \/><\/a><\/div>\t\t\t\r\n\t<\/div>\r\n\t<div class=\"designervily-box-content\">\t\r\n\t\t<div class=\"dsvy-meta-container\">\r\n\r\n\t\t\t<div class=\"dsvy-meta-date-wrapper dsvy-meta-line\">\t\t\t\t\t\r\n\t\t\t\t<span>23 .  Mar . 2022<\/span>\r\n\t\t\t<\/div>\t\t\t\t\r\n\r\n\t\t\t\t\t\t\t\r\n\t\t\t\t\t<\/div>\r\n\t\t<h3 class=\"dsvy-post-title\"><a href=\"https:\/\/extincor.pt\/fr\/comment-utiliser-un-extincteur-en-toute-securite\/\">Comment utiliser un extincteur en toute s\u00e9curit\u00e9<\/a><\/h3>\r\n\t\t<div class=\"designervily-box-desc\">\t\r\n\t\t\t<div class=\"dsvy-read-more-link\"><a href=\"https:\/\/extincor.pt\/fr\/comment-utiliser-un-extincteur-en-toute-securite\/\"><span>Lire la suite<\/span><\/a><\/div>\t\r\n\t\t<\/div>\r\n\t<\/div>\r\n<\/div><\/article>\r\n\t\t\t<\/div>\r\n\r\n\t\t\t\r\n\t\t\r\n\t\t<\/div><!-- .designervily-element-inner -->   <\/div><!-- .designervily-element -->  \r\n\t    \t\t<\/div>\n\t\t\t\t<\/div>\n\t\t\t\t\t<\/div>\n\t\t<\/div>\n\t\t\t\t\t\t\t<\/div>\n\t\t<\/section>\n\t\t\t\t\t\t<\/div>\n\t\t\t\t\t<\/div>\n\t\t","protected":false},"excerpt":{"rendered":"<p>03Jun20 Get The best security Out Of our Security list Read More 03Jun20 Latest Equipment For Monitoring &amp; security Read More 03Jun20 Quickly Respond To Protection Fire On Building Read More 26May20 How to manage Risk Monitoring of Event Security Read More 26May20 Benefits of Having caring Security Professional Read More 29Jun19 How We give protection for Your Event Security Read More 18Jun19 What it the Security and what Value[&hellip;]<\/p>\n","protected":false},"author":1,"featured_media":0,"parent":0,"menu_order":14,"comment_status":"closed","ping_status":"closed","template":"","meta":[],"yoast_head":"<!-- This site is optimized with the Yoast SEO plugin v17.5 - https:\/\/yoast.com\/wordpress\/plugins\/seo\/ -->\n<title>Blog - Extin\u00e7or - Engenharia e Seguran\u00e7a, Lda. - Ponta Delgada<\/title>\n<meta name=\"description\" content=\"Vous ne pouvez pas \u00eatre trop prudent lorsque nous voulons assurer une maison s\u00fbre. Ceci est notre blog, o\u00f9 votre s\u00e9curit\u00e9 passe avant tout.\" \/>\n<meta name=\"robots\" content=\"index, follow, max-snippet:-1, max-image-preview:large, max-video-preview:-1\" \/>\n<link rel=\"canonical\" href=\"https:\/\/extincor.pt\/fr\/blog-extincor-maison-securisee\/\" \/>\n<meta property=\"og:locale\" content=\"fr_FR\" \/>\n<meta property=\"og:type\" content=\"article\" \/>\n<meta property=\"og:title\" content=\"Blog - Extin\u00e7or - Engenharia e Seguran\u00e7a, Lda. - Ponta Delgada\" \/>\n<meta property=\"og:description\" content=\"Vous ne pouvez pas \u00eatre trop prudent lorsque nous voulons assurer une maison s\u00fbre. Ceci est notre blog, o\u00f9 votre s\u00e9curit\u00e9 passe avant tout.\" \/>\n<meta property=\"og:url\" content=\"https:\/\/extincor.pt\/fr\/blog-extincor-maison-securisee\/\" \/>\n<meta property=\"og:site_name\" content=\"Extin\u00e7or - Engenharia e Seguran\u00e7a, Lda. - Ponta Delgada\" \/>\n<meta property=\"article:modified_time\" content=\"2022-03-23T13:07:56+00:00\" \/>\n<meta property=\"og:image\" content=\"http:\/\/digicop.designervily.com\/demo1\/wp-content\/uploads\/sites\/2\/2020\/06\/blog-01-770x500.jpg\" \/>\n<meta name=\"twitter:card\" content=\"summary_large_image\" \/>\n<script type=\"application\/ld+json\" class=\"yoast-schema-graph\">{\"@context\":\"https:\/\/schema.org\",\"@graph\":[{\"@type\":\"WebSite\",\"@id\":\"https:\/\/extincor.pt\/#website\",\"url\":\"https:\/\/extincor.pt\/\",\"name\":\"Extin\\u00e7or - Engenharia e Seguran\\u00e7a, Lda. - Ponta Delgada\",\"description\":\"Comercializa\\u00e7\\u00e3o e manuten\\u00e7\\u00e3o de extintores - Ponta Delgada\",\"potentialAction\":[{\"@type\":\"SearchAction\",\"target\":{\"@type\":\"EntryPoint\",\"urlTemplate\":\"https:\/\/extincor.pt\/?s={search_term_string}\"},\"query-input\":\"required name=search_term_string\"}],\"inLanguage\":\"fr-FR\"},{\"@type\":\"ImageObject\",\"@id\":\"https:\/\/extincor.pt\/fr\/blog-extincor-maison-securisee\/#primaryimage\",\"inLanguage\":\"fr-FR\",\"url\":\"http:\/\/digicop.designervily.com\/demo1\/wp-content\/uploads\/sites\/2\/2020\/06\/blog-01-770x500.jpg\",\"contentUrl\":\"http:\/\/digicop.designervily.com\/demo1\/wp-content\/uploads\/sites\/2\/2020\/06\/blog-01-770x500.jpg\"},{\"@type\":\"WebPage\",\"@id\":\"https:\/\/extincor.pt\/fr\/blog-extincor-maison-securisee\/#webpage\",\"url\":\"https:\/\/extincor.pt\/fr\/blog-extincor-maison-securisee\/\",\"name\":\"Blog - Extin\\u00e7or - Engenharia e Seguran\\u00e7a, Lda. - Ponta Delgada\",\"isPartOf\":{\"@id\":\"https:\/\/extincor.pt\/#website\"},\"primaryImageOfPage\":{\"@id\":\"https:\/\/extincor.pt\/fr\/blog-extincor-maison-securisee\/#primaryimage\"},\"datePublished\":\"2020-06-05T06:07:07+00:00\",\"dateModified\":\"2022-03-23T13:07:56+00:00\",\"description\":\"Vous ne pouvez pas \\u00eatre trop prudent lorsque nous voulons assurer une maison s\\u00fbre. Ceci est notre blog, o\\u00f9 votre s\\u00e9curit\\u00e9 passe avant tout.\",\"breadcrumb\":{\"@id\":\"https:\/\/extincor.pt\/fr\/blog-extincor-maison-securisee\/#breadcrumb\"},\"inLanguage\":\"fr-FR\",\"potentialAction\":[{\"@type\":\"ReadAction\",\"target\":[\"https:\/\/extincor.pt\/fr\/blog-extincor-maison-securisee\/\"]}]},{\"@type\":\"BreadcrumbList\",\"@id\":\"https:\/\/extincor.pt\/fr\/blog-extincor-maison-securisee\/#breadcrumb\",\"itemListElement\":[{\"@type\":\"ListItem\",\"position\":1,\"name\":\"Home\",\"item\":\"https:\/\/extincor.pt\/fr\/\"},{\"@type\":\"ListItem\",\"position\":2,\"name\":\"Blog\"}]}]}<\/script>\n<!-- \/ Yoast SEO plugin. -->","yoast_head_json":{"title":"Blog - Extin\u00e7or - Engenharia e Seguran\u00e7a, Lda. - Ponta Delgada","description":"Vous ne pouvez pas \u00eatre trop prudent lorsque nous voulons assurer une maison s\u00fbre. Ceci est notre blog, o\u00f9 votre s\u00e9curit\u00e9 passe avant tout.","robots":{"index":"index","follow":"follow","max-snippet":"max-snippet:-1","max-image-preview":"max-image-preview:large","max-video-preview":"max-video-preview:-1"},"canonical":"https:\/\/extincor.pt\/fr\/blog-extincor-maison-securisee\/","og_locale":"fr_FR","og_type":"article","og_title":"Blog - Extin\u00e7or - Engenharia e Seguran\u00e7a, Lda. - Ponta Delgada","og_description":"Vous ne pouvez pas \u00eatre trop prudent lorsque nous voulons assurer une maison s\u00fbre. Ceci est notre blog, o\u00f9 votre s\u00e9curit\u00e9 passe avant tout.","og_url":"https:\/\/extincor.pt\/fr\/blog-extincor-maison-securisee\/","og_site_name":"Extin\u00e7or - Engenharia e Seguran\u00e7a, Lda. - Ponta Delgada","article_modified_time":"2022-03-23T13:07:56+00:00","og_image":[{"url":"http:\/\/digicop.designervily.com\/demo1\/wp-content\/uploads\/sites\/2\/2020\/06\/blog-01-770x500.jpg"}],"twitter_card":"summary_large_image","schema":{"@context":"https:\/\/schema.org","@graph":[{"@type":"WebSite","@id":"https:\/\/extincor.pt\/#website","url":"https:\/\/extincor.pt\/","name":"Extin\u00e7or - Engenharia e Seguran\u00e7a, Lda. - Ponta Delgada","description":"Comercializa\u00e7\u00e3o e manuten\u00e7\u00e3o de extintores - Ponta Delgada","potentialAction":[{"@type":"SearchAction","target":{"@type":"EntryPoint","urlTemplate":"https:\/\/extincor.pt\/?s={search_term_string}"},"query-input":"required name=search_term_string"}],"inLanguage":"fr-FR"},{"@type":"ImageObject","@id":"https:\/\/extincor.pt\/fr\/blog-extincor-maison-securisee\/#primaryimage","inLanguage":"fr-FR","url":"http:\/\/digicop.designervily.com\/demo1\/wp-content\/uploads\/sites\/2\/2020\/06\/blog-01-770x500.jpg","contentUrl":"http:\/\/digicop.designervily.com\/demo1\/wp-content\/uploads\/sites\/2\/2020\/06\/blog-01-770x500.jpg"},{"@type":"WebPage","@id":"https:\/\/extincor.pt\/fr\/blog-extincor-maison-securisee\/#webpage","url":"https:\/\/extincor.pt\/fr\/blog-extincor-maison-securisee\/","name":"Blog - Extin\u00e7or - Engenharia e Seguran\u00e7a, Lda. - Ponta Delgada","isPartOf":{"@id":"https:\/\/extincor.pt\/#website"},"primaryImageOfPage":{"@id":"https:\/\/extincor.pt\/fr\/blog-extincor-maison-securisee\/#primaryimage"},"datePublished":"2020-06-05T06:07:07+00:00","dateModified":"2022-03-23T13:07:56+00:00","description":"Vous ne pouvez pas \u00eatre trop prudent lorsque nous voulons assurer une maison s\u00fbre. Ceci est notre blog, o\u00f9 votre s\u00e9curit\u00e9 passe avant tout.","breadcrumb":{"@id":"https:\/\/extincor.pt\/fr\/blog-extincor-maison-securisee\/#breadcrumb"},"inLanguage":"fr-FR","potentialAction":[{"@type":"ReadAction","target":["https:\/\/extincor.pt\/fr\/blog-extincor-maison-securisee\/"]}]},{"@type":"BreadcrumbList","@id":"https:\/\/extincor.pt\/fr\/blog-extincor-maison-securisee\/#breadcrumb","itemListElement":[{"@type":"ListItem","position":1,"name":"Home","item":"https:\/\/extincor.pt\/fr\/"},{"@type":"ListItem","position":2,"name":"Blog"}]}]}},"_links":{"self":[{"href":"https:\/\/extincor.pt\/fr\/wp-json\/wp\/v2\/pages\/487"}],"collection":[{"href":"https:\/\/extincor.pt\/fr\/wp-json\/wp\/v2\/pages"}],"about":[{"href":"https:\/\/extincor.pt\/fr\/wp-json\/wp\/v2\/types\/page"}],"author":[{"embeddable":true,"href":"https:\/\/extincor.pt\/fr\/wp-json\/wp\/v2\/users\/1"}],"replies":[{"embeddable":true,"href":"https:\/\/extincor.pt\/fr\/wp-json\/wp\/v2\/comments?post=487"}],"version-history":[{"count":2,"href":"https:\/\/extincor.pt\/fr\/wp-json\/wp\/v2\/pages\/487\/revisions"}],"predecessor-version":[{"id":2311,"href":"https:\/\/extincor.pt\/fr\/wp-json\/wp\/v2\/pages\/487\/revisions\/2311"}],"wp:attachment":[{"href":"https:\/\/extincor.pt\/fr\/wp-json\/wp\/v2\/media?parent=487"}],"curies":[{"name":"wp","href":"https:\/\/api.w.org\/{rel}","templated":true}]}}