{"id":478,"date":"2020-05-30T03:47:46","date_gmt":"2020-05-30T03:47:46","guid":{"rendered":"http:\/\/extincor.pt\/sobre-nos\/"},"modified":"2022-03-23T12:58:21","modified_gmt":"2022-03-23T12:58:21","slug":"a-propos-de-nous-extinction-dincendie","status":"publish","type":"page","link":"https:\/\/extincor.pt\/fr\/a-propos-de-nous-extinction-dincendie\/","title":{"rendered":"\u00c0 propos de nous"},"content":{"rendered":"\t\t<div data-elementor-type=\"wp-page\" data-elementor-id=\"478\" class=\"elementor elementor-478 elementor-62\" data-elementor-settings=\"[]\">\n\t\t\t\t\t\t\t<div class=\"elementor-section-wrap\">\n\t\t\t\t\t\t\t<div class=\"elementor-section elementor-top-section elementor-element elementor-element-479e2789 dsvy-bg-color-yes dsvy-elementor-bg-color-white dsvy-col-stretched-none dsvy-bg-color-over-image elementor-section-boxed elementor-section-height-default elementor-section-height-default\" data-id=\"479e2789\" data-element_type=\"section\">\n\t\t\t\t\t\t<div class=\"elementor-container elementor-column-gap-default\">\n\t\t\t\t\t<div class=\"elementor-column elementor-col-50 elementor-top-column elementor-element elementor-element-77fb6875 dsvy-bg-color-over-image\" data-id=\"77fb6875\" data-element_type=\"column\">\n\t\t\t<div class=\"elementor-widget-wrap elementor-element-populated\">\n\t\t\t\t\t\t\t\t<div class=\"elementor-element elementor-element-1334e71 elementor-widget elementor-widget-dsvy_heading\" data-id=\"1334e71\" data-element_type=\"widget\" data-widget_type=\"dsvy_heading.default\">\n\t\t\t\t<div class=\"elementor-widget-container\">\n\t\t\t\t<div class=\"dsvy-heading-subheading -align dsvy-reverse-heading-yes\"><h4 class=\"dsvy-element-subtitle\">\r\n\t\t\t\r\n\t\t\t\tD\u00e9couvrez notre itin\u00e9raire\r\n\t\t\t\r\n\t\t\t<\/h4>\r\n\t\t<h2 class=\"dsvy-element-title\">\r\n\t\t\t\r\n\t\t\t\tNotre histoire\r\n\t\t\t\r\n\t\t\t<\/h2>\r\n\t\t<\/div>\t\t<\/div>\n\t\t\t\t<\/div>\n\t\t\t\t<div class=\"elementor-element elementor-element-53a7e8f elementor-widget elementor-widget-text-editor\" data-id=\"53a7e8f\" data-element_type=\"widget\" data-widget_type=\"text-editor.default\">\n\t\t\t\t<div class=\"elementor-widget-container\">\n\t\t\t\t\t\t\t\t<p>Extin\u00e7or \u2013 Engenharia e Seguran\u00e7a, Lda., dont le si\u00e8ge est sur l&rsquo;\u00eele de S\u00e3o Miguel (A\u00e7ores), a d\u00e9j\u00e0 39 ans d&rsquo;exp\u00e9rience dans plusieurs domaines li\u00e9s \u00e0 la s\u00e9curit\u00e9. Elle a commenc\u00e9 son parcours en 1982, \u00e0 travers la commercialisation et la maintenance d&rsquo;extincteurs, dont l&rsquo;activit\u00e9 reste une marque d&rsquo;entreprise. La confiance de nos clients nous a permis d&rsquo;\u00e9tendre le portefeuille de produits et services offerts \u00e0 d&rsquo;autres domaines, en plus de la s\u00e9curit\u00e9 incendie, tels que la s\u00e9curit\u00e9 intrusion et le confort et l&rsquo;efficacit\u00e9 \u00e9nerg\u00e9tique des b\u00e2timents.<\/p>\t\t\t\t\t\t<\/div>\n\t\t\t\t<\/div>\n\t\t\t\t<div class=\"elementor-element elementor-element-c3a27fc elementor-widget elementor-widget-text-editor\" data-id=\"c3a27fc\" data-element_type=\"widget\" data-widget_type=\"text-editor.default\">\n\t\t\t\t<div class=\"elementor-widget-container\">\n\t\t\t\t\t\t\t\t<p><strong>Domaines d&rsquo;expertise<\/strong><br \/><br \/>Extin\u00e7or op\u00e8re sur 4 niveaux, allant de la conception et la conception d&rsquo;une solution pour vos besoins \u00e0 la maintenance p\u00e9riodique des \u00e9quipements concern\u00e9s. Nous pouvons r\u00e9pondre \u00e0 vos besoins \u00e0 tous les niveaux.<\/p>\t\t\t\t\t\t<\/div>\n\t\t\t\t<\/div>\n\t\t\t\t\t<\/div>\n\t\t<\/div>\n\t\t\t\t<div class=\"elementor-column elementor-col-50 elementor-top-column elementor-element elementor-element-2563cbdf dsvy-bg-color-over-image\" data-id=\"2563cbdf\" data-element_type=\"column\">\n\t\t\t<div class=\"elementor-widget-wrap elementor-element-populated\">\n\t\t\t\t\t\t\t\t<section class=\"elementor-section elementor-inner-section elementor-element elementor-element-13977798 dsvy-col-stretched-none dsvy-bg-color-over-image elementor-section-boxed elementor-section-height-default elementor-section-height-default\" data-id=\"13977798\" data-element_type=\"section\">\n\t\t\t\t\t\t<div class=\"elementor-container elementor-column-gap-narrow\">\n\t\t\t\t\t<div class=\"elementor-column elementor-col-50 elementor-inner-column elementor-element elementor-element-2c20d5e7 dsvy-bg-color-over-image\" data-id=\"2c20d5e7\" data-element_type=\"column\">\n\t\t\t<div class=\"elementor-widget-wrap elementor-element-populated\">\n\t\t\t\t\t\t\t\t<div class=\"elementor-element elementor-element-187d698c dsvy-responsive-imge-1 elementor-widget elementor-widget-image\" data-id=\"187d698c\" data-element_type=\"widget\" data-widget_type=\"image.default\">\n\t\t\t\t<div class=\"elementor-widget-container\">\n\t\t\t\t\t\t\t\t\t\t\t\t\t\t\t<img width=\"2560\" height=\"1707\" src=\"https:\/\/extincor.pt\/wp-content\/uploads\/2022\/03\/A7I00986-scaled.jpg\" class=\"attachment-full size-full\" alt=\"\" loading=\"lazy\" srcset=\"https:\/\/extincor.pt\/wp-content\/uploads\/2022\/03\/A7I00986-scaled.jpg 2560w, https:\/\/extincor.pt\/wp-content\/uploads\/2022\/03\/A7I00986-300x200.jpg 300w, https:\/\/extincor.pt\/wp-content\/uploads\/2022\/03\/A7I00986-1024x683.jpg 1024w, https:\/\/extincor.pt\/wp-content\/uploads\/2022\/03\/A7I00986-768x512.jpg 768w, https:\/\/extincor.pt\/wp-content\/uploads\/2022\/03\/A7I00986-1536x1024.jpg 1536w, https:\/\/extincor.pt\/wp-content\/uploads\/2022\/03\/A7I00986-2048x1365.jpg 2048w, https:\/\/extincor.pt\/wp-content\/uploads\/2022\/03\/A7I00986-770x513.jpg 770w\" sizes=\"(max-width: 2560px) 100vw, 2560px\" \/>\t\t\t\t\t\t\t\t\t\t\t\t\t\t\t<\/div>\n\t\t\t\t<\/div>\n\t\t\t\t<div class=\"elementor-element elementor-element-fcab071 elementor-widget elementor-widget-dsvy_icon_heading\" data-id=\"fcab071\" data-element_type=\"widget\" data-widget_type=\"dsvy_icon_heading.default\">\n\t\t\t\t<div class=\"elementor-widget-container\">\n\t\t\t<div class=\"dsvy-ihbox dsvy-ihbox-style-4\"><div class=\"dsvy-ihbox-contents\">\r\n\t<div class=\"dsvy-ihbox-headingicon\">\r\n\t\t<div class=\"dsvy-ihbox-icon\"><div class=\"dsvy-ihbox-icon-wrapper\"><i class=\"dsvy-digicop-icon dsvy-digicop-icon-life-insurance\"><\/i><\/div><\/div>\t\t<div class=\"dsvy-ihbox-contents\">\r\n\t\t\t<h2 class=\"dsvy-element-title\">\r\n\t\t\t\t\t\r\n\t\t\t\t\t\tPlus de\n <span>3500<\/span> clients\r\n\t\t\t\t\t\r\n\t\t\t\t\t<\/h2>\r\n\t\t\t\t\t\t\t\t\t\t\t\t\t<div class=\"dsvy-ihbox-btn\"><a href=\"#\"><span>Read More<\/span><\/a><\/div>\t\t<\/div><!-- .dsvy-ihbox-contents -->\r\n\t<\/div>\r\n<\/div>\r\n<\/div>\t\t<\/div>\n\t\t\t\t<\/div>\n\t\t\t\t\t<\/div>\n\t\t<\/div>\n\t\t\t\t<div class=\"elementor-column elementor-col-50 elementor-inner-column elementor-element elementor-element-731e048b dsvy-empty-div-height-767 dsvy-bg-color-over-image\" data-id=\"731e048b\" data-element_type=\"column\" data-settings=\"{&quot;background_background&quot;:&quot;classic&quot;}\">\n\t\t\t<div class=\"elementor-widget-wrap\">\n\t\t\t\t\t\t\t\t\t<\/div>\n\t\t<\/div>\n\t\t\t\t\t\t\t<\/div>\n\t\t<\/section>\n\t\t\t\t\t<\/div>\n\t\t<\/div>\n\t\t\t\t\t\t\t<\/div>\n\t\t<\/div>\n\t\t\t\t<div class=\"elementor-section elementor-top-section elementor-element elementor-element-5539892f dsvy-bg-color-yes dsvy-elementor-bg-color-light elementor-section-stretched teamSection elementor-hidden-desktop elementor-hidden-tablet elementor-hidden-phone dsvy-col-stretched-none dsvy-bg-color-over-image elementor-section-boxed elementor-section-height-default elementor-section-height-default\" data-id=\"5539892f\" data-element_type=\"section\" data-settings=\"{&quot;stretch_section&quot;:&quot;section-stretched&quot;}\">\n\t\t\t\t\t\t<div class=\"elementor-container elementor-column-gap-default\">\n\t\t\t\t\t<div class=\"elementor-column elementor-col-100 elementor-top-column elementor-element elementor-element-f689737 dsvy-bg-color-over-image\" data-id=\"f689737\" data-element_type=\"column\">\n\t\t\t<div class=\"elementor-widget-wrap elementor-element-populated\">\n\t\t\t\t\t\t\t\t<div class=\"elementor-element elementor-element-eeba958 elementor-widget elementor-widget-dsvy_team_element\" data-id=\"eeba958\" data-element_type=\"widget\" data-widget_type=\"dsvy_team_element.default\">\n\t\t\t\t<div class=\"elementor-widget-container\">\n\t\t\t\r\n\t\t<div class=\"designervily-element designervily-element-team dsvy-element-team-style-2 designervily-element-viewtype-row-column designervily-gap-30px\" data-show=\"3\" data-columns=\"4\" data-loop=\"false\" data-autoplay=\"false\" data-center=\"false\" data-nav=\"false\" data-dots=\"false\" data-autoplayspeed=\"1000\" data-margin=\"30px\"><div class=\"designervily-element-inner\">\r\n\t\t\r\n\t\t\t<div class=\"dsvy-ele-header-area\">\r\n\t\t\t\t\t<div class=\"dsvy-heading-subheading center-align dsvy-reverse-heading-yes\"><h4 class=\"dsvy-element-subtitle\">\r\n\t\t\t\r\n\t\t\t\tNotre\r\n\t\t\t\r\n\t\t\t<\/h4>\r\n\t\t<h2 class=\"dsvy-element-title\">\r\n\t\t\t\r\n\t\t\t\t\u00c9quipe\r\n\t\t\t\r\n\t\t\t<\/h2>\r\n\t\t<\/div>\r\n\t\t\t\t\r\n\t\t\t<\/div>\r\n\r\n\t\t\t<div class=\"dsvy-element-posts-wrapper row multi-columns-row\">\r\n\r\n\t\t\t<article class=\"dsvy-ele dsvy-ele-team dsvy-team-style-2 col-md-6 col-lg-3   \"><article class=\"designervily-ele designervily-ele-team dsvy-team-style-2\">\r\n\t<div class=\"designervily-post-item\">\r\n\t\t<div class=\"designervily-team-image-box\">\t\t\r\n\t\t\t<div class=\"designervily-box-social-links\"><\/div>\t\r\n\t\t\t<div class=\"dsvy-featured-wrapper\"><a href=\"https:\/\/extincor.pt\/fr\/team-member\/justin-novak\/\"><img loading=\"lazy\" width=\"600\" height=\"800\" src=\"https:\/\/extincor.pt\/wp-content\/uploads\/2020\/06\/team-01-600x800.jpg\" class=\"attachment-dsvy-img-600x800 size-dsvy-img-600x800 wp-post-image\" alt=\"\" \/><\/a><\/div>\t\t<\/div>\r\n\t\t<div class=\"designervily-box-content\">\t\t\r\n\t\t\t<h3 class=\"dsvy-team-title\"><a href=\"https:\/\/extincor.pt\/fr\/team-member\/justin-novak\/\">Justin Novak<\/a><\/h3>\r\n\t\t\t<div class=\"designervily-box-team-position\">\r\n\t\t\t\t\t\t<div class=\"designervily-box-team-position\">CEO\/Founder<\/div>\r\n\t\t\t\t\t<\/div>\t\t\r\n\t\t<\/div>\t\t\r\n\t<\/div>\r\n<\/article>\r\n <\/article><article class=\"dsvy-ele dsvy-ele-team dsvy-team-style-2 col-md-6 col-lg-3   \"><article class=\"designervily-ele designervily-ele-team dsvy-team-style-2\">\r\n\t<div class=\"designervily-post-item\">\r\n\t\t<div class=\"designervily-team-image-box\">\t\t\r\n\t\t\t<div class=\"designervily-box-social-links\"><\/div>\t\r\n\t\t\t<div class=\"dsvy-featured-wrapper\"><a href=\"https:\/\/extincor.pt\/fr\/team-member\/norton-berry\/\"><img loading=\"lazy\" width=\"600\" height=\"800\" src=\"https:\/\/extincor.pt\/wp-content\/uploads\/2020\/06\/team-01-600x800.jpg\" class=\"attachment-dsvy-img-600x800 size-dsvy-img-600x800 wp-post-image\" alt=\"\" \/><\/a><\/div>\t\t<\/div>\r\n\t\t<div class=\"designervily-box-content\">\t\t\r\n\t\t\t<h3 class=\"dsvy-team-title\"><a href=\"https:\/\/extincor.pt\/fr\/team-member\/norton-berry\/\">Norton Berry<\/a><\/h3>\r\n\t\t\t<div class=\"designervily-box-team-position\">\r\n\t\t\t\t\t\t\t<\/div>\t\t\r\n\t\t<\/div>\t\t\r\n\t<\/div>\r\n<\/article>\r\n <\/article><article class=\"dsvy-ele dsvy-ele-team dsvy-team-style-2 col-md-6 col-lg-3   \"><article class=\"designervily-ele designervily-ele-team dsvy-team-style-2\">\r\n\t<div class=\"designervily-post-item\">\r\n\t\t<div class=\"designervily-team-image-box\">\t\t\r\n\t\t\t<div class=\"designervily-box-social-links\"><\/div>\t\r\n\t\t\t<div class=\"dsvy-featured-wrapper\"><a href=\"https:\/\/extincor.pt\/fr\/team-member\/edward-smith\/\"><img loading=\"lazy\" width=\"600\" height=\"800\" src=\"https:\/\/extincor.pt\/wp-content\/uploads\/2020\/06\/team-01-600x800.jpg\" class=\"attachment-dsvy-img-600x800 size-dsvy-img-600x800 wp-post-image\" alt=\"\" \/><\/a><\/div>\t\t<\/div>\r\n\t\t<div class=\"designervily-box-content\">\t\t\r\n\t\t\t<h3 class=\"dsvy-team-title\"><a href=\"https:\/\/extincor.pt\/fr\/team-member\/edward-smith\/\">Edward Smith<\/a><\/h3>\r\n\t\t\t<div class=\"designervily-box-team-position\">\r\n\t\t\t\t\t\t\t<\/div>\t\t\r\n\t\t<\/div>\t\t\r\n\t<\/div>\r\n<\/article>\r\n <\/article><article class=\"dsvy-ele dsvy-ele-team dsvy-team-style-2 col-md-6 col-lg-3   \"><article class=\"designervily-ele designervily-ele-team dsvy-team-style-2\">\r\n\t<div class=\"designervily-post-item\">\r\n\t\t<div class=\"designervily-team-image-box\">\t\t\r\n\t\t\t<div class=\"designervily-box-social-links\"><\/div>\t\r\n\t\t\t<div class=\"dsvy-featured-wrapper\"><a href=\"https:\/\/extincor.pt\/fr\/team-member\/david-beckham\/\"><img loading=\"lazy\" width=\"600\" height=\"800\" src=\"https:\/\/extincor.pt\/wp-content\/uploads\/2020\/06\/team-01-600x800.jpg\" class=\"attachment-dsvy-img-600x800 size-dsvy-img-600x800 wp-post-image\" alt=\"\" \/><\/a><\/div>\t\t<\/div>\r\n\t\t<div class=\"designervily-box-content\">\t\t\r\n\t\t\t<h3 class=\"dsvy-team-title\"><a href=\"https:\/\/extincor.pt\/fr\/team-member\/david-beckham\/\">David Beckham<\/a><\/h3>\r\n\t\t\t<div class=\"designervily-box-team-position\">\r\n\t\t\t\t\t\t\t<\/div>\t\t\r\n\t\t<\/div>\t\t\r\n\t<\/div>\r\n<\/article>\r\n <\/article>\r\n\t\t\t<\/div>\r\n\r\n\t\t\t\r\n\t\t\r\n\t\t<\/div><!-- .designervily-element-inner -->   <\/div><!-- .designervily-element -->  \r\n\t    \t\t<\/div>\n\t\t\t\t<\/div>\n\t\t\t\t\t<\/div>\n\t\t<\/div>\n\t\t\t\t\t\t\t<\/div>\n\t\t<\/div>\n\t\t\t\t\t\t<\/div>\n\t\t\t\t\t<\/div>\n\t\t","protected":false},"excerpt":{"rendered":"<p>D\u00e9couvrez notre itin\u00e9raire Notre histoire Extin\u00e7or \u2013 Engenharia e Seguran\u00e7a, Lda., dont le si\u00e8ge est sur l&rsquo;\u00eele de S\u00e3o Miguel (A\u00e7ores), a d\u00e9j\u00e0 39 ans d&rsquo;exp\u00e9rience dans plusieurs domaines li\u00e9s \u00e0 la s\u00e9curit\u00e9. Elle a commenc\u00e9 son parcours en 1982, \u00e0 travers la commercialisation et la maintenance d&rsquo;extincteurs, dont l&rsquo;activit\u00e9 reste une marque d&rsquo;entreprise. La confiance de nos clients nous a permis d&rsquo;\u00e9tendre le portefeuille de produits et services offerts[&hellip;]<\/p>\n","protected":false},"author":1,"featured_media":0,"parent":0,"menu_order":4,"comment_status":"closed","ping_status":"closed","template":"elementor_header_footer","meta":[],"yoast_head":"<!-- This site is optimized with the Yoast SEO plugin v17.5 - https:\/\/yoast.com\/wordpress\/plugins\/seo\/ -->\n<title>\u00c0 propos de nous - Extin\u00e7or - Engenharia e Seguran\u00e7a, Lda. - Ponta Delgada<\/title>\n<meta name=\"description\" content=\"Avec 40 ans d&#039;exp\u00e9rience, sommes une entreprise d&#039;extincteurs et d&#039;\u00e9quipements de s\u00e9curit\u00e9 qui op\u00e8re principalement dans les h\u00f4tels et restaurants.\" \/>\n<meta name=\"robots\" content=\"index, follow, max-snippet:-1, max-image-preview:large, max-video-preview:-1\" \/>\n<link rel=\"canonical\" href=\"https:\/\/extincor.pt\/fr\/a-propos-de-nous-extinction-dincendie\/\" \/>\n<meta property=\"og:locale\" content=\"fr_FR\" \/>\n<meta property=\"og:type\" content=\"article\" \/>\n<meta property=\"og:title\" content=\"\u00c0 propos de nous - Extin\u00e7or - Engenharia e Seguran\u00e7a, Lda. - Ponta Delgada\" \/>\n<meta property=\"og:description\" content=\"Avec 40 ans d&#039;exp\u00e9rience, sommes une entreprise d&#039;extincteurs et d&#039;\u00e9quipements de s\u00e9curit\u00e9 qui op\u00e8re principalement dans les h\u00f4tels et restaurants.\" \/>\n<meta property=\"og:url\" content=\"https:\/\/extincor.pt\/fr\/a-propos-de-nous-extinction-dincendie\/\" \/>\n<meta property=\"og:site_name\" content=\"Extin\u00e7or - Engenharia e Seguran\u00e7a, Lda. - Ponta Delgada\" \/>\n<meta property=\"article:modified_time\" content=\"2022-03-23T12:58:21+00:00\" \/>\n<meta property=\"og:image\" content=\"http:\/\/extincor.pt\/wp-content\/uploads\/2022\/03\/A7I00986-scaled.jpg\" \/>\n<meta name=\"twitter:card\" content=\"summary_large_image\" \/>\n<meta name=\"twitter:label1\" content=\"Est. reading time\" \/>\n\t<meta name=\"twitter:data1\" content=\"2 minutes\" \/>\n<script type=\"application\/ld+json\" class=\"yoast-schema-graph\">{\"@context\":\"https:\/\/schema.org\",\"@graph\":[{\"@type\":\"WebSite\",\"@id\":\"https:\/\/extincor.pt\/#website\",\"url\":\"https:\/\/extincor.pt\/\",\"name\":\"Extin\\u00e7or - Engenharia e Seguran\\u00e7a, Lda. - Ponta Delgada\",\"description\":\"Comercializa\\u00e7\\u00e3o e manuten\\u00e7\\u00e3o de extintores - Ponta Delgada\",\"potentialAction\":[{\"@type\":\"SearchAction\",\"target\":{\"@type\":\"EntryPoint\",\"urlTemplate\":\"https:\/\/extincor.pt\/?s={search_term_string}\"},\"query-input\":\"required name=search_term_string\"}],\"inLanguage\":\"fr-FR\"},{\"@type\":\"ImageObject\",\"@id\":\"https:\/\/extincor.pt\/fr\/a-propos-de-nous-extinction-dincendie\/#primaryimage\",\"inLanguage\":\"fr-FR\",\"url\":\"http:\/\/extincor.pt\/wp-content\/uploads\/2022\/03\/A7I00986-scaled.jpg\",\"contentUrl\":\"http:\/\/extincor.pt\/wp-content\/uploads\/2022\/03\/A7I00986-scaled.jpg\"},{\"@type\":\"WebPage\",\"@id\":\"https:\/\/extincor.pt\/fr\/a-propos-de-nous-extinction-dincendie\/#webpage\",\"url\":\"https:\/\/extincor.pt\/fr\/a-propos-de-nous-extinction-dincendie\/\",\"name\":\"\\u00c0 propos de nous - Extin\\u00e7or - Engenharia e Seguran\\u00e7a, Lda. - Ponta Delgada\",\"isPartOf\":{\"@id\":\"https:\/\/extincor.pt\/#website\"},\"primaryImageOfPage\":{\"@id\":\"https:\/\/extincor.pt\/fr\/a-propos-de-nous-extinction-dincendie\/#primaryimage\"},\"datePublished\":\"2020-05-30T03:47:46+00:00\",\"dateModified\":\"2022-03-23T12:58:21+00:00\",\"description\":\"Avec 40 ans d'exp\\u00e9rience, sommes une entreprise d'extincteurs et d'\\u00e9quipements de s\\u00e9curit\\u00e9 qui op\\u00e8re principalement dans les h\\u00f4tels et restaurants.\",\"breadcrumb\":{\"@id\":\"https:\/\/extincor.pt\/fr\/a-propos-de-nous-extinction-dincendie\/#breadcrumb\"},\"inLanguage\":\"fr-FR\",\"potentialAction\":[{\"@type\":\"ReadAction\",\"target\":[\"https:\/\/extincor.pt\/fr\/a-propos-de-nous-extinction-dincendie\/\"]}]},{\"@type\":\"BreadcrumbList\",\"@id\":\"https:\/\/extincor.pt\/fr\/a-propos-de-nous-extinction-dincendie\/#breadcrumb\",\"itemListElement\":[{\"@type\":\"ListItem\",\"position\":1,\"name\":\"Home\",\"item\":\"https:\/\/extincor.pt\/fr\/\"},{\"@type\":\"ListItem\",\"position\":2,\"name\":\"\\u00c0 propos de nous\"}]}]}<\/script>\n<!-- \/ Yoast SEO plugin. -->","yoast_head_json":{"title":"\u00c0 propos de nous - Extin\u00e7or - Engenharia e Seguran\u00e7a, Lda. - Ponta Delgada","description":"Avec 40 ans d'exp\u00e9rience, sommes une entreprise d'extincteurs et d'\u00e9quipements de s\u00e9curit\u00e9 qui op\u00e8re principalement dans les h\u00f4tels et restaurants.","robots":{"index":"index","follow":"follow","max-snippet":"max-snippet:-1","max-image-preview":"max-image-preview:large","max-video-preview":"max-video-preview:-1"},"canonical":"https:\/\/extincor.pt\/fr\/a-propos-de-nous-extinction-dincendie\/","og_locale":"fr_FR","og_type":"article","og_title":"\u00c0 propos de nous - Extin\u00e7or - Engenharia e Seguran\u00e7a, Lda. - Ponta Delgada","og_description":"Avec 40 ans d'exp\u00e9rience, sommes une entreprise d'extincteurs et d'\u00e9quipements de s\u00e9curit\u00e9 qui op\u00e8re principalement dans les h\u00f4tels et restaurants.","og_url":"https:\/\/extincor.pt\/fr\/a-propos-de-nous-extinction-dincendie\/","og_site_name":"Extin\u00e7or - Engenharia e Seguran\u00e7a, Lda. - Ponta Delgada","article_modified_time":"2022-03-23T12:58:21+00:00","og_image":[{"url":"http:\/\/extincor.pt\/wp-content\/uploads\/2022\/03\/A7I00986-scaled.jpg"}],"twitter_card":"summary_large_image","twitter_misc":{"Est. reading time":"2 minutes"},"schema":{"@context":"https:\/\/schema.org","@graph":[{"@type":"WebSite","@id":"https:\/\/extincor.pt\/#website","url":"https:\/\/extincor.pt\/","name":"Extin\u00e7or - Engenharia e Seguran\u00e7a, Lda. - Ponta Delgada","description":"Comercializa\u00e7\u00e3o e manuten\u00e7\u00e3o de extintores - Ponta Delgada","potentialAction":[{"@type":"SearchAction","target":{"@type":"EntryPoint","urlTemplate":"https:\/\/extincor.pt\/?s={search_term_string}"},"query-input":"required name=search_term_string"}],"inLanguage":"fr-FR"},{"@type":"ImageObject","@id":"https:\/\/extincor.pt\/fr\/a-propos-de-nous-extinction-dincendie\/#primaryimage","inLanguage":"fr-FR","url":"http:\/\/extincor.pt\/wp-content\/uploads\/2022\/03\/A7I00986-scaled.jpg","contentUrl":"http:\/\/extincor.pt\/wp-content\/uploads\/2022\/03\/A7I00986-scaled.jpg"},{"@type":"WebPage","@id":"https:\/\/extincor.pt\/fr\/a-propos-de-nous-extinction-dincendie\/#webpage","url":"https:\/\/extincor.pt\/fr\/a-propos-de-nous-extinction-dincendie\/","name":"\u00c0 propos de nous - Extin\u00e7or - Engenharia e Seguran\u00e7a, Lda. - Ponta Delgada","isPartOf":{"@id":"https:\/\/extincor.pt\/#website"},"primaryImageOfPage":{"@id":"https:\/\/extincor.pt\/fr\/a-propos-de-nous-extinction-dincendie\/#primaryimage"},"datePublished":"2020-05-30T03:47:46+00:00","dateModified":"2022-03-23T12:58:21+00:00","description":"Avec 40 ans d'exp\u00e9rience, sommes une entreprise d'extincteurs et d'\u00e9quipements de s\u00e9curit\u00e9 qui op\u00e8re principalement dans les h\u00f4tels et restaurants.","breadcrumb":{"@id":"https:\/\/extincor.pt\/fr\/a-propos-de-nous-extinction-dincendie\/#breadcrumb"},"inLanguage":"fr-FR","potentialAction":[{"@type":"ReadAction","target":["https:\/\/extincor.pt\/fr\/a-propos-de-nous-extinction-dincendie\/"]}]},{"@type":"BreadcrumbList","@id":"https:\/\/extincor.pt\/fr\/a-propos-de-nous-extinction-dincendie\/#breadcrumb","itemListElement":[{"@type":"ListItem","position":1,"name":"Home","item":"https:\/\/extincor.pt\/fr\/"},{"@type":"ListItem","position":2,"name":"\u00c0 propos de nous"}]}]}},"_links":{"self":[{"href":"https:\/\/extincor.pt\/fr\/wp-json\/wp\/v2\/pages\/478"}],"collection":[{"href":"https:\/\/extincor.pt\/fr\/wp-json\/wp\/v2\/pages"}],"about":[{"href":"https:\/\/extincor.pt\/fr\/wp-json\/wp\/v2\/types\/page"}],"author":[{"embeddable":true,"href":"https:\/\/extincor.pt\/fr\/wp-json\/wp\/v2\/users\/1"}],"replies":[{"embeddable":true,"href":"https:\/\/extincor.pt\/fr\/wp-json\/wp\/v2\/comments?post=478"}],"version-history":[{"count":24,"href":"https:\/\/extincor.pt\/fr\/wp-json\/wp\/v2\/pages\/478\/revisions"}],"predecessor-version":[{"id":2298,"href":"https:\/\/extincor.pt\/fr\/wp-json\/wp\/v2\/pages\/478\/revisions\/2298"}],"wp:attachment":[{"href":"https:\/\/extincor.pt\/fr\/wp-json\/wp\/v2\/media?parent=478"}],"curies":[{"name":"wp","href":"https:\/\/api.w.org\/{rel}","templated":true}]}}