{"id":772,"date":"2021-08-30T14:42:44","date_gmt":"2021-08-30T14:42:44","guid":{"rendered":"http:\/\/extincor.pt\/seguranca-contra-intrusao\/"},"modified":"2022-03-30T12:49:49","modified_gmt":"2022-03-30T12:49:49","slug":"intrusion-security-system","status":"publish","type":"page","link":"https:\/\/extincor.pt\/en\/intrusion-security-system\/","title":{"rendered":"Intrusion Security"},"content":{"rendered":"\t\t<div data-elementor-type=\"wp-page\" data-elementor-id=\"772\" class=\"elementor elementor-772 elementor-728\" data-elementor-settings=\"[]\">\n\t\t\t\t\t\t\t<div class=\"elementor-section-wrap\">\n\t\t\t\t\t\t\t<section class=\"elementor-section elementor-top-section elementor-element elementor-element-00340a0 dsvy-col-stretched-none dsvy-bg-color-over-image elementor-section-boxed elementor-section-height-default elementor-section-height-default\" data-id=\"00340a0\" data-element_type=\"section\">\n\t\t\t\t\t\t<div class=\"elementor-container elementor-column-gap-default\">\n\t\t\t\t\t<div class=\"elementor-column elementor-col-100 elementor-top-column elementor-element elementor-element-5d84816 dsvy-bg-color-over-image\" data-id=\"5d84816\" data-element_type=\"column\">\n\t\t\t<div class=\"elementor-widget-wrap elementor-element-populated\">\n\t\t\t\t\t\t\t\t<div class=\"elementor-element elementor-element-a1a705f elementor-widget elementor-widget-spacer\" data-id=\"a1a705f\" data-element_type=\"widget\" data-widget_type=\"spacer.default\">\n\t\t\t\t<div class=\"elementor-widget-container\">\n\t\t\t\t\t<div class=\"elementor-spacer\">\n\t\t\t<div class=\"elementor-spacer-inner\"><\/div>\n\t\t<\/div>\n\t\t\t\t<\/div>\n\t\t\t\t<\/div>\n\t\t\t\t\t<\/div>\n\t\t<\/div>\n\t\t\t\t\t\t\t<\/div>\n\t\t<\/section>\n\t\t\t\t<section class=\"elementor-section elementor-top-section elementor-element elementor-element-4352a32 dsvy-col-stretched-none dsvy-bg-color-over-image elementor-section-boxed elementor-section-height-default elementor-section-height-default\" data-id=\"4352a32\" data-element_type=\"section\">\n\t\t\t\t\t\t<div class=\"elementor-container elementor-column-gap-default\">\n\t\t\t\t\t<div class=\"elementor-column elementor-col-100 elementor-top-column elementor-element elementor-element-d9b9a80 dsvy-bg-color-over-image\" data-id=\"d9b9a80\" data-element_type=\"column\">\n\t\t\t<div class=\"elementor-widget-wrap elementor-element-populated\">\n\t\t\t\t\t\t\t\t<div class=\"elementor-element elementor-element-29ae7d6 elementor-widget elementor-widget-shortcode\" data-id=\"29ae7d6\" data-element_type=\"widget\" data-widget_type=\"shortcode.default\">\n\t\t\t\t<div class=\"elementor-widget-container\">\n\t\t\t          <div class=\"row\">\r\n                        <div class=\"dsvy-ele dsvy-ele-team dsvy-team-style-2 col-sm-6 col-md-4 col-xs-12\">\r\n              <div class=\"iservicos designervily-ele designervily-ele-team dsvy-team-style-2 servicos-style\">\r\n                <div class=\"img designervily-post-item\">\r\n\t\t\t\t\t<div class=\"designervily-team-image-box servicos-image-box\">\r\n\t\t\t\t\t\t<a href=\"https:\/\/extincor.pt\/en\/service\/sistemas-antipanico-de-chamadas-de-emergencia\/\">\r\n\t\t\t\t\t\t<div class=\"designervily-box-social-links\">\r\n\t\t\t\t\t\t\r\n\t\t\t\t\t\t\t<ul class=\"dsvy-social-links dsvy-team-social-links ul-servicos\">\r\n\t\t\t\t\t\t\t<a class=\"servicos-image-link\" href=\"https:\/\/extincor.pt\/en\/service\/sistemas-antipanico-de-chamadas-de-emergencia\/\">\r\n\t\t\t\t\t\t\t\t<li class=\"dsvy-social-li top-servicos\">\r\n\t\t\t\t\t\t\t\t\t<span><i class=\"fa fa-plus\"><\/i><\/span>\r\n\t\t\t\t\t\t\t\t<\/li>\r\n\t\t\t\t\t\t\t\t<li class=\"dsvy-social-li bottom-servicos\">\r\n\t\t\t\t\t\t\t\t\t<span><p class=\"titulo\">Emergency Call Panic Systems<\/p><\/span>\r\n\t\t\t\t\t\t\t\t<\/li>\r\n\t\t\t\t\t\t\t\t<\/a>\r\n\t\t  \t\t\t\t\t<\/ul>\r\n\t\t  \t\t\t\t\r\n\t\t  \t\t\t\t<\/div>\r\n\t\t\t\t\t\t<div class=\"dsvy-featured-wrapper\">\r\n\t\t\t\t\t\t\t<img src=\"https:\/\/extincor.pt\/wp-content\/uploads\/2021\/11\/shop-NC951-1.jpg\" alt=\"Emergency Call Panic Systems\" \/>\t\t\t\t\t\t<\/div>\t\r\n\t\t\t\t\t\t<\/a>\r\n\t\t\t\t\t<\/div>\r\n                <\/div>             \r\n              <\/div>\r\n            <\/div>\r\n                      <div class=\"dsvy-ele dsvy-ele-team dsvy-team-style-2 col-sm-6 col-md-4 col-xs-12\">\r\n              <div class=\"iservicos designervily-ele designervily-ele-team dsvy-team-style-2 servicos-style\">\r\n                <div class=\"img designervily-post-item\">\r\n\t\t\t\t\t<div class=\"designervily-team-image-box servicos-image-box\">\r\n\t\t\t\t\t\t<a href=\"https:\/\/extincor.pt\/en\/service\/portas-de-seguranca\/\">\r\n\t\t\t\t\t\t<div class=\"designervily-box-social-links\">\r\n\t\t\t\t\t\t\r\n\t\t\t\t\t\t\t<ul class=\"dsvy-social-links dsvy-team-social-links ul-servicos\">\r\n\t\t\t\t\t\t\t<a class=\"servicos-image-link\" href=\"https:\/\/extincor.pt\/en\/service\/portas-de-seguranca\/\">\r\n\t\t\t\t\t\t\t\t<li class=\"dsvy-social-li top-servicos\">\r\n\t\t\t\t\t\t\t\t\t<span><i class=\"fa fa-plus\"><\/i><\/span>\r\n\t\t\t\t\t\t\t\t<\/li>\r\n\t\t\t\t\t\t\t\t<li class=\"dsvy-social-li bottom-servicos\">\r\n\t\t\t\t\t\t\t\t\t<span><p class=\"titulo\">Security doors<\/p><\/span>\r\n\t\t\t\t\t\t\t\t<\/li>\r\n\t\t\t\t\t\t\t\t<\/a>\r\n\t\t  \t\t\t\t\t<\/ul>\r\n\t\t  \t\t\t\t\r\n\t\t  \t\t\t\t<\/div>\r\n\t\t\t\t\t\t<div class=\"dsvy-featured-wrapper\">\r\n\t\t\t\t\t\t\t<img src=\"https:\/\/extincor.pt\/wp-content\/uploads\/2021\/11\/Portas-de-seguranca.jpg\" alt=\"Security doors\" \/>\t\t\t\t\t\t<\/div>\t\r\n\t\t\t\t\t\t<\/a>\r\n\t\t\t\t\t<\/div>\r\n                <\/div>             \r\n              <\/div>\r\n            <\/div>\r\n                      <div class=\"dsvy-ele dsvy-ele-team dsvy-team-style-2 col-sm-6 col-md-4 col-xs-12\">\r\n              <div class=\"iservicos designervily-ele designervily-ele-team dsvy-team-style-2 servicos-style\">\r\n                <div class=\"img designervily-post-item\">\r\n\t\t\t\t\t<div class=\"designervily-team-image-box servicos-image-box\">\r\n\t\t\t\t\t\t<a href=\"https:\/\/extincor.pt\/en\/service\/sistemas-para-controlo-de-acessos\/\">\r\n\t\t\t\t\t\t<div class=\"designervily-box-social-links\">\r\n\t\t\t\t\t\t\r\n\t\t\t\t\t\t\t<ul class=\"dsvy-social-links dsvy-team-social-links ul-servicos\">\r\n\t\t\t\t\t\t\t<a class=\"servicos-image-link\" href=\"https:\/\/extincor.pt\/en\/service\/sistemas-para-controlo-de-acessos\/\">\r\n\t\t\t\t\t\t\t\t<li class=\"dsvy-social-li top-servicos\">\r\n\t\t\t\t\t\t\t\t\t<span><i class=\"fa fa-plus\"><\/i><\/span>\r\n\t\t\t\t\t\t\t\t<\/li>\r\n\t\t\t\t\t\t\t\t<li class=\"dsvy-social-li bottom-servicos\">\r\n\t\t\t\t\t\t\t\t\t<span><p class=\"titulo\">Access Control Systems<\/p><\/span>\r\n\t\t\t\t\t\t\t\t<\/li>\r\n\t\t\t\t\t\t\t\t<\/a>\r\n\t\t  \t\t\t\t\t<\/ul>\r\n\t\t  \t\t\t\t\r\n\t\t  \t\t\t\t<\/div>\r\n\t\t\t\t\t\t<div class=\"dsvy-featured-wrapper\">\r\n\t\t\t\t\t\t\t<img src=\"https:\/\/extincor.pt\/wp-content\/uploads\/2021\/11\/univer_controloacessos_07.jpg\" alt=\"Access Control Systems\" \/>\t\t\t\t\t\t<\/div>\t\r\n\t\t\t\t\t\t<\/a>\r\n\t\t\t\t\t<\/div>\r\n                <\/div>             \r\n              <\/div>\r\n            <\/div>\r\n                      <div class=\"dsvy-ele dsvy-ele-team dsvy-team-style-2 col-sm-6 col-md-4 col-xs-12\">\r\n              <div class=\"iservicos designervily-ele designervily-ele-team dsvy-team-style-2 servicos-style\">\r\n                <div class=\"img designervily-post-item\">\r\n\t\t\t\t\t<div class=\"designervily-team-image-box servicos-image-box\">\r\n\t\t\t\t\t\t<a href=\"https:\/\/extincor.pt\/en\/service\/sistemas-de-detecao-de-intrusao-e-alarme\/\">\r\n\t\t\t\t\t\t<div class=\"designervily-box-social-links\">\r\n\t\t\t\t\t\t\r\n\t\t\t\t\t\t\t<ul class=\"dsvy-social-links dsvy-team-social-links ul-servicos\">\r\n\t\t\t\t\t\t\t<a class=\"servicos-image-link\" href=\"https:\/\/extincor.pt\/en\/service\/sistemas-de-detecao-de-intrusao-e-alarme\/\">\r\n\t\t\t\t\t\t\t\t<li class=\"dsvy-social-li top-servicos\">\r\n\t\t\t\t\t\t\t\t\t<span><i class=\"fa fa-plus\"><\/i><\/span>\r\n\t\t\t\t\t\t\t\t<\/li>\r\n\t\t\t\t\t\t\t\t<li class=\"dsvy-social-li bottom-servicos\">\r\n\t\t\t\t\t\t\t\t\t<span><p class=\"titulo\">Intrusion Detection and Alarm Systems<\/p><\/span>\r\n\t\t\t\t\t\t\t\t<\/li>\r\n\t\t\t\t\t\t\t\t<\/a>\r\n\t\t  \t\t\t\t\t<\/ul>\r\n\t\t  \t\t\t\t\r\n\t\t  \t\t\t\t<\/div>\r\n\t\t\t\t\t\t<div class=\"dsvy-featured-wrapper\">\r\n\t\t\t\t\t\t\t<img src=\"https:\/\/extincor.pt\/wp-content\/uploads\/2021\/11\/cctv-security-online-camera-with-house-plan-1024x683.jpg\" alt=\"Intrusion Detection and Alarm Systems\" \/>\t\t\t\t\t\t<\/div>\t\r\n\t\t\t\t\t\t<\/a>\r\n\t\t\t\t\t<\/div>\r\n                <\/div>             \r\n              <\/div>\r\n            <\/div>\r\n                      <div class=\"dsvy-ele dsvy-ele-team dsvy-team-style-2 col-sm-6 col-md-4 col-xs-12\">\r\n              <div class=\"iservicos designervily-ele designervily-ele-team dsvy-team-style-2 servicos-style\">\r\n                <div class=\"img designervily-post-item\">\r\n\t\t\t\t\t<div class=\"designervily-team-image-box servicos-image-box\">\r\n\t\t\t\t\t\t<a href=\"https:\/\/extincor.pt\/en\/service\/sistemas-de-videovigilancia\/\">\r\n\t\t\t\t\t\t<div class=\"designervily-box-social-links\">\r\n\t\t\t\t\t\t\r\n\t\t\t\t\t\t\t<ul class=\"dsvy-social-links dsvy-team-social-links ul-servicos\">\r\n\t\t\t\t\t\t\t<a class=\"servicos-image-link\" href=\"https:\/\/extincor.pt\/en\/service\/sistemas-de-videovigilancia\/\">\r\n\t\t\t\t\t\t\t\t<li class=\"dsvy-social-li top-servicos\">\r\n\t\t\t\t\t\t\t\t\t<span><i class=\"fa fa-plus\"><\/i><\/span>\r\n\t\t\t\t\t\t\t\t<\/li>\r\n\t\t\t\t\t\t\t\t<li class=\"dsvy-social-li bottom-servicos\">\r\n\t\t\t\t\t\t\t\t\t<span><p class=\"titulo\">Video Surveillance Systems<\/p><\/span>\r\n\t\t\t\t\t\t\t\t<\/li>\r\n\t\t\t\t\t\t\t\t<\/a>\r\n\t\t  \t\t\t\t\t<\/ul>\r\n\t\t  \t\t\t\t\r\n\t\t  \t\t\t\t<\/div>\r\n\t\t\t\t\t\t<div class=\"dsvy-featured-wrapper\">\r\n\t\t\t\t\t\t\t<img src=\"https:\/\/extincor.pt\/wp-content\/uploads\/2021\/11\/videovigil.jpg\" alt=\"Video Surveillance Systems\" \/>\t\t\t\t\t\t<\/div>\t\r\n\t\t\t\t\t\t<\/a>\r\n\t\t\t\t\t<\/div>\r\n                <\/div>             \r\n              <\/div>\r\n            <\/div>\r\n                    <\/div>\r\n                <\/div>\r\n      <\/section>\r\n\t\t<div class=\"elementor-shortcode\"><\/div>\n\t\t\t\t<\/div>\n\t\t\t\t<\/div>\n\t\t\t\t\t<\/div>\n\t\t<\/div>\n\t\t\t\t\t\t\t<\/div>\n\t\t<\/section>\n\t\t\t\t\t\t<\/div>\n\t\t\t\t\t<\/div>\n\t\t","protected":false},"excerpt":{"rendered":"","protected":false},"author":1,"featured_media":0,"parent":0,"menu_order":15,"comment_status":"closed","ping_status":"closed","template":"","meta":[],"yoast_head":"<!-- This site is optimized with the Yoast SEO plugin v17.5 - https:\/\/yoast.com\/wordpress\/plugins\/seo\/ -->\n<title>Intrusion Security System - Extin\u00e7or - Ponta Delgada<\/title>\n<meta name=\"description\" content=\"An intrusion security system guarantees your protection against any type of theft. Protect yourself, your family and your house. Feel safe.\" \/>\n<meta name=\"robots\" content=\"index, follow, max-snippet:-1, max-image-preview:large, max-video-preview:-1\" \/>\n<link rel=\"canonical\" href=\"https:\/\/extincor.pt\/en\/intrusion-security-system\/\" \/>\n<meta property=\"og:locale\" content=\"en_US\" \/>\n<meta property=\"og:type\" content=\"article\" \/>\n<meta property=\"og:title\" content=\"Intrusion Security System - Extin\u00e7or - Ponta Delgada\" \/>\n<meta property=\"og:description\" content=\"An intrusion security system guarantees your protection against any type of theft. Protect yourself, your family and your house. Feel safe.\" \/>\n<meta property=\"og:url\" content=\"https:\/\/extincor.pt\/en\/intrusion-security-system\/\" \/>\n<meta property=\"og:site_name\" content=\"Extin\u00e7or - Engenharia e Seguran\u00e7a, Lda. - Ponta Delgada\" \/>\n<meta property=\"article:modified_time\" content=\"2022-03-30T12:49:49+00:00\" \/>\n<meta name=\"twitter:card\" content=\"summary_large_image\" \/>\n<script type=\"application\/ld+json\" class=\"yoast-schema-graph\">{\"@context\":\"https:\/\/schema.org\",\"@graph\":[{\"@type\":\"WebSite\",\"@id\":\"https:\/\/extincor.pt\/#website\",\"url\":\"https:\/\/extincor.pt\/\",\"name\":\"Extin\\u00e7or - Engenharia e Seguran\\u00e7a, Lda. - Ponta Delgada\",\"description\":\"Comercializa\\u00e7\\u00e3o e manuten\\u00e7\\u00e3o de extintores - Ponta Delgada\",\"potentialAction\":[{\"@type\":\"SearchAction\",\"target\":{\"@type\":\"EntryPoint\",\"urlTemplate\":\"https:\/\/extincor.pt\/?s={search_term_string}\"},\"query-input\":\"required name=search_term_string\"}],\"inLanguage\":\"en-US\"},{\"@type\":\"WebPage\",\"@id\":\"https:\/\/extincor.pt\/en\/intrusion-security-system\/#webpage\",\"url\":\"https:\/\/extincor.pt\/en\/intrusion-security-system\/\",\"name\":\"Intrusion Security System - Extin\\u00e7or - Ponta Delgada\",\"isPartOf\":{\"@id\":\"https:\/\/extincor.pt\/#website\"},\"datePublished\":\"2021-08-30T14:42:44+00:00\",\"dateModified\":\"2022-03-30T12:49:49+00:00\",\"description\":\"An intrusion security system guarantees your protection against any type of theft. Protect yourself, your family and your house. Feel safe.\",\"breadcrumb\":{\"@id\":\"https:\/\/extincor.pt\/en\/intrusion-security-system\/#breadcrumb\"},\"inLanguage\":\"en-US\",\"potentialAction\":[{\"@type\":\"ReadAction\",\"target\":[\"https:\/\/extincor.pt\/en\/intrusion-security-system\/\"]}]},{\"@type\":\"BreadcrumbList\",\"@id\":\"https:\/\/extincor.pt\/en\/intrusion-security-system\/#breadcrumb\",\"itemListElement\":[{\"@type\":\"ListItem\",\"position\":1,\"name\":\"Home\",\"item\":\"https:\/\/extincor.pt\/en\/\"},{\"@type\":\"ListItem\",\"position\":2,\"name\":\"Intrusion Security\"}]}]}<\/script>\n<!-- \/ Yoast SEO plugin. -->","yoast_head_json":{"title":"Intrusion Security System - Extin\u00e7or - Ponta Delgada","description":"An intrusion security system guarantees your protection against any type of theft. Protect yourself, your family and your house. Feel safe.","robots":{"index":"index","follow":"follow","max-snippet":"max-snippet:-1","max-image-preview":"max-image-preview:large","max-video-preview":"max-video-preview:-1"},"canonical":"https:\/\/extincor.pt\/en\/intrusion-security-system\/","og_locale":"en_US","og_type":"article","og_title":"Intrusion Security System - Extin\u00e7or - Ponta Delgada","og_description":"An intrusion security system guarantees your protection against any type of theft. Protect yourself, your family and your house. Feel safe.","og_url":"https:\/\/extincor.pt\/en\/intrusion-security-system\/","og_site_name":"Extin\u00e7or - Engenharia e Seguran\u00e7a, Lda. - Ponta Delgada","article_modified_time":"2022-03-30T12:49:49+00:00","twitter_card":"summary_large_image","schema":{"@context":"https:\/\/schema.org","@graph":[{"@type":"WebSite","@id":"https:\/\/extincor.pt\/#website","url":"https:\/\/extincor.pt\/","name":"Extin\u00e7or - Engenharia e Seguran\u00e7a, Lda. - Ponta Delgada","description":"Comercializa\u00e7\u00e3o e manuten\u00e7\u00e3o de extintores - Ponta Delgada","potentialAction":[{"@type":"SearchAction","target":{"@type":"EntryPoint","urlTemplate":"https:\/\/extincor.pt\/?s={search_term_string}"},"query-input":"required name=search_term_string"}],"inLanguage":"en-US"},{"@type":"WebPage","@id":"https:\/\/extincor.pt\/en\/intrusion-security-system\/#webpage","url":"https:\/\/extincor.pt\/en\/intrusion-security-system\/","name":"Intrusion Security System - Extin\u00e7or - Ponta Delgada","isPartOf":{"@id":"https:\/\/extincor.pt\/#website"},"datePublished":"2021-08-30T14:42:44+00:00","dateModified":"2022-03-30T12:49:49+00:00","description":"An intrusion security system guarantees your protection against any type of theft. Protect yourself, your family and your house. Feel safe.","breadcrumb":{"@id":"https:\/\/extincor.pt\/en\/intrusion-security-system\/#breadcrumb"},"inLanguage":"en-US","potentialAction":[{"@type":"ReadAction","target":["https:\/\/extincor.pt\/en\/intrusion-security-system\/"]}]},{"@type":"BreadcrumbList","@id":"https:\/\/extincor.pt\/en\/intrusion-security-system\/#breadcrumb","itemListElement":[{"@type":"ListItem","position":1,"name":"Home","item":"https:\/\/extincor.pt\/en\/"},{"@type":"ListItem","position":2,"name":"Intrusion Security"}]}]}},"_links":{"self":[{"href":"https:\/\/extincor.pt\/en\/wp-json\/wp\/v2\/pages\/772"}],"collection":[{"href":"https:\/\/extincor.pt\/en\/wp-json\/wp\/v2\/pages"}],"about":[{"href":"https:\/\/extincor.pt\/en\/wp-json\/wp\/v2\/types\/page"}],"author":[{"embeddable":true,"href":"https:\/\/extincor.pt\/en\/wp-json\/wp\/v2\/users\/1"}],"replies":[{"embeddable":true,"href":"https:\/\/extincor.pt\/en\/wp-json\/wp\/v2\/comments?post=772"}],"version-history":[{"count":2,"href":"https:\/\/extincor.pt\/en\/wp-json\/wp\/v2\/pages\/772\/revisions"}],"predecessor-version":[{"id":2428,"href":"https:\/\/extincor.pt\/en\/wp-json\/wp\/v2\/pages\/772\/revisions\/2428"}],"wp:attachment":[{"href":"https:\/\/extincor.pt\/en\/wp-json\/wp\/v2\/media?parent=772"}],"curies":[{"name":"wp","href":"https:\/\/api.w.org\/{rel}","templated":true}]}}