{"id":770,"date":"2021-08-30T14:42:19","date_gmt":"2021-08-30T14:42:19","guid":{"rendered":"http:\/\/extincor.pt\/seguranca-contra-incendio\/"},"modified":"2022-03-30T16:29:22","modified_gmt":"2022-03-30T16:29:22","slug":"fire-safety","status":"publish","type":"page","link":"https:\/\/extincor.pt\/en\/fire-safety\/","title":{"rendered":"Fire Safety"},"content":{"rendered":"\t\t<div data-elementor-type=\"wp-page\" data-elementor-id=\"770\" class=\"elementor elementor-770 elementor-726\" data-elementor-settings=\"[]\">\n\t\t\t\t\t\t\t<div class=\"elementor-section-wrap\">\n\t\t\t\t\t\t\t<section class=\"elementor-section elementor-top-section elementor-element elementor-element-00340a0 dsvy-col-stretched-none dsvy-bg-color-over-image elementor-section-boxed elementor-section-height-default elementor-section-height-default\" data-id=\"00340a0\" data-element_type=\"section\">\n\t\t\t\t\t\t<div class=\"elementor-container elementor-column-gap-default\">\n\t\t\t\t\t<div class=\"elementor-column elementor-col-100 elementor-top-column elementor-element elementor-element-5d84816 dsvy-bg-color-over-image\" data-id=\"5d84816\" data-element_type=\"column\">\n\t\t\t<div class=\"elementor-widget-wrap elementor-element-populated\">\n\t\t\t\t\t\t\t\t<div class=\"elementor-element elementor-element-a1a705f elementor-widget elementor-widget-spacer\" data-id=\"a1a705f\" data-element_type=\"widget\" data-widget_type=\"spacer.default\">\n\t\t\t\t<div class=\"elementor-widget-container\">\n\t\t\t\t\t<div class=\"elementor-spacer\">\n\t\t\t<div class=\"elementor-spacer-inner\"><\/div>\n\t\t<\/div>\n\t\t\t\t<\/div>\n\t\t\t\t<\/div>\n\t\t\t\t\t<\/div>\n\t\t<\/div>\n\t\t\t\t\t\t\t<\/div>\n\t\t<\/section>\n\t\t\t\t<section class=\"elementor-section elementor-top-section elementor-element elementor-element-722f09e dsvy-col-stretched-none dsvy-bg-color-over-image elementor-section-boxed elementor-section-height-default elementor-section-height-default\" data-id=\"722f09e\" data-element_type=\"section\">\n\t\t\t\t\t\t<div class=\"elementor-container elementor-column-gap-default\">\n\t\t\t\t\t<div class=\"elementor-column elementor-col-100 elementor-top-column elementor-element elementor-element-0c83809 dsvy-bg-color-over-image\" data-id=\"0c83809\" data-element_type=\"column\">\n\t\t\t<div class=\"elementor-widget-wrap elementor-element-populated\">\n\t\t\t\t\t\t\t\t<div class=\"elementor-element elementor-element-d29f215 elementor-widget elementor-widget-shortcode\" data-id=\"d29f215\" data-element_type=\"widget\" data-widget_type=\"shortcode.default\">\n\t\t\t\t<div class=\"elementor-widget-container\">\n\t\t\t          <div class=\"row\">\r\n                        <div class=\"dsvy-ele dsvy-ele-team dsvy-team-style-2 col-sm-6 col-md-4 col-xs-12\">\r\n              <div class=\"iservicos designervily-ele designervily-ele-team dsvy-team-style-2 servicos-style\">\r\n                <div class=\"img designervily-post-item\">\r\n\t\t\t\t\t<div class=\"designervily-team-image-box servicos-image-box\">\r\n\t\t\t\t\t\t<a href=\"https:\/\/extincor.pt\/en\/service\/projetos-de-seguranca-contra-incendio-e-medidas-de-autoprotecao\/\">\r\n\t\t\t\t\t\t<div class=\"designervily-box-social-links\">\r\n\t\t\t\t\t\t\r\n\t\t\t\t\t\t\t<ul class=\"dsvy-social-links dsvy-team-social-links ul-servicos\">\r\n\t\t\t\t\t\t\t<a class=\"servicos-image-link\" href=\"https:\/\/extincor.pt\/en\/service\/projetos-de-seguranca-contra-incendio-e-medidas-de-autoprotecao\/\">\r\n\t\t\t\t\t\t\t\t<li class=\"dsvy-social-li top-servicos\">\r\n\t\t\t\t\t\t\t\t\t<span><i class=\"fa fa-plus\"><\/i><\/span>\r\n\t\t\t\t\t\t\t\t<\/li>\r\n\t\t\t\t\t\t\t\t<li class=\"dsvy-social-li bottom-servicos\">\r\n\t\t\t\t\t\t\t\t\t<span><p class=\"titulo\">Fire Safety Projects and Self-Protection Measures<\/p><\/span>\r\n\t\t\t\t\t\t\t\t<\/li>\r\n\t\t\t\t\t\t\t\t<\/a>\r\n\t\t  \t\t\t\t\t<\/ul>\r\n\t\t  \t\t\t\t\r\n\t\t  \t\t\t\t<\/div>\r\n\t\t\t\t\t\t<div class=\"dsvy-featured-wrapper\">\r\n\t\t\t\t\t\t\t<img src=\"https:\/\/extincor.pt\/wp-content\/uploads\/2021\/11\/incendios1.jpg\" alt=\"Fire Safety Projects and Self-Protection Measures\" \/>\t\t\t\t\t\t<\/div>\t\r\n\t\t\t\t\t\t<\/a>\r\n\t\t\t\t\t<\/div>\r\n                <\/div>             \r\n              <\/div>\r\n            <\/div>\r\n                      <div class=\"dsvy-ele dsvy-ele-team dsvy-team-style-2 col-sm-6 col-md-4 col-xs-12\">\r\n              <div class=\"iservicos designervily-ele designervily-ele-team dsvy-team-style-2 servicos-style\">\r\n                <div class=\"img designervily-post-item\">\r\n\t\t\t\t\t<div class=\"designervily-team-image-box servicos-image-box\">\r\n\t\t\t\t\t\t<a href=\"https:\/\/extincor.pt\/en\/service\/sistemas-de-extincao-de-hottes\/\">\r\n\t\t\t\t\t\t<div class=\"designervily-box-social-links\">\r\n\t\t\t\t\t\t\r\n\t\t\t\t\t\t\t<ul class=\"dsvy-social-links dsvy-team-social-links ul-servicos\">\r\n\t\t\t\t\t\t\t<a class=\"servicos-image-link\" href=\"https:\/\/extincor.pt\/en\/service\/sistemas-de-extincao-de-hottes\/\">\r\n\t\t\t\t\t\t\t\t<li class=\"dsvy-social-li top-servicos\">\r\n\t\t\t\t\t\t\t\t\t<span><i class=\"fa fa-plus\"><\/i><\/span>\r\n\t\t\t\t\t\t\t\t<\/li>\r\n\t\t\t\t\t\t\t\t<li class=\"dsvy-social-li bottom-servicos\">\r\n\t\t\t\t\t\t\t\t\t<span><p class=\"titulo\">Hottes Extinguishing Systems<\/p><\/span>\r\n\t\t\t\t\t\t\t\t<\/li>\r\n\t\t\t\t\t\t\t\t<\/a>\r\n\t\t  \t\t\t\t\t<\/ul>\r\n\t\t  \t\t\t\t\r\n\t\t  \t\t\t\t<\/div>\r\n\t\t\t\t\t\t<div class=\"dsvy-featured-wrapper\">\r\n\t\t\t\t\t\t\t<img src=\"https:\/\/extincor.pt\/wp-content\/uploads\/2021\/11\/extinsao-hotte.jpg\" alt=\"Hottes Extinguishing Systems\" \/>\t\t\t\t\t\t<\/div>\t\r\n\t\t\t\t\t\t<\/a>\r\n\t\t\t\t\t<\/div>\r\n                <\/div>             \r\n              <\/div>\r\n            <\/div>\r\n                      <div class=\"dsvy-ele dsvy-ele-team dsvy-team-style-2 col-sm-6 col-md-4 col-xs-12\">\r\n              <div class=\"iservicos designervily-ele designervily-ele-team dsvy-team-style-2 servicos-style\">\r\n                <div class=\"img designervily-post-item\">\r\n\t\t\t\t\t<div class=\"designervily-team-image-box servicos-image-box\">\r\n\t\t\t\t\t\t<a href=\"https:\/\/extincor.pt\/en\/service\/sistemas-de-desenfumagem-ativa-e-passiva\/\">\r\n\t\t\t\t\t\t<div class=\"designervily-box-social-links\">\r\n\t\t\t\t\t\t\r\n\t\t\t\t\t\t\t<ul class=\"dsvy-social-links dsvy-team-social-links ul-servicos\">\r\n\t\t\t\t\t\t\t<a class=\"servicos-image-link\" href=\"https:\/\/extincor.pt\/en\/service\/sistemas-de-desenfumagem-ativa-e-passiva\/\">\r\n\t\t\t\t\t\t\t\t<li class=\"dsvy-social-li top-servicos\">\r\n\t\t\t\t\t\t\t\t\t<span><i class=\"fa fa-plus\"><\/i><\/span>\r\n\t\t\t\t\t\t\t\t<\/li>\r\n\t\t\t\t\t\t\t\t<li class=\"dsvy-social-li bottom-servicos\">\r\n\t\t\t\t\t\t\t\t\t<span><p class=\"titulo\">Active and Passive Smoke Release Systems<\/p><\/span>\r\n\t\t\t\t\t\t\t\t<\/li>\r\n\t\t\t\t\t\t\t\t<\/a>\r\n\t\t  \t\t\t\t\t<\/ul>\r\n\t\t  \t\t\t\t\r\n\t\t  \t\t\t\t<\/div>\r\n\t\t\t\t\t\t<div class=\"dsvy-featured-wrapper\">\r\n\t\t\t\t\t\t\t<img src=\"https:\/\/extincor.pt\/wp-content\/uploads\/2021\/11\/tms_08-1024x576.jpg\" alt=\"Active and Passive Smoke Release Systems\" \/>\t\t\t\t\t\t<\/div>\t\r\n\t\t\t\t\t\t<\/a>\r\n\t\t\t\t\t<\/div>\r\n                <\/div>             \r\n              <\/div>\r\n            <\/div>\r\n                      <div class=\"dsvy-ele dsvy-ele-team dsvy-team-style-2 col-sm-6 col-md-4 col-xs-12\">\r\n              <div class=\"iservicos designervily-ele designervily-ele-team dsvy-team-style-2 servicos-style\">\r\n                <div class=\"img designervily-post-item\">\r\n\t\t\t\t\t<div class=\"designervily-team-image-box servicos-image-box\">\r\n\t\t\t\t\t\t<a href=\"https:\/\/extincor.pt\/en\/service\/portas-corta-fogo-e-sistemas-de-compartimentacao\/\">\r\n\t\t\t\t\t\t<div class=\"designervily-box-social-links\">\r\n\t\t\t\t\t\t\r\n\t\t\t\t\t\t\t<ul class=\"dsvy-social-links dsvy-team-social-links ul-servicos\">\r\n\t\t\t\t\t\t\t<a class=\"servicos-image-link\" href=\"https:\/\/extincor.pt\/en\/service\/portas-corta-fogo-e-sistemas-de-compartimentacao\/\">\r\n\t\t\t\t\t\t\t\t<li class=\"dsvy-social-li top-servicos\">\r\n\t\t\t\t\t\t\t\t\t<span><i class=\"fa fa-plus\"><\/i><\/span>\r\n\t\t\t\t\t\t\t\t<\/li>\r\n\t\t\t\t\t\t\t\t<li class=\"dsvy-social-li bottom-servicos\">\r\n\t\t\t\t\t\t\t\t\t<span><p class=\"titulo\">Fire Doors and Subdivision Systems<\/p><\/span>\r\n\t\t\t\t\t\t\t\t<\/li>\r\n\t\t\t\t\t\t\t\t<\/a>\r\n\t\t  \t\t\t\t\t<\/ul>\r\n\t\t  \t\t\t\t\r\n\t\t  \t\t\t\t<\/div>\r\n\t\t\t\t\t\t<div class=\"dsvy-featured-wrapper\">\r\n\t\t\t\t\t\t\t<img src=\"https:\/\/extincor.pt\/wp-content\/uploads\/2021\/11\/close-up-green-fire-exit-sign-with-door-exit-1024x429.jpg\" alt=\"Fire Doors and Subdivision Systems\" \/>\t\t\t\t\t\t<\/div>\t\r\n\t\t\t\t\t\t<\/a>\r\n\t\t\t\t\t<\/div>\r\n                <\/div>             \r\n              <\/div>\r\n            <\/div>\r\n                      <div class=\"dsvy-ele dsvy-ele-team dsvy-team-style-2 col-sm-6 col-md-4 col-xs-12\">\r\n              <div class=\"iservicos designervily-ele designervily-ele-team dsvy-team-style-2 servicos-style\">\r\n                <div class=\"img designervily-post-item\">\r\n\t\t\t\t\t<div class=\"designervily-team-image-box servicos-image-box\">\r\n\t\t\t\t\t\t<a href=\"https:\/\/extincor.pt\/en\/service\/sistemas-automaticos-de-detecao-de-incendio-e-gas\/\">\r\n\t\t\t\t\t\t<div class=\"designervily-box-social-links\">\r\n\t\t\t\t\t\t\r\n\t\t\t\t\t\t\t<ul class=\"dsvy-social-links dsvy-team-social-links ul-servicos\">\r\n\t\t\t\t\t\t\t<a class=\"servicos-image-link\" href=\"https:\/\/extincor.pt\/en\/service\/sistemas-automaticos-de-detecao-de-incendio-e-gas\/\">\r\n\t\t\t\t\t\t\t\t<li class=\"dsvy-social-li top-servicos\">\r\n\t\t\t\t\t\t\t\t\t<span><i class=\"fa fa-plus\"><\/i><\/span>\r\n\t\t\t\t\t\t\t\t<\/li>\r\n\t\t\t\t\t\t\t\t<li class=\"dsvy-social-li bottom-servicos\">\r\n\t\t\t\t\t\t\t\t\t<span><p class=\"titulo\">Automatic Fire and Gas Detection Systems<\/p><\/span>\r\n\t\t\t\t\t\t\t\t<\/li>\r\n\t\t\t\t\t\t\t\t<\/a>\r\n\t\t  \t\t\t\t\t<\/ul>\r\n\t\t  \t\t\t\t\r\n\t\t  \t\t\t\t<\/div>\r\n\t\t\t\t\t\t<div class=\"dsvy-featured-wrapper\">\r\n\t\t\t\t\t\t\t<img src=\"https:\/\/extincor.pt\/wp-content\/uploads\/2021\/11\/tD9-WhC-98114145_m-scaled-1-1024x623.jpg\" alt=\"Automatic Fire and Gas Detection Systems\" \/>\t\t\t\t\t\t<\/div>\t\r\n\t\t\t\t\t\t<\/a>\r\n\t\t\t\t\t<\/div>\r\n                <\/div>             \r\n              <\/div>\r\n            <\/div>\r\n                      <div class=\"dsvy-ele dsvy-ele-team dsvy-team-style-2 col-sm-6 col-md-4 col-xs-12\">\r\n              <div class=\"iservicos designervily-ele designervily-ele-team dsvy-team-style-2 servicos-style\">\r\n                <div class=\"img designervily-post-item\">\r\n\t\t\t\t\t<div class=\"designervily-team-image-box servicos-image-box\">\r\n\t\t\t\t\t\t<a href=\"https:\/\/extincor.pt\/en\/service\/iluminacao-de-emergencia\/\">\r\n\t\t\t\t\t\t<div class=\"designervily-box-social-links\">\r\n\t\t\t\t\t\t\r\n\t\t\t\t\t\t\t<ul class=\"dsvy-social-links dsvy-team-social-links ul-servicos\">\r\n\t\t\t\t\t\t\t<a class=\"servicos-image-link\" href=\"https:\/\/extincor.pt\/en\/service\/iluminacao-de-emergencia\/\">\r\n\t\t\t\t\t\t\t\t<li class=\"dsvy-social-li top-servicos\">\r\n\t\t\t\t\t\t\t\t\t<span><i class=\"fa fa-plus\"><\/i><\/span>\r\n\t\t\t\t\t\t\t\t<\/li>\r\n\t\t\t\t\t\t\t\t<li class=\"dsvy-social-li bottom-servicos\">\r\n\t\t\t\t\t\t\t\t\t<span><p class=\"titulo\">Emergency Lighting<\/p><\/span>\r\n\t\t\t\t\t\t\t\t<\/li>\r\n\t\t\t\t\t\t\t\t<\/a>\r\n\t\t  \t\t\t\t\t<\/ul>\r\n\t\t  \t\t\t\t\r\n\t\t  \t\t\t\t<\/div>\r\n\t\t\t\t\t\t<div class=\"dsvy-featured-wrapper\">\r\n\t\t\t\t\t\t\t<img src=\"https:\/\/extincor.pt\/wp-content\/uploads\/2021\/11\/emergency-exit-ge7c00c1a6_1920-1024x683.jpg\" alt=\"Emergency Lighting\" \/>\t\t\t\t\t\t<\/div>\t\r\n\t\t\t\t\t\t<\/a>\r\n\t\t\t\t\t<\/div>\r\n                <\/div>             \r\n              <\/div>\r\n            <\/div>\r\n                      <div class=\"dsvy-ele dsvy-ele-team dsvy-team-style-2 col-sm-6 col-md-4 col-xs-12\">\r\n              <div class=\"iservicos designervily-ele designervily-ele-team dsvy-team-style-2 servicos-style\">\r\n                <div class=\"img designervily-post-item\">\r\n\t\t\t\t\t<div class=\"designervily-team-image-box servicos-image-box\">\r\n\t\t\t\t\t\t<a href=\"https:\/\/extincor.pt\/en\/service\/extintores\/\">\r\n\t\t\t\t\t\t<div class=\"designervily-box-social-links\">\r\n\t\t\t\t\t\t\r\n\t\t\t\t\t\t\t<ul class=\"dsvy-social-links dsvy-team-social-links ul-servicos\">\r\n\t\t\t\t\t\t\t<a class=\"servicos-image-link\" href=\"https:\/\/extincor.pt\/en\/service\/extintores\/\">\r\n\t\t\t\t\t\t\t\t<li class=\"dsvy-social-li top-servicos\">\r\n\t\t\t\t\t\t\t\t\t<span><i class=\"fa fa-plus\"><\/i><\/span>\r\n\t\t\t\t\t\t\t\t<\/li>\r\n\t\t\t\t\t\t\t\t<li class=\"dsvy-social-li bottom-servicos\">\r\n\t\t\t\t\t\t\t\t\t<span><p class=\"titulo\">Fire extinguishers<\/p><\/span>\r\n\t\t\t\t\t\t\t\t<\/li>\r\n\t\t\t\t\t\t\t\t<\/a>\r\n\t\t  \t\t\t\t\t<\/ul>\r\n\t\t  \t\t\t\t\r\n\t\t  \t\t\t\t<\/div>\r\n\t\t\t\t\t\t<div class=\"dsvy-featured-wrapper\">\r\n\t\t\t\t\t\t\t<img src=\"https:\/\/extincor.pt\/wp-content\/uploads\/2022\/03\/fire-fighting-gc68b69f7a_1920-1024x425.jpg\" alt=\"Fire extinguishers\" \/>\t\t\t\t\t\t<\/div>\t\r\n\t\t\t\t\t\t<\/a>\r\n\t\t\t\t\t<\/div>\r\n                <\/div>             \r\n              <\/div>\r\n            <\/div>\r\n                    <\/div>\r\n                <\/div>\r\n      <\/section>\r\n\t\t<div class=\"elementor-shortcode\"><\/div>\n\t\t\t\t<\/div>\n\t\t\t\t<\/div>\n\t\t\t\t\t<\/div>\n\t\t<\/div>\n\t\t\t\t\t\t\t<\/div>\n\t\t<\/section>\n\t\t\t\t\t\t<\/div>\n\t\t\t\t\t<\/div>\n\t\t","protected":false},"excerpt":{"rendered":"","protected":false},"author":1,"featured_media":0,"parent":0,"menu_order":15,"comment_status":"closed","ping_status":"closed","template":"","meta":[],"yoast_head":"<!-- This site is optimized with the Yoast SEO plugin v17.5 - https:\/\/yoast.com\/wordpress\/plugins\/seo\/ -->\n<title>Fire Safety - Extin\u00e7or - Engenharia e Seguran\u00e7a, Lda. - Ponta Delgada<\/title>\n<meta name=\"description\" content=\"Ensure your safety against fire and protect your home or business, safeguarding all the goods inside. Play it safe.\" \/>\n<meta name=\"robots\" content=\"index, follow, max-snippet:-1, max-image-preview:large, max-video-preview:-1\" \/>\n<link rel=\"canonical\" href=\"https:\/\/extincor.pt\/en\/fire-safety\/\" \/>\n<meta property=\"og:locale\" content=\"en_US\" \/>\n<meta property=\"og:type\" content=\"article\" \/>\n<meta property=\"og:title\" content=\"Fire Safety - Extin\u00e7or - Engenharia e Seguran\u00e7a, Lda. - Ponta Delgada\" \/>\n<meta property=\"og:description\" content=\"Ensure your safety against fire and protect your home or business, safeguarding all the goods inside. Play it safe.\" \/>\n<meta property=\"og:url\" content=\"https:\/\/extincor.pt\/en\/fire-safety\/\" \/>\n<meta property=\"og:site_name\" content=\"Extin\u00e7or - Engenharia e Seguran\u00e7a, Lda. - Ponta Delgada\" \/>\n<meta property=\"article:modified_time\" content=\"2022-03-30T16:29:22+00:00\" \/>\n<meta name=\"twitter:card\" content=\"summary_large_image\" \/>\n<script type=\"application\/ld+json\" class=\"yoast-schema-graph\">{\"@context\":\"https:\/\/schema.org\",\"@graph\":[{\"@type\":\"WebSite\",\"@id\":\"https:\/\/extincor.pt\/#website\",\"url\":\"https:\/\/extincor.pt\/\",\"name\":\"Extin\\u00e7or - Engenharia e Seguran\\u00e7a, Lda. - Ponta Delgada\",\"description\":\"Comercializa\\u00e7\\u00e3o e manuten\\u00e7\\u00e3o de extintores - Ponta Delgada\",\"potentialAction\":[{\"@type\":\"SearchAction\",\"target\":{\"@type\":\"EntryPoint\",\"urlTemplate\":\"https:\/\/extincor.pt\/?s={search_term_string}\"},\"query-input\":\"required name=search_term_string\"}],\"inLanguage\":\"en-US\"},{\"@type\":\"WebPage\",\"@id\":\"https:\/\/extincor.pt\/en\/fire-safety\/#webpage\",\"url\":\"https:\/\/extincor.pt\/en\/fire-safety\/\",\"name\":\"Fire Safety - Extin\\u00e7or - Engenharia e Seguran\\u00e7a, Lda. - Ponta Delgada\",\"isPartOf\":{\"@id\":\"https:\/\/extincor.pt\/#website\"},\"datePublished\":\"2021-08-30T14:42:19+00:00\",\"dateModified\":\"2022-03-30T16:29:22+00:00\",\"description\":\"Ensure your safety against fire and protect your home or business, safeguarding all the goods inside. Play it safe.\",\"breadcrumb\":{\"@id\":\"https:\/\/extincor.pt\/en\/fire-safety\/#breadcrumb\"},\"inLanguage\":\"en-US\",\"potentialAction\":[{\"@type\":\"ReadAction\",\"target\":[\"https:\/\/extincor.pt\/en\/fire-safety\/\"]}]},{\"@type\":\"BreadcrumbList\",\"@id\":\"https:\/\/extincor.pt\/en\/fire-safety\/#breadcrumb\",\"itemListElement\":[{\"@type\":\"ListItem\",\"position\":1,\"name\":\"Home\",\"item\":\"https:\/\/extincor.pt\/en\/\"},{\"@type\":\"ListItem\",\"position\":2,\"name\":\"Fire Safety\"}]}]}<\/script>\n<!-- \/ Yoast SEO plugin. -->","yoast_head_json":{"title":"Fire Safety - Extin\u00e7or - Engenharia e Seguran\u00e7a, Lda. - Ponta Delgada","description":"Ensure your safety against fire and protect your home or business, safeguarding all the goods inside. Play it safe.","robots":{"index":"index","follow":"follow","max-snippet":"max-snippet:-1","max-image-preview":"max-image-preview:large","max-video-preview":"max-video-preview:-1"},"canonical":"https:\/\/extincor.pt\/en\/fire-safety\/","og_locale":"en_US","og_type":"article","og_title":"Fire Safety - Extin\u00e7or - Engenharia e Seguran\u00e7a, Lda. - Ponta Delgada","og_description":"Ensure your safety against fire and protect your home or business, safeguarding all the goods inside. Play it safe.","og_url":"https:\/\/extincor.pt\/en\/fire-safety\/","og_site_name":"Extin\u00e7or - Engenharia e Seguran\u00e7a, Lda. - Ponta Delgada","article_modified_time":"2022-03-30T16:29:22+00:00","twitter_card":"summary_large_image","schema":{"@context":"https:\/\/schema.org","@graph":[{"@type":"WebSite","@id":"https:\/\/extincor.pt\/#website","url":"https:\/\/extincor.pt\/","name":"Extin\u00e7or - Engenharia e Seguran\u00e7a, Lda. - Ponta Delgada","description":"Comercializa\u00e7\u00e3o e manuten\u00e7\u00e3o de extintores - Ponta Delgada","potentialAction":[{"@type":"SearchAction","target":{"@type":"EntryPoint","urlTemplate":"https:\/\/extincor.pt\/?s={search_term_string}"},"query-input":"required name=search_term_string"}],"inLanguage":"en-US"},{"@type":"WebPage","@id":"https:\/\/extincor.pt\/en\/fire-safety\/#webpage","url":"https:\/\/extincor.pt\/en\/fire-safety\/","name":"Fire Safety - Extin\u00e7or - Engenharia e Seguran\u00e7a, Lda. - Ponta Delgada","isPartOf":{"@id":"https:\/\/extincor.pt\/#website"},"datePublished":"2021-08-30T14:42:19+00:00","dateModified":"2022-03-30T16:29:22+00:00","description":"Ensure your safety against fire and protect your home or business, safeguarding all the goods inside. Play it safe.","breadcrumb":{"@id":"https:\/\/extincor.pt\/en\/fire-safety\/#breadcrumb"},"inLanguage":"en-US","potentialAction":[{"@type":"ReadAction","target":["https:\/\/extincor.pt\/en\/fire-safety\/"]}]},{"@type":"BreadcrumbList","@id":"https:\/\/extincor.pt\/en\/fire-safety\/#breadcrumb","itemListElement":[{"@type":"ListItem","position":1,"name":"Home","item":"https:\/\/extincor.pt\/en\/"},{"@type":"ListItem","position":2,"name":"Fire Safety"}]}]}},"_links":{"self":[{"href":"https:\/\/extincor.pt\/en\/wp-json\/wp\/v2\/pages\/770"}],"collection":[{"href":"https:\/\/extincor.pt\/en\/wp-json\/wp\/v2\/pages"}],"about":[{"href":"https:\/\/extincor.pt\/en\/wp-json\/wp\/v2\/types\/page"}],"author":[{"embeddable":true,"href":"https:\/\/extincor.pt\/en\/wp-json\/wp\/v2\/users\/1"}],"replies":[{"embeddable":true,"href":"https:\/\/extincor.pt\/en\/wp-json\/wp\/v2\/comments?post=770"}],"version-history":[{"count":3,"href":"https:\/\/extincor.pt\/en\/wp-json\/wp\/v2\/pages\/770\/revisions"}],"predecessor-version":[{"id":2706,"href":"https:\/\/extincor.pt\/en\/wp-json\/wp\/v2\/pages\/770\/revisions\/2706"}],"wp:attachment":[{"href":"https:\/\/extincor.pt\/en\/wp-json\/wp\/v2\/media?parent=770"}],"curies":[{"name":"wp","href":"https:\/\/api.w.org\/{rel}","templated":true}]}}