{"id":451,"date":"2020-06-05T06:07:07","date_gmt":"2020-06-05T06:07:07","guid":{"rendered":"http:\/\/extincor.pt\/blog\/"},"modified":"2022-03-23T13:07:09","modified_gmt":"2022-03-23T13:07:09","slug":"blog-extincor-safe-house","status":"publish","type":"page","link":"https:\/\/extincor.pt\/en\/blog-extincor-safe-house\/","title":{"rendered":"Blog"},"content":{"rendered":"\t\t<div data-elementor-type=\"wp-page\" data-elementor-id=\"451\" class=\"elementor elementor-451 elementor-55\" data-elementor-settings=\"[]\">\n\t\t\t\t\t\t\t<div class=\"elementor-section-wrap\">\n\t\t\t\t\t\t\t<section class=\"elementor-section elementor-top-section elementor-element elementor-element-d937f83 dsvy-col-stretched-none dsvy-bg-color-over-image elementor-section-boxed elementor-section-height-default elementor-section-height-default\" data-id=\"d937f83\" data-element_type=\"section\">\n\t\t\t\t\t\t<div class=\"elementor-container elementor-column-gap-default\">\n\t\t\t\t\t<div class=\"elementor-column elementor-col-100 elementor-top-column elementor-element elementor-element-e7d17d3 dsvy-bg-color-over-image\" data-id=\"e7d17d3\" data-element_type=\"column\">\n\t\t\t<div class=\"elementor-widget-wrap elementor-element-populated\">\n\t\t\t\t\t\t\t\t<div class=\"elementor-element elementor-element-8921a16 elementor-widget elementor-widget-dsvy_blog_element\" data-id=\"8921a16\" data-element_type=\"widget\" data-widget_type=\"dsvy_blog_element.default\">\n\t\t\t\t<div class=\"elementor-widget-container\">\n\t\t\t\r\n\t\t<div class=\"designervily-element designervily-element-blog dsvy-element-blog-style-1 designervily-element-viewtype-row-column designervily-gap-15px\" data-show=\"9\" data-columns=\"3\" data-loop=\"false\" data-autoplay=\"false\" data-center=\"false\" data-nav=\"false\" data-dots=\"false\" data-autoplayspeed=\"1000\" data-margin=\"15px\"><div class=\"designervily-element-inner\">\r\n\t\t\r\n\t\t\t<div class=\"dsvy-ele-header-area\">\r\n\t\t\t\t\t<div class=\"dsvy-heading-subheading left-align \"><\/div>\r\n\t\t\t\t\r\n\t\t\t<\/div>\r\n\r\n\t\t\t<div class=\"dsvy-element-posts-wrapper row multi-columns-row\">\r\n\r\n\t\t\t<article class=\"dsvy-ele dsvy-ele-blog dsvy-blog-style-1 col-md-4 safety dsvy-odd dsvy-col-odd\"><div class=\"post-item\">\r\n\t<div class=\"dsvy-featured-container\">\r\n\t\t<div class=\"dsvy-featured-wrapper\"><a href=\"https:\/\/extincor.pt\/en\/how-to-use-a-fire-extinguisher-safely\/\"><img loading=\"lazy\" width=\"770\" height=\"500\" src=\"https:\/\/extincor.pt\/wp-content\/uploads\/2022\/03\/A7I00962-770x500.jpg\" class=\"attachment-dsvy-img-770x500 size-dsvy-img-770x500 wp-post-image\" alt=\"\" \/><\/a><\/div>\t\t\t\r\n\t<\/div>\r\n\t<div class=\"designervily-box-content\">\t\r\n\t\t<div class=\"dsvy-meta-container\">\r\n\r\n\t\t\t<div class=\"dsvy-meta-date-wrapper dsvy-meta-line\">\t\t\t\t\t\r\n\t\t\t\t<span>23 .  Mar . 2022<\/span>\r\n\t\t\t<\/div>\t\t\t\t\r\n\r\n\t\t\t\t\t\t\t\r\n\t\t\t\t\t<\/div>\r\n\t\t<h3 class=\"dsvy-post-title\"><a href=\"https:\/\/extincor.pt\/en\/how-to-use-a-fire-extinguisher-safely\/\">How to use a fire extinguisher safely<\/a><\/h3>\r\n\t\t<div class=\"designervily-box-desc\">\t\r\n\t\t\t<div class=\"dsvy-read-more-link\"><a href=\"https:\/\/extincor.pt\/en\/how-to-use-a-fire-extinguisher-safely\/\"><span>Read More<\/span><\/a><\/div>\t\r\n\t\t<\/div>\r\n\t<\/div>\r\n<\/div><\/article>\r\n\t\t\t<\/div>\r\n\r\n\t\t\t\r\n\t\t\r\n\t\t<\/div><!-- .designervily-element-inner -->   <\/div><!-- .designervily-element -->  \r\n\t    \t\t<\/div>\n\t\t\t\t<\/div>\n\t\t\t\t\t<\/div>\n\t\t<\/div>\n\t\t\t\t\t\t\t<\/div>\n\t\t<\/section>\n\t\t\t\t\t\t<\/div>\n\t\t\t\t\t<\/div>\n\t\t","protected":false},"excerpt":{"rendered":"<p>03Jun20 Get The best security Out Of our Security list Read More 03Jun20 Latest Equipment For Monitoring &amp; security Read More 03Jun20 Quickly Respond To Protection Fire On Building Read More 26May20 How to manage Risk Monitoring of Event Security Read More 26May20 Benefits of Having caring Security Professional Read More 29Jun19 How We give protection for Your Event Security Read More 18Jun19 What it the Security and what Value[&hellip;]<\/p>\n","protected":false},"author":1,"featured_media":0,"parent":0,"menu_order":14,"comment_status":"closed","ping_status":"closed","template":"","meta":[],"yoast_head":"<!-- This site is optimized with the Yoast SEO plugin v17.5 - https:\/\/yoast.com\/wordpress\/plugins\/seo\/ -->\n<title>Blog - Extin\u00e7or - Engenharia e Seguran\u00e7a, Lda. - Ponta Delgada<\/title>\n<meta name=\"description\" content=\"You can&#039;t be too careful when we want to ensure a safe house. This is our blog, where your safety comes first.\" \/>\n<meta name=\"robots\" content=\"index, follow, max-snippet:-1, max-image-preview:large, max-video-preview:-1\" \/>\n<link rel=\"canonical\" href=\"https:\/\/extincor.pt\/en\/blog-extincor-safe-house\/\" \/>\n<meta property=\"og:locale\" content=\"en_US\" \/>\n<meta property=\"og:type\" content=\"article\" \/>\n<meta property=\"og:title\" content=\"Blog - Extin\u00e7or - Engenharia e Seguran\u00e7a, Lda. - Ponta Delgada\" \/>\n<meta property=\"og:description\" content=\"You can&#039;t be too careful when we want to ensure a safe house. This is our blog, where your safety comes first.\" \/>\n<meta property=\"og:url\" content=\"https:\/\/extincor.pt\/en\/blog-extincor-safe-house\/\" \/>\n<meta property=\"og:site_name\" content=\"Extin\u00e7or - Engenharia e Seguran\u00e7a, Lda. - Ponta Delgada\" \/>\n<meta property=\"article:modified_time\" content=\"2022-03-23T13:07:09+00:00\" \/>\n<meta property=\"og:image\" content=\"http:\/\/digicop.designervily.com\/demo1\/wp-content\/uploads\/sites\/2\/2020\/06\/blog-01-770x500.jpg\" \/>\n<meta name=\"twitter:card\" content=\"summary_large_image\" \/>\n<script type=\"application\/ld+json\" class=\"yoast-schema-graph\">{\"@context\":\"https:\/\/schema.org\",\"@graph\":[{\"@type\":\"WebSite\",\"@id\":\"https:\/\/extincor.pt\/#website\",\"url\":\"https:\/\/extincor.pt\/\",\"name\":\"Extin\\u00e7or - Engenharia e Seguran\\u00e7a, Lda. - Ponta Delgada\",\"description\":\"Comercializa\\u00e7\\u00e3o e manuten\\u00e7\\u00e3o de extintores - Ponta Delgada\",\"potentialAction\":[{\"@type\":\"SearchAction\",\"target\":{\"@type\":\"EntryPoint\",\"urlTemplate\":\"https:\/\/extincor.pt\/?s={search_term_string}\"},\"query-input\":\"required name=search_term_string\"}],\"inLanguage\":\"en-US\"},{\"@type\":\"ImageObject\",\"@id\":\"https:\/\/extincor.pt\/en\/blog-extincor-safe-house\/#primaryimage\",\"inLanguage\":\"en-US\",\"url\":\"http:\/\/digicop.designervily.com\/demo1\/wp-content\/uploads\/sites\/2\/2020\/06\/blog-01-770x500.jpg\",\"contentUrl\":\"http:\/\/digicop.designervily.com\/demo1\/wp-content\/uploads\/sites\/2\/2020\/06\/blog-01-770x500.jpg\"},{\"@type\":\"WebPage\",\"@id\":\"https:\/\/extincor.pt\/en\/blog-extincor-safe-house\/#webpage\",\"url\":\"https:\/\/extincor.pt\/en\/blog-extincor-safe-house\/\",\"name\":\"Blog - Extin\\u00e7or - Engenharia e Seguran\\u00e7a, Lda. - Ponta Delgada\",\"isPartOf\":{\"@id\":\"https:\/\/extincor.pt\/#website\"},\"primaryImageOfPage\":{\"@id\":\"https:\/\/extincor.pt\/en\/blog-extincor-safe-house\/#primaryimage\"},\"datePublished\":\"2020-06-05T06:07:07+00:00\",\"dateModified\":\"2022-03-23T13:07:09+00:00\",\"description\":\"You can't be too careful when we want to ensure a safe house. This is our blog, where your safety comes first.\",\"breadcrumb\":{\"@id\":\"https:\/\/extincor.pt\/en\/blog-extincor-safe-house\/#breadcrumb\"},\"inLanguage\":\"en-US\",\"potentialAction\":[{\"@type\":\"ReadAction\",\"target\":[\"https:\/\/extincor.pt\/en\/blog-extincor-safe-house\/\"]}]},{\"@type\":\"BreadcrumbList\",\"@id\":\"https:\/\/extincor.pt\/en\/blog-extincor-safe-house\/#breadcrumb\",\"itemListElement\":[{\"@type\":\"ListItem\",\"position\":1,\"name\":\"Home\",\"item\":\"https:\/\/extincor.pt\/en\/\"},{\"@type\":\"ListItem\",\"position\":2,\"name\":\"Blog\"}]}]}<\/script>\n<!-- \/ Yoast SEO plugin. -->","yoast_head_json":{"title":"Blog - Extin\u00e7or - Engenharia e Seguran\u00e7a, Lda. - Ponta Delgada","description":"You can't be too careful when we want to ensure a safe house. This is our blog, where your safety comes first.","robots":{"index":"index","follow":"follow","max-snippet":"max-snippet:-1","max-image-preview":"max-image-preview:large","max-video-preview":"max-video-preview:-1"},"canonical":"https:\/\/extincor.pt\/en\/blog-extincor-safe-house\/","og_locale":"en_US","og_type":"article","og_title":"Blog - Extin\u00e7or - Engenharia e Seguran\u00e7a, Lda. - Ponta Delgada","og_description":"You can't be too careful when we want to ensure a safe house. This is our blog, where your safety comes first.","og_url":"https:\/\/extincor.pt\/en\/blog-extincor-safe-house\/","og_site_name":"Extin\u00e7or - Engenharia e Seguran\u00e7a, Lda. - Ponta Delgada","article_modified_time":"2022-03-23T13:07:09+00:00","og_image":[{"url":"http:\/\/digicop.designervily.com\/demo1\/wp-content\/uploads\/sites\/2\/2020\/06\/blog-01-770x500.jpg"}],"twitter_card":"summary_large_image","schema":{"@context":"https:\/\/schema.org","@graph":[{"@type":"WebSite","@id":"https:\/\/extincor.pt\/#website","url":"https:\/\/extincor.pt\/","name":"Extin\u00e7or - Engenharia e Seguran\u00e7a, Lda. - Ponta Delgada","description":"Comercializa\u00e7\u00e3o e manuten\u00e7\u00e3o de extintores - Ponta Delgada","potentialAction":[{"@type":"SearchAction","target":{"@type":"EntryPoint","urlTemplate":"https:\/\/extincor.pt\/?s={search_term_string}"},"query-input":"required name=search_term_string"}],"inLanguage":"en-US"},{"@type":"ImageObject","@id":"https:\/\/extincor.pt\/en\/blog-extincor-safe-house\/#primaryimage","inLanguage":"en-US","url":"http:\/\/digicop.designervily.com\/demo1\/wp-content\/uploads\/sites\/2\/2020\/06\/blog-01-770x500.jpg","contentUrl":"http:\/\/digicop.designervily.com\/demo1\/wp-content\/uploads\/sites\/2\/2020\/06\/blog-01-770x500.jpg"},{"@type":"WebPage","@id":"https:\/\/extincor.pt\/en\/blog-extincor-safe-house\/#webpage","url":"https:\/\/extincor.pt\/en\/blog-extincor-safe-house\/","name":"Blog - Extin\u00e7or - Engenharia e Seguran\u00e7a, Lda. - Ponta Delgada","isPartOf":{"@id":"https:\/\/extincor.pt\/#website"},"primaryImageOfPage":{"@id":"https:\/\/extincor.pt\/en\/blog-extincor-safe-house\/#primaryimage"},"datePublished":"2020-06-05T06:07:07+00:00","dateModified":"2022-03-23T13:07:09+00:00","description":"You can't be too careful when we want to ensure a safe house. This is our blog, where your safety comes first.","breadcrumb":{"@id":"https:\/\/extincor.pt\/en\/blog-extincor-safe-house\/#breadcrumb"},"inLanguage":"en-US","potentialAction":[{"@type":"ReadAction","target":["https:\/\/extincor.pt\/en\/blog-extincor-safe-house\/"]}]},{"@type":"BreadcrumbList","@id":"https:\/\/extincor.pt\/en\/blog-extincor-safe-house\/#breadcrumb","itemListElement":[{"@type":"ListItem","position":1,"name":"Home","item":"https:\/\/extincor.pt\/en\/"},{"@type":"ListItem","position":2,"name":"Blog"}]}]}},"_links":{"self":[{"href":"https:\/\/extincor.pt\/en\/wp-json\/wp\/v2\/pages\/451"}],"collection":[{"href":"https:\/\/extincor.pt\/en\/wp-json\/wp\/v2\/pages"}],"about":[{"href":"https:\/\/extincor.pt\/en\/wp-json\/wp\/v2\/types\/page"}],"author":[{"embeddable":true,"href":"https:\/\/extincor.pt\/en\/wp-json\/wp\/v2\/users\/1"}],"replies":[{"embeddable":true,"href":"https:\/\/extincor.pt\/en\/wp-json\/wp\/v2\/comments?post=451"}],"version-history":[{"count":2,"href":"https:\/\/extincor.pt\/en\/wp-json\/wp\/v2\/pages\/451\/revisions"}],"predecessor-version":[{"id":2310,"href":"https:\/\/extincor.pt\/en\/wp-json\/wp\/v2\/pages\/451\/revisions\/2310"}],"wp:attachment":[{"href":"https:\/\/extincor.pt\/en\/wp-json\/wp\/v2\/media?parent=451"}],"curies":[{"name":"wp","href":"https:\/\/api.w.org\/{rel}","templated":true}]}}